
{"id":9054,"date":"2022-08-12T10:33:23","date_gmt":"2022-08-12T10:33:23","guid":{"rendered":"https:\/\/eu.mydrap.com\/politica-de-cookies\/"},"modified":"2024-03-27T10:03:42","modified_gmt":"2024-03-27T10:03:42","slug":"politica-dei-cookie","status":"publish","type":"page","link":"https:\/\/eu.mydrap.com\/it\/politica-dei-cookie\/","title":{"rendered":"Politica dei cookie"},"content":{"rendered":"\n<p>TEXIA SEAMLESS, SLU si impegna a rispettare la privacy dei suoi utenti e a proteggere i dati personali che questi potrebbero fornire a TEXIA SEAMLESS, SLU e\/o che i cookie potrebbero ottenere.<\/p>\n\n\n\n<p>In questo documento troverai tutte le informazioni sui cookie che utilizziamo. In segno di impegno nei confronti della normativa sulla protezione dei dati, TEXIA SEAMLESS, SLU mette a disposizione permanente dell&#8217;utente le informazioni relative alla nostra politica sui cookie.<\/p>\n\n\n\n<figure class=\"wp-block-table\"><table><tbody><tr><td>TEXIA SEAMLESS, SLU ( in vai avanti , MY DRAP )NIF: B-62.158.779Zona Industriale El Mas, s\/nMonistrol de Montserrat ( 08691 &#8211; Barcellona )mydrap.com<\/td><\/tr><\/tbody><\/table><\/figure>\n\n\n\n<p><strong>Cosa sono i cookie?<\/strong><\/p>\n\n\n\n<p>Un cookie \u00e8 un piccolo file che viene memorizzato sul dispositivo dell&#8217;utente con le informazioni di navigazione.<\/p>\n\n\n\n<p>Si informa l&#8217;utente che questo sito utilizza cookie e\/o tecnologie simili che archiviano e recuperano informazioni durante la navigazione. In generale, queste tecnologie possono servire a scopi molto diversi, come, ad esempio, riconoscerti come utente, ottenere informazioni sulle tue abitudini di navigazione, personalizzare il modo in cui vengono visualizzati i contenuti, la lingua di navigazione dell&#8217;utente, il Paese, il login , caratteristiche del browser o anche informazioni sulla data e l&#8217;ora dell&#8217;ultima visita, parametri di traffico all&#8217;interno del sito web e numero di visite.<\/p>\n\n\n\n<p>Gli usi specifici che facciamo di queste tecnologie sono descritti nella tabella dei cookie contenuta in questa policy.<\/p>\n\n\n\n<p><strong>Quali tipi di cookie esistono?<\/strong><\/p>\n\n\n\n<p><strong>Secondo il suo scopo:<\/strong><\/p>\n\n\n\n<ul class=\"wp-block-list\">\n<li><strong>Tecniche <\/strong>: Sono quelle necessarie per la navigazione e il corretto funzionamento del sito web. Permettono, ad esempio, di controllare il traffico e la comunicazione dei dati, di accedere a parti ad accesso riservato, di eseguire il processo di acquisto di un ordine, di utilizzare elementi di sicurezza, ecc. Questi cookie non richiedono il consenso dell&#8217;utente per la loro installazione, come stabilito nella Guida ai cookie dell&#8217;Agenzia spagnola per la protezione dei dati e la normativa vigente.<\/li>\n\n\n\n<li><strong>Personalizzazione <\/strong>: sono quelli che consentono l&#8217;accesso al servizio con caratteristiche predefinite in base a una serie di criteri, come la lingua, il tipo di browser attraverso il quale si accede al servizio, la configurazione regionale da cui si accede al servizio, ecc. Questi cookie non richiedono il consenso dell&#8217;utente per la loro installazione, come stabilito nella Guida ai cookie dell&#8217;Agenzia spagnola per la protezione dei dati e la normativa vigente.<\/li>\n\n\n\n<li><strong>Analisi <\/strong>: sono quelli che consentono di quantificare il numero di utenti per effettuare la misurazione e l&#8217;analisi statistica dell&#8217;utilizzo fatto dagli utenti del servizio offerto. Per fare ci\u00f2, la navigazione dell&#8217;utente sul sito web viene analizzata al fine di migliorare la gamma di prodotti o servizi offerti.<\/li>\n\n\n\n<li><strong>Pubblicit\u00e0 comportamentale <\/strong>: sono quelle che memorizzano informazioni sul comportamento dell&#8217;utente ottenute attraverso l&#8217;osservazione continua delle sue abitudini di navigazione, che consente lo sviluppo di un profilo specifico per visualizzare pubblicit\u00e0 basata su di esso .<\/li>\n\n\n\n<li><strong>Pubblicit\u00e0 <\/strong>: questi cookie consentono la gestione degli spazi pubblicitari inclusi in questo sito Web , come, ad esempio, la frequenza con cui vengono visualizzati gli annunci pubblicitari.<\/li>\n<\/ul>\n\n\n\n<p><strong>A seconda del periodo di tempo in cui rimangono attivi:<\/strong><\/p>\n\n\n\n<ul class=\"wp-block-list\">\n<li><strong>Cookie di sessione <\/strong>: sono cookie temporanei che rimangono nel file cookie del browser finch\u00e9 non si lascia il sito Web, quindi nessuno viene registrato nella memoria del dispositivo. Le informazioni ottenute tramite questi cookie vengono utilizzate per analizzare i modelli di traffico sul web. A lungo termine, ti consente di fornire un&#8217;esperienza migliore per migliorare il contenuto e renderlo pi\u00f9 facile da usare. Puoi identificare i cookie di sessione nella tabella inclusa in questa policy, alla voce \u201cAl termine della sessione di navigazione\u201d.<\/li>\n\n\n\n<li><strong>Cookie persistenti <\/strong>: vengono memorizzati sul dispositivo e il sito li legge ogni volta che viene effettuata una nuova visita. Un cookie permanente ha una data di scadenza specifica, che pu\u00f2 variare a seconda della funzionalit\u00e0 per la quale \u00e8 stato assegnato. Il cookie smetter\u00e0 di funzionare dopo tale data. Puoi vedere le informazioni riguardanti la durata dei cookie persistenti nella tabella inclusa in questa policy.<\/li>\n<\/ul>\n\n\n\n<p><strong>A seconda di chi li gestisce:<\/strong><\/p>\n\n\n\n<ul class=\"wp-block-list\">\n<li><strong>Cookie propri <\/strong>: sono quei cookie che vengono memorizzati sul dispositivo dell&#8217;utente dalle nostre apparecchiature o domini e da cui viene fornito il servizio appropriato del sito web.<\/li>\n\n\n\n<li><strong>Cookie di terze parti <\/strong>: sono quei cookie che vengono memorizzati sui dispositivi dell&#8217;utente e che non sono gestiti da MY DRAP , ma da una terza parte che collabora. A titolo esemplificativo sono quei cookie utilizzati dai social network, dalla visualizzazione di video o dalle informazioni fornite da Google Maps per localizzarci.<\/li>\n<\/ul>\n\n\n\n<p>Si tenga presente che se si accettano cookie di terze parti \u00e8 necessario cancellarli dalle opzioni del browser o dal sistema offerto dalla terza parte stessa.<\/p>\n\n\n\n<p><strong>Chi utilizza le informazioni memorizzate nei cookie?<\/strong><\/p>\n\n\n\n<p>MY DRAP utilizza le informazioni memorizzate nei cookie di questo <em>sito <\/em>esclusivamente per noi, ad eccezione dei cookie identificati di seguito come gestiti da &#8220;Terze parti&#8221;, che vengono utilizzati e gestiti da entit\u00e0 esterne per fornirci i servizi da noi richiesti, al fine di aiutarci a migliorare i nostri servizi e l&#8217;esperienza dell&#8217;utente durante l&#8217;utilizzo del nostro <em>sito web <\/em>. Nel paragrafo successivo vengono specificate le tipologie di cookie utilizzate da terze parti.<\/p>\n\n\n\n<p><strong>Per quanto tempo conserviamo le informazioni raccolte con i cookie?<\/strong><\/p>\n\n\n\n<p>I dati personali saranno conservati fino a quando resteranno in vigore le autorizzazioni concesse dall&#8217;utente o fino alla scadenza del periodo di funzionalit\u00e0 del cookie, in conformit\u00e0 con la normativa sulla protezione dei dati e la legge 34\/2002, dell&#8217;11 luglio, sui servizi della societ\u00e0 dell&#8217;informazione e del commercio elettronico. \u00c8 possibile consultare la tabella dettagliata dei cookie utilizzati su questo <em>sito <\/em>per saperne di pi\u00f9 sulla conservazione delle informazioni raccolte.<\/p>\n\n\n\n<p><strong>Qual \u00e8 la base giuridica per la gestione dei cookie?<\/strong><\/p>\n\n\n\n<p>La base giuridica del trattamento \u00e8 il consenso, che potr\u00e0 essere gestito e\/o revocato secondo le istruzioni contenute nel presente documento.<\/p>\n\n\n\n<p><strong>Quali cookie specifici utilizza questo <\/strong><strong><em>sito <\/em><\/strong><strong>e per quali scopi?<\/strong><\/p>\n\n\n\n<p>MY DRAP , attraverso questo <em>sito <\/em>, utilizza i seguenti cookie:<\/p>\n\n\n\n\n\n\n<p><strong>I cookie vengono trasferiti verso paesi terzi ?<\/strong><\/p>\n\n\n\n<p>In generale, i cookie utilizzati non vengono trasferiti in paesi situati al di fuori dello Spazio Economico Europeo. In alcuni casi, i trasferimenti di dati possono essere effettuati da fornitori di servizi situati al di fuori dello Spazio Economico Europeo, ma rispettando le garanzie adeguate, come stabilito nell\u2019articolo 46.2 del Regolamento generale sulla protezione dei dati dell\u2019Unione Europea (GDPR) e conservando sempre i tuoi dati . sicuro, garantendo un livello di protezione paragonabile a quello dell\u2019Unione Europea.<\/p>\n\n\n\n<p>Per i cookie utilizzati da terze parti \u00e8 possibile consultare la loro cookie policy nella tabella dei cookie specificata in questo documento.<\/p>\n\n\n\n<p><strong>Come disattivare i cookie?<\/strong><\/p>\n\n\n\n<p>Accedendo al <em>sito <\/em>, l&#8217;utente vedr\u00e0 un avviso sui cookie in cui sar\u00e0 informato su come pu\u00f2 acconsentire o rifiutare la loro installazione .<\/p>\n\n\n\n<p>Allo stesso modo, l&#8217;utente, in qualsiasi momento, potr\u00e0 disabilitare o cancellare i cookie utilizzati su questo <em>sito web <\/em>attraverso la configurazione del browser utilizzato sul proprio dispositivo. Di seguito forniamo informazioni su come attivare e disattivare i cookie nei principali browser web:<\/p>\n\n\n\n<ul class=\"wp-block-list\">\n<li><a href=\"https:\/\/support.google.com\/chrome\/answer\/95647?hl=es\">Impostazioni dei cookie per Google Chrome<\/a><\/li>\n\n\n\n<li><a href=\"https:\/\/support.google.com\/accounts\/answer\/61416?co=GENIE.Platform=Android&amp;hl=es\">Impostazioni dei cookie per Google Android<\/a><\/li>\n\n\n\n<li><a href=\"https:\/\/support.mozilla.org\/es\/kb\/cookies-informacion-que-los-sitios-web-guardan-en-?redirectlocale=en-US&amp;redirectslug=Cookies\">Impostazioni dei cookie per Mozilla Firefox<\/a><\/li>\n\n\n\n<li><a href=\"https:\/\/support.apple.com\/es-es\/HT201265\">Impostazioni dei cookie per Safari<\/a><\/li>\n\n\n\n<li><a href=\"https:\/\/support.microsoft.com\/es-es\/help\/4468242\/microsoft-edge-browsing-data-and-privacy#:~:text=Para%20borrar%20la%20informaci%C3%B3n%20de,lo%20que%20se%20debe%20borrar.\">Impostazioni dei cookie per Microsoft Edge<\/a><\/li>\n<\/ul>\n\n\n\n<p>L&#8217;utente deve tenere presente che alcune funzionalit\u00e0 dei contenuti del sito web sono disponibili solo se consente l&#8217;installazione dei cookie, pertanto l&#8217;utente \u00e8 informato che l&#8217;assenza di cookie, il loro blocco o la limitazione della loro installazione, potrebbe causare alcuni dei le funzionalit\u00e0 del sito web potrebbero non funzionare o potrebbero essere pi\u00f9 complicate o pi\u00f9 lente da accedere.<\/p>\n\n\n\n<p>Informiamo che \u00e8 possibile che il sistema di gestione dei cookie previsto per l&#8217;accettazione, il rifiuto o la configurazione dei cookie non consenta l&#8217;utilizzo di cookie di terze parti. In questo senso, se si accettano cookie di terze parti e si desidera successivamente cancellarli, ci\u00f2 dovr\u00e0 essere fatto dal browser stesso, secondo le specifiche dettagliate nei link presenti in questa sezione.<\/p>\n\n\n\n<p><strong>Diritti dell&#8217;utente<\/strong><\/p>\n\n\n\n<p>Gli utenti hanno i seguenti diritti in materia di protezione dei dati:<\/p>\n\n\n\n<figure class=\"wp-block-table\"><table><tbody><tr><td><strong>DIRITTO DI ACCESSO<\/strong><\/td><td>L&#8217;utente ha il diritto di ottenere da MY DRAP la conferma che sia o meno in corso un trattamento di dati personali che lo riguardano, nonch\u00e9 di accedere ai dati personali di cui MY DRAP ha a disposizione.<\/td><\/tr><tr><td><strong>DIRITTO DI RETTIFICA<\/strong><\/td><td>L&#8217;utente ha il diritto di richiedere a MY DRAP la rettifica dei dati inesatti che lo riguardano. Hai inoltre il diritto di far integrare i dati personali incompleti, anche mediante una dichiarazione integrativa.<\/td><\/tr><tr><td><strong>DIRITTO ALLA CANCELLAZIONE\/DIRITTO ALL&#8217;OBLIO<\/strong><\/td><td>L&#8217;utente avr\u00e0 il diritto di chiedere a MY DRAP di cancellare i dati personali che lo riguardano, sempre tenendo conto dei requisiti stabiliti dalla normativa vigente.<\/td><\/tr><tr><td><strong>DIRITTO DI LIMITAZIONE<\/strong><\/td><td>L\u2019utente avr\u00e0 il diritto di richiedere a MY DRAP la limitazione del trattamento dei dati personali, tenendo sempre conto dei requisiti stabiliti dalla normativa vigente.<\/td><\/tr><tr><td><strong>DIRITTO ALLA PORTABILIT\u00c0<\/strong><\/td><td>L&#8217;utente avr\u00e0 il diritto di ricevere da MY DRAP i dati personali che lo riguardano in un formato strutturato, di uso comune e leggibile da dispositivo automatico, e di trasmetterli ad un altro responsabile quando il trattamento si basa sul consenso o su un contratto, ed \u00e8 effettuato con modalit\u00e0 automatizzate.<\/td><\/tr><tr><td><strong>DIRITTO DI OPPOSIZIONE<\/strong><\/td><td>L&#8217;utente ha il diritto di opporsi al trattamento da parte di MY DRAP dei dati personali che lo riguardano quando sono trattati in base a un interesse pubblico o legittimo. In tal caso, MY DRAP interromper\u00e0 il trattamento dei dati, salvo validi motivi legittimi o l&#8217;esercizio o la difesa di eventuali reclami.<\/td><\/tr><tr><td><strong>DECISIONI INDIVIDUALI AUTOMATIZZATE<\/strong><\/td><td>L&#8217;utente avr\u00e0 il diritto di non essere soggetto a decisioni basate esclusivamente sul trattamento automatizzato, compresa la profilazione, che producano effetti giuridici su di lui o che lo incidano in modo simile in modo significativo, sempre tenendo conto dei requisiti stabiliti dalla normativa vigente, se applicabile. il caso.<\/td><\/tr><tr><td><strong>DIRITTO DI PRESENTARE UN RECLAMO<\/strong><\/td><td>L&#8217;utente ha il diritto di presentare un reclamo al <a href=\"http:\/\/www.agpd.es\/portalwebAGPD\/index-ides-idphp.php\">Agenzia spagnola per la protezione dei dati<\/a> se ritieni che i diritti precedentemente espressi nella presente informativa sulla privacy siano violati o se ritieni che il trattamento dei dati personali che ti riguardano violi il Regolamento (UE) 2016\/679 del Parlamento Europeo e del Consiglio, del 27 aprile 2016 e la Legge Organica 3\/2018, del 5 dicembre, sulla protezione dei dati personali e la garanzia dei diritti digitali.<\/td><\/tr><\/tbody><\/table><\/figure>\n\n\n\n<p>L&#8217;utente o il suo rappresentante, legale o volontario, comprovando la propria identit\u00e0, nonch\u00e9 gli adeguati poteri di rappresentanza, potr\u00e0 esercitare i diritti sopra descritti inviando una comunicazione scritta all&#8217;indirizzo email gdpr@texia.com.<\/p>\n\n\n\n<p><strong>Minori<\/strong><\/p>\n\n\n\n<p>I minori di 14 anni non possono utilizzare i servizi disponibili su questo <em>sito web <\/em>senza la previa autorizzazione dei genitori, tutori o rappresentanti legali, che saranno gli unici responsabili di tutti gli atti compiuti attraverso questo <em>sito web <\/em>dai minori a loro affidati, compreso il completamento. dei moduli con i dati personali di detti minori e la marcatura, ove opportuno, delle caselle che li accompagnano.<\/p>\n\n\n\n<p>In questo senso, e nella misura in cui MY DRAP non ha la capacit\u00e0 di controllare se gli utenti siano o meno minorenni, devono essere i genitori, tutori o rappresentanti legali ad attivare i meccanismi necessari per impedire ai minori l&#8217;accesso a questo sito web <em>. <\/em>e\/o o fornire dati personali senza la tua supervisione, MY DRAP non si assume alcuna responsabilit\u00e0 al riguardo.<\/p>\n\n\n\n<p><strong>Modifiche alla politica sui cookie<\/strong><\/p>\n\n\n\n<p>La presente cookie policy potr\u00e0 essere aggiornata in qualsiasi momento in base alle esigenze proprie del sito web e alle future modifiche legislative in materia di privacy, diritto che si riserva esclusivamente MY DRAP .<\/p>\n\n\n\n<p>Qualora venga apportata tale modifica, MY DRAP informer\u00e0 l&#8217;utente delle modifiche in questione qualora siano significative per la sua privacy, affinch\u00e9 le modifiche introdotte possano essere riviste, al fine di valutare l&#8217;opportuno conferimento. In ogni caso, qualora per la gestione dei cookie sia necessario il consenso, il consenso sar\u00e0 richiesto all&#8217;utente secondo quanto previsto dalla normativa sulla protezione dei dati in ogni momento vigente.<\/p>\n\n\n\n<p>Per ulteriori informazioni, MY DRAP consiglia di leggere la sezione di aiuto del browser.<\/p>\n\n\n\n<p>Grazie mille e buona navigazione!<\/p>\n\n\n\n<p>Ultima modifica: 8 gennaio 2024<\/p>\n\n\n\n<a id=\"wt-cli-settings-btn\" tabindex=\"0\" role='button' style=\"border-bottom:1px solid; text-decoration:none;\" class=\"wt-cli-element cli_settings_button\"  >Configurar cookies<\/a>\n\n\n\n<p><\/p>\n","protected":false},"excerpt":{"rendered":"<p>TEXIA SEAMLESS, SLU si impegna a rispettare la privacy dei suoi utenti e a proteggere i dati personali che questi potrebbero fornire a TEXIA SEAMLESS, SLU e\/o che i cookie &hellip;<\/p>\n","protected":false},"author":1,"featured_media":0,"parent":0,"menu_order":4,"comment_status":"closed","ping_status":"closed","template":"","meta":{"_acf_changed":false,"footnotes":""},"class_list":["post-9054","page","type-page","status-publish","hentry"],"acf":[],"yoast_head":"<!-- This site is optimized with the Yoast SEO plugin v27.2 - https:\/\/yoast.com\/product\/yoast-seo-wordpress\/ -->\n<title>Politica dei cookie - MY DRAP<\/title>\n<meta name=\"description\" content=\"TEXIA SEAMLESS, SLU si impegna a rispettare la privacy dei suoi utenti e a proteggere i dati personali che questi potrebbero fornire a TEXIA SEAMLESS, SLU\" \/>\n<meta name=\"robots\" content=\"index, follow, max-snippet:-1, max-image-preview:large, max-video-preview:-1\" \/>\n<link rel=\"canonical\" href=\"https:\/\/eu.mydrap.com\/it\/politica-dei-cookie\/\" \/>\n<meta property=\"og:locale\" content=\"it_IT\" \/>\n<meta property=\"og:type\" content=\"article\" \/>\n<meta property=\"og:title\" content=\"Politica dei cookie - MY DRAP\" \/>\n<meta property=\"og:description\" content=\"TEXIA SEAMLESS, SLU si impegna a rispettare la privacy dei suoi utenti e a proteggere i dati personali che questi potrebbero fornire a TEXIA SEAMLESS, SLU\" \/>\n<meta property=\"og:url\" content=\"https:\/\/eu.mydrap.com\/it\/politica-dei-cookie\/\" \/>\n<meta property=\"og:site_name\" content=\"MY DRAP\" \/>\n<meta property=\"article:modified_time\" content=\"2024-03-27T10:03:42+00:00\" \/>\n<meta name=\"twitter:card\" content=\"summary_large_image\" \/>\n<meta name=\"twitter:label1\" content=\"Tempo di lettura stimato\" \/>\n\t<meta name=\"twitter:data1\" content=\"9 minuti\" \/>\n<script type=\"application\/ld+json\" class=\"yoast-schema-graph\">{\"@context\":\"https:\/\/schema.org\",\"@graph\":[{\"@type\":\"WebPage\",\"@id\":\"https:\/\/eu.mydrap.com\/it\/politica-dei-cookie\/\",\"url\":\"https:\/\/eu.mydrap.com\/it\/politica-dei-cookie\/\",\"name\":\"Politica dei cookie - MY DRAP\",\"isPartOf\":{\"@id\":\"https:\/\/eu.mydrap.com\/it\/#website\"},\"datePublished\":\"2022-08-12T10:33:23+00:00\",\"dateModified\":\"2024-03-27T10:03:42+00:00\",\"description\":\"TEXIA SEAMLESS, SLU si impegna a rispettare la privacy dei suoi utenti e a proteggere i dati personali che questi potrebbero fornire a TEXIA SEAMLESS, SLU\",\"breadcrumb\":{\"@id\":\"https:\/\/eu.mydrap.com\/it\/politica-dei-cookie\/#breadcrumb\"},\"inLanguage\":\"it-IT\",\"potentialAction\":[{\"@type\":\"ReadAction\",\"target\":[\"https:\/\/eu.mydrap.com\/it\/politica-dei-cookie\/\"]}]},{\"@type\":\"BreadcrumbList\",\"@id\":\"https:\/\/eu.mydrap.com\/it\/politica-dei-cookie\/#breadcrumb\",\"itemListElement\":[{\"@type\":\"ListItem\",\"position\":1,\"name\":\"Portada\",\"item\":\"https:\/\/eu.mydrap.com\/it\/\"},{\"@type\":\"ListItem\",\"position\":2,\"name\":\"Politica dei cookie\"}]},{\"@type\":\"WebSite\",\"@id\":\"https:\/\/eu.mydrap.com\/it\/#website\",\"url\":\"https:\/\/eu.mydrap.com\/it\/\",\"name\":\"MY DRAP\",\"description\":\"El detalle que marca la diferencia\",\"publisher\":{\"@id\":\"https:\/\/eu.mydrap.com\/it\/#organization\"},\"potentialAction\":[{\"@type\":\"SearchAction\",\"target\":{\"@type\":\"EntryPoint\",\"urlTemplate\":\"https:\/\/eu.mydrap.com\/it\/?s={search_term_string}\"},\"query-input\":{\"@type\":\"PropertyValueSpecification\",\"valueRequired\":true,\"valueName\":\"search_term_string\"}}],\"inLanguage\":\"it-IT\"},{\"@type\":\"Organization\",\"@id\":\"https:\/\/eu.mydrap.com\/it\/#organization\",\"name\":\"MY DRAP\",\"url\":\"https:\/\/eu.mydrap.com\/it\/\",\"logo\":{\"@type\":\"ImageObject\",\"inLanguage\":\"it-IT\",\"@id\":\"https:\/\/eu.mydrap.com\/it\/#\/schema\/logo\/image\/\",\"url\":\"https:\/\/eu.mydrap.com\/wp-content\/uploads\/logo_mydrap.png.webp\",\"contentUrl\":\"https:\/\/eu.mydrap.com\/wp-content\/uploads\/logo_mydrap.png.webp\",\"width\":182,\"height\":60,\"caption\":\"MY DRAP\"},\"image\":{\"@id\":\"https:\/\/eu.mydrap.com\/it\/#\/schema\/logo\/image\/\"}}]}<\/script>\n<!-- \/ Yoast SEO plugin. -->","yoast_head_json":{"title":"Politica dei cookie - MY DRAP","description":"TEXIA SEAMLESS, SLU si impegna a rispettare la privacy dei suoi utenti e a proteggere i dati personali che questi potrebbero fornire a TEXIA SEAMLESS, SLU","robots":{"index":"index","follow":"follow","max-snippet":"max-snippet:-1","max-image-preview":"max-image-preview:large","max-video-preview":"max-video-preview:-1"},"canonical":"https:\/\/eu.mydrap.com\/it\/politica-dei-cookie\/","og_locale":"it_IT","og_type":"article","og_title":"Politica dei cookie - MY DRAP","og_description":"TEXIA SEAMLESS, SLU si impegna a rispettare la privacy dei suoi utenti e a proteggere i dati personali che questi potrebbero fornire a TEXIA SEAMLESS, SLU","og_url":"https:\/\/eu.mydrap.com\/it\/politica-dei-cookie\/","og_site_name":"MY DRAP","article_modified_time":"2024-03-27T10:03:42+00:00","twitter_card":"summary_large_image","twitter_misc":{"Tempo di lettura stimato":"9 minuti"},"schema":{"@context":"https:\/\/schema.org","@graph":[{"@type":"WebPage","@id":"https:\/\/eu.mydrap.com\/it\/politica-dei-cookie\/","url":"https:\/\/eu.mydrap.com\/it\/politica-dei-cookie\/","name":"Politica dei cookie - MY DRAP","isPartOf":{"@id":"https:\/\/eu.mydrap.com\/it\/#website"},"datePublished":"2022-08-12T10:33:23+00:00","dateModified":"2024-03-27T10:03:42+00:00","description":"TEXIA SEAMLESS, SLU si impegna a rispettare la privacy dei suoi utenti e a proteggere i dati personali che questi potrebbero fornire a TEXIA SEAMLESS, SLU","breadcrumb":{"@id":"https:\/\/eu.mydrap.com\/it\/politica-dei-cookie\/#breadcrumb"},"inLanguage":"it-IT","potentialAction":[{"@type":"ReadAction","target":["https:\/\/eu.mydrap.com\/it\/politica-dei-cookie\/"]}]},{"@type":"BreadcrumbList","@id":"https:\/\/eu.mydrap.com\/it\/politica-dei-cookie\/#breadcrumb","itemListElement":[{"@type":"ListItem","position":1,"name":"Portada","item":"https:\/\/eu.mydrap.com\/it\/"},{"@type":"ListItem","position":2,"name":"Politica dei cookie"}]},{"@type":"WebSite","@id":"https:\/\/eu.mydrap.com\/it\/#website","url":"https:\/\/eu.mydrap.com\/it\/","name":"MY DRAP","description":"El detalle que marca la diferencia","publisher":{"@id":"https:\/\/eu.mydrap.com\/it\/#organization"},"potentialAction":[{"@type":"SearchAction","target":{"@type":"EntryPoint","urlTemplate":"https:\/\/eu.mydrap.com\/it\/?s={search_term_string}"},"query-input":{"@type":"PropertyValueSpecification","valueRequired":true,"valueName":"search_term_string"}}],"inLanguage":"it-IT"},{"@type":"Organization","@id":"https:\/\/eu.mydrap.com\/it\/#organization","name":"MY DRAP","url":"https:\/\/eu.mydrap.com\/it\/","logo":{"@type":"ImageObject","inLanguage":"it-IT","@id":"https:\/\/eu.mydrap.com\/it\/#\/schema\/logo\/image\/","url":"https:\/\/eu.mydrap.com\/wp-content\/uploads\/logo_mydrap.png.webp","contentUrl":"https:\/\/eu.mydrap.com\/wp-content\/uploads\/logo_mydrap.png.webp","width":182,"height":60,"caption":"MY DRAP"},"image":{"@id":"https:\/\/eu.mydrap.com\/it\/#\/schema\/logo\/image\/"}}]}},"_links":{"self":[{"href":"https:\/\/eu.mydrap.com\/it\/wp-json\/wp\/v2\/pages\/9054","targetHints":{"allow":["GET"]}}],"collection":[{"href":"https:\/\/eu.mydrap.com\/it\/wp-json\/wp\/v2\/pages"}],"about":[{"href":"https:\/\/eu.mydrap.com\/it\/wp-json\/wp\/v2\/types\/page"}],"author":[{"embeddable":true,"href":"https:\/\/eu.mydrap.com\/it\/wp-json\/wp\/v2\/users\/1"}],"replies":[{"embeddable":true,"href":"https:\/\/eu.mydrap.com\/it\/wp-json\/wp\/v2\/comments?post=9054"}],"version-history":[{"count":1,"href":"https:\/\/eu.mydrap.com\/it\/wp-json\/wp\/v2\/pages\/9054\/revisions"}],"predecessor-version":[{"id":15318,"href":"https:\/\/eu.mydrap.com\/it\/wp-json\/wp\/v2\/pages\/9054\/revisions\/15318"}],"wp:attachment":[{"href":"https:\/\/eu.mydrap.com\/it\/wp-json\/wp\/v2\/media?parent=9054"}],"curies":[{"name":"wp","href":"https:\/\/api.w.org\/{rel}","templated":true}]}}