
{"id":9044,"date":"2022-08-12T10:34:35","date_gmt":"2022-08-12T10:34:35","guid":{"rendered":"https:\/\/eu.mydrap.com\/avis-legal\/"},"modified":"2022-11-21T08:59:54","modified_gmt":"2022-11-21T08:59:54","slug":"note-legali","status":"publish","type":"page","link":"https:\/\/eu.mydrap.com\/it\/note-legali\/","title":{"rendered":"Note Legali"},"content":{"rendered":"\n<p>A norma dell\u2019articolo 10 della legge spagnola 34\/2002 dell\u201911 luglio sui servizi della societ\u00e0 dell\u2019informazione e del commercio elettronico, si notifica che il dominio<a href=\"https:\/\/mydrap.com\/\">&nbsp;http:\/\/mydrap.com<\/a>&nbsp;\u00e8 di titolarit\u00e0 della societ\u00e0 TEXIA SEAMLESS, S.L. (di seguito, MY DRAP), con C.F.\/P. IVA B-62158779, sede legale in Pol\u00edgono Industrial El Mas S\/N, (08691) Monistrol de Montserrat, Spagna; e-mail:&nbsp;info@mydrap.com.&nbsp;<\/p>\n\n\n\n<p>\u00c8 iscritta nel Registro delle Imprese di Barcellona al volume 38579, foglio 82, pagina B 327392, annotazione 4.<\/p>\n\n\n\n<h3 class=\"wp-block-heading\">CONDIZIONI GENERALI D\u2019USO<\/h3>\n\n\n\n<p>TEXIA SEAMLESS, S.L. \u00e8 una societ\u00e0 dedita al commercio di prodotti tessili, essendo MY DRAP uno dei suoi marchi registrati.<\/p>\n\n\n\n<p>L\u2019uso del Sito Web \u00e8 disciplinato dalle presenti Condizioni generali d\u2019uso, applicabili ai contenuti e ai servizi messi a disposizione degli Utenti. Per questo motivo, si prega di leggere attentamente le presenti Condizioni generali d\u2019uso perch\u00e9 contengono tutte le informazioni relative ai diritti e agli obblighi degli Utenti.<\/p>\n\n\n\n<p>Con il semplice accesso al Sito Web si acquisisce la qualit\u00e0 di \u201cUtente\u201d, intendendosi pertanto espressamente, automaticamente e volontariamente accettate le Condizioni generali d\u2019uso vigenti al momento in cui vi si accede. MY DRAP si riserva il diritto di modificare discrezionalmente e in qualsiasi momento le presenti Condizioni generali d\u2019uso per motivi legali o per decisione propria, impegnandosi a pubblicare o a notificare tali modifiche introdotte, modifiche che si intendono accettate in caso l\u2019Utente continui a usare il servizio. In caso un Utente abbonato alla nostra newsletter non sia d\u2019accordo con tali modifiche, ha comunque la possibilit\u00e0 di disdire l\u2019abbonamento seguendo l\u2019apposita procedura abilitata a tale scopo.<\/p>\n\n\n\n<p>Occasionalmente, con motivo dell\u2019inclusione di nuovi contenuti e\/o servizi specifici offerti sul Sito Web, le presenti Condizioni generali d\u2019uso potrebbero essere integrate o sostituite da Condizioni particolari. In caso di conflitto, devono prevalere le Condizioni particolari su quelle generali.<\/p>\n\n\n\n<p>MY DRAP si riserva altres\u00ec il diritto di modificare unilateralmente, in qualsiasi momento e senza preavviso, la struttura e il disegno del Sito Web, di modificarne o di cancellarne i servizi o i contenuti, nonch\u00e9 le Condizioni generali d\u2019uso dello stesso.<\/p>\n\n\n\n<h4 class=\"wp-block-heading\">OBBLIGHI E RESPONSABILIT\u00c0 DEGLI UTENTI<\/h4>\n\n\n\n<p>Usando il Sito Web l\u2019Utente si impegna a non violare la normativa vigente, la buona fede, gli usi comunemente accettati e l\u2019ordine pubblico. \u00c8 quindi vietato l\u2019uso del Sito Web per finalit\u00e0 illecite, ingannevoli, dolose o comunque pregiudizievoli nei confronti di MY DRAP e\/o di terzi.<\/p>\n\n\n\n<p>L\u2019uso del Sito Web deve essere adeguato e corretto, l\u2019Utente si impegna quindi ad astenersi da qualsiasi comportamento suscettibile di danneggiare l\u2019immagine, gli interessi e\/o i diritti di MY DRAP e\/o di terzi, o di danneggiare, rendere inutilizzabile o sovraccaricare il Sito Web o di impedirne in alcun modo il suo normale uso. L\u2019Utente si impegna altres\u00ec ad astenersi dal cercare di accedere, usare e\/o manipolare i dati di MY DRAP.<\/p>\n\n\n\n<p>Riguardo ai contenuti e\/o ai servizi per i quali possa rendersi necessario fornire i dati personali dell\u2019Utente, quest\u2019ultimo si impegna a facilitare e a inserire informazioni veritiere e aggiornate. In tal senso, l\u2019Utente rimane l\u2019unico responsabile per ogni genere di dichiarazioni inesatte o false eventualmente rese, nonch\u00e9 per tutti i danni eventualmente cagionati a MY DRAP o a terzi derivanti da tali informazioni.<\/p>\n\n\n\n<p>MY DRAP dichiara di adottare le misure di sicurezza ragionevolmente adeguate per rilevare l\u2019esistenza di virus. L\u2019Utente ciononostante deve prendere atto che le misure di sicurezza dei sistemi informatici su Internet non sono totalmente affidabili, di conseguenza, MY DRAP non pu\u00f2 garantire la totale assenza di virus o di altri elementi suscettibili di provocare alterazioni nei sistemi informatici (software e hardware) o nei documenti elettronici e negli archivi dell\u2019Utente.<\/p>\n\n\n\n<p>L\u2019Utente a sua volta \u00e8 tenuto ad astenersi dall\u2019immettere o dal diffondere in rete virus informatici o altri sistemi fisici o logici suscettibili di causare danni ai sistemi fisici o logici di MY DRAP e\/o di terzi.<\/p>\n\n\n\n<p>MY DRAP si riserva infine il diritto di bloccare l\u2019accesso a qualsiasi Utente in presenza di eventuali indizi sull\u2019uso fraudolento dei servizi offerti, oltre a intraprendere le azioni legali necessarie a difesa dei propri interessi e diritti, nonch\u00e9 di sospendere temporaneamente e senza preavviso l\u2019accesso a<a href=\"https:\/\/mydrap.com\/\">&nbsp;www.mydrap.com<\/a>&nbsp;con motivo di attivit\u00e0 di manutenzione, riparazione, aggiornamento o miglioramento del Sito Web.<\/p>\n\n\n\n<h4 class=\"wp-block-heading\">PROPRIET\u00c0 INTELLETTUALE E INDUSTRIALE. AMMISSIBILIT\u00c0 DI BACKLINK\/HIPERLINK<\/h4>\n\n\n\n<p>I contenuti visualizzati su<a href=\"https:\/\/mydrap.com\/\">&nbsp;www.mydrap.com<\/a>&nbsp;e in particolare i disegni, testi, immagini o fotografie, grafici, loghi, icone, pulsanti, software, nomi commerciali, marchi o altri segni distintivi suscettibili di essere usati a livello commerciale o industriale, sono tutelati dalla normativa in materia propriet\u00e0 intellettuale e industriale e sono di propriet\u00e0 di MY DRAP o dei terzi titolari che ne abbiano autorizzato la loro inclusione sul Sito Web.<\/p>\n\n\n\n<p>L\u2019uso del Sito Web non implica in nessun caso la concessione in licenza o la rinuncia, il trasferimento, la cessione totale o parziale di tali diritti o la concessione di un diritto o aspettativa di diritto, in particolare, del diritto di modificare, sfruttare economicamente, riprodurre, distribuire o divulgare pubblicamente tali contenuti senza la previa autorizzazione espressa di MY DRAP o dei rispettivi titolari.<\/p>\n\n\n\n<p>In virt\u00f9 del presente documento l\u2019Utente da parte sua si impegna a non riprodurre in modo alcuno il Sito Web, cos\u00ec come qualunque dei suoi contenuti, senza la previa autorizzazione espressa per iscritto di MY DRAP.<\/p>\n\n\n\n<p>Ciononostante, all\u2019Utente viene concesso un diritto limitato, revocabile e non esclusivo di creare collegamenti ipertestuali solamente alla homepage del Sito Web e per uso esclusivamente privato e non commerciale (hyperlink\/backlink). I siti web esterni che includono link al Sito Web devono soddisfare determinati requisiti:<\/p>\n\n\n\n<ul class=\"wp-block-list\"><li>Non devono insinuare che MY DRAP raccomandi detti siti web esterni o i loro prodotti e servizi, n\u00e9 pubblicizzare un rapporto inesistente con MY DRAP.<\/li><li>Non devono includere contenuti considerati di cattivo gusto, osceni, offensivi, controversi, istiganti alla violenza o alla discriminazione sulla base del sesso, razza o religione o comunque illeciti o contrari all\u2019ordine pubblico.<\/li><li>devono rinviare direttamente al&nbsp;<em>Sito Web<\/em>, senza permettere che tali siti web esterni lo riproducano come parte del sito web esterno o nell\u2019ambito di uno dei loro \u201cframe\u201d o creando \u201cbrowser\u201d su qualsiasi delle pagine del&nbsp;<em>Sito Web<\/em>. MY DRAP si riserva il diritto di esigere, in qualsiasi momento, la rimozione di qualsiasi link al&nbsp;<em>Sito Web<\/em>, con il conseguente obbligo di procedervi immediatamente.<\/li><\/ul>\n\n\n\n<p>&nbsp;<br>MY DRAP non pu\u00f2 controllare le informazioni, i contenuti, i prodotti o i servizi forniti dai siti web esterni che abbiano stabilito un link al Sito Web. Per questo motivo, MY DRAP non assume alcuna responsabilit\u00e0 sotto qualunque aspetto per tali siti web esterni.<\/p>\n\n\n\n<p>MY DRAP autorizza comunque a instaurare dei link al Sito Web da qualsiasi altro sito web esterno senza la previa autorizzazione espressa di MY DRAP.<\/p>\n\n\n\n<h4 class=\"wp-block-heading\">ESENZIONE E LIMITAZIONE DI RESPONSABILIT\u00c0<\/h4>\n\n\n\n<p>MY DRAP non assume alcuna responsabilit\u00e0 per eventuali carenze del servizio del suo server o delle reti di comunicazione, n\u00e9 per eventuali problemi derivanti dal malfunzionamento o l\u2019uso di versioni non ottimizzate di qualsiasi tipo di browser. MY DRAP non assume alcuna responsabilit\u00e0 neppure in caso di impossibilit\u00e0 di prestare il servizio per interruzioni prolungate della fornitura di energia elettrica o delle linee di telecomunicazioni, n\u00e9 in caso di conflitti sociali, scioperi, esplosioni, inondazioni, atti e omissioni del governo e, in generale, ogni fattispecie di forza maggiore o di caso fortuito.<\/p>\n\n\n\n<p>Sia l\u2019accesso al Sito Web che l\u2019uso eventualmente fatto delle informazioni contenutevi avviene esclusivamente sotto la responsabilit\u00e0 dell\u2019Utente.<\/p>\n\n\n\n<p>MY DRAP pertanto non assume alcuna responsabilit\u00e0 per eventuali conseguenze, danni o perdite derivanti da tale accesso al Sito Web o dall\u2019uso delle informazioni contenutevi, essendo unicamente tenuta a eliminare, non appena possibile, i contenuti suscettibili di cagionare alcun tipo di danni o perdite, a condizione che le vengano notificati o ne venga a conoscenza.<\/p>\n\n\n\n<p>MY DRAP non assume alcuna responsabilit\u00e0 neppure per eventuali incidenti di sicurezza e i conseguenti danni al sistema informatico dell\u2019Utente, agli archivi e ai documenti memorizzati in esso, come conseguenza della presenza di virus nel terminale dell\u2019Utente usato per la connessione ai servizi e ai contenuti del Sito Web, di un malfunzionamento del browser o dell\u2019uso di versioni non aggiornate dello stesso, di guasti telefonici, di interferenze, di omissioni o di disconnessioni nel funzionamento del sistema operativo elettronico derivanti da cause estranee a MY DRAP.<\/p>\n\n\n\n<h4 class=\"wp-block-heading\">COMPOSIZIONE DI CONTROVERSIE E VERTENZE. LEGGE APPLICABILE E FORO COMPETENTE.<\/h4>\n\n\n\n<p>Le presenti Condizioni generali d\u2019uso sono disciplinate dalle leggi spagnole, in concreto, dalle normative sulla protezione dei dati personali (la legge organica 15\/1999 del 13 dicembre sulla protezione dei dati personali e il&nbsp;regolamento (UE) 2016\/679 del Parlamento europeo e del Consiglio, del 27 aprile del 2016, noto come Regolamento generale europeo sulla protezione dei dati o RGDP),&nbsp;nonch\u00e9 dalle normative in materia di commercio elettronico (legge 34\/2002 dell\u201911 luglio sui servizi della societ\u00e0 dell\u2019informazione e del commercio elettronico). Eventuali controversie o vertenze devono dirimersi dinanzi ai Tribunali della citt\u00e0 di Barcellona.<\/p>\n","protected":false},"excerpt":{"rendered":"<p>A norma dell\u2019articolo 10 della legge spagnola 34\/2002 dell\u201911 luglio sui servizi della societ\u00e0 dell\u2019informazione e del commercio elettronico, si notifica che il dominio&nbsp;http:\/\/mydrap.com&nbsp;\u00e8 di titolarit\u00e0 della societ\u00e0 TEXIA SEAMLESS, &hellip;<\/p>\n","protected":false},"author":1,"featured_media":0,"parent":0,"menu_order":3,"comment_status":"closed","ping_status":"closed","template":"","meta":{"_acf_changed":false,"footnotes":""},"class_list":["post-9044","page","type-page","status-publish","hentry"],"acf":[],"yoast_head":"<!-- This site is optimized with the Yoast SEO plugin v27.2 - https:\/\/yoast.com\/product\/yoast-seo-wordpress\/ -->\n<title>Note Legali - MY DRAP<\/title>\n<meta name=\"description\" content=\"A norma dell\u2019articolo 10 della legge spagnola 34\/2002 dell\u201911 luglio sui servizi della societ\u00e0 dell\u2019informazione e del commercio elettronico, si notifica\" \/>\n<meta name=\"robots\" content=\"index, follow, max-snippet:-1, max-image-preview:large, max-video-preview:-1\" \/>\n<link rel=\"canonical\" href=\"https:\/\/eu.mydrap.com\/it\/note-legali\/\" \/>\n<meta property=\"og:locale\" content=\"it_IT\" \/>\n<meta property=\"og:type\" content=\"article\" \/>\n<meta property=\"og:title\" content=\"Note Legali - MY DRAP\" \/>\n<meta property=\"og:description\" content=\"A norma dell\u2019articolo 10 della legge spagnola 34\/2002 dell\u201911 luglio sui servizi della societ\u00e0 dell\u2019informazione e del commercio elettronico, si notifica\" \/>\n<meta property=\"og:url\" content=\"https:\/\/eu.mydrap.com\/it\/note-legali\/\" \/>\n<meta property=\"og:site_name\" content=\"MY DRAP\" \/>\n<meta property=\"article:modified_time\" content=\"2022-11-21T08:59:54+00:00\" \/>\n<meta name=\"twitter:card\" content=\"summary_large_image\" \/>\n<meta name=\"twitter:label1\" content=\"Tempo di lettura stimato\" \/>\n\t<meta name=\"twitter:data1\" content=\"7 minuti\" \/>\n<script type=\"application\/ld+json\" class=\"yoast-schema-graph\">{\"@context\":\"https:\/\/schema.org\",\"@graph\":[{\"@type\":\"WebPage\",\"@id\":\"https:\/\/eu.mydrap.com\/it\/note-legali\/\",\"url\":\"https:\/\/eu.mydrap.com\/it\/note-legali\/\",\"name\":\"Note Legali - MY DRAP\",\"isPartOf\":{\"@id\":\"https:\/\/eu.mydrap.com\/it\/#website\"},\"datePublished\":\"2022-08-12T10:34:35+00:00\",\"dateModified\":\"2022-11-21T08:59:54+00:00\",\"description\":\"A norma dell\u2019articolo 10 della legge spagnola 34\/2002 dell\u201911 luglio sui servizi della societ\u00e0 dell\u2019informazione e del commercio elettronico, si notifica\",\"breadcrumb\":{\"@id\":\"https:\/\/eu.mydrap.com\/it\/note-legali\/#breadcrumb\"},\"inLanguage\":\"it-IT\",\"potentialAction\":[{\"@type\":\"ReadAction\",\"target\":[\"https:\/\/eu.mydrap.com\/it\/note-legali\/\"]}]},{\"@type\":\"BreadcrumbList\",\"@id\":\"https:\/\/eu.mydrap.com\/it\/note-legali\/#breadcrumb\",\"itemListElement\":[{\"@type\":\"ListItem\",\"position\":1,\"name\":\"Portada\",\"item\":\"https:\/\/eu.mydrap.com\/it\/\"},{\"@type\":\"ListItem\",\"position\":2,\"name\":\"Note Legali\"}]},{\"@type\":\"WebSite\",\"@id\":\"https:\/\/eu.mydrap.com\/it\/#website\",\"url\":\"https:\/\/eu.mydrap.com\/it\/\",\"name\":\"MY DRAP\",\"description\":\"El detalle que marca la diferencia\",\"publisher\":{\"@id\":\"https:\/\/eu.mydrap.com\/it\/#organization\"},\"potentialAction\":[{\"@type\":\"SearchAction\",\"target\":{\"@type\":\"EntryPoint\",\"urlTemplate\":\"https:\/\/eu.mydrap.com\/it\/?s={search_term_string}\"},\"query-input\":{\"@type\":\"PropertyValueSpecification\",\"valueRequired\":true,\"valueName\":\"search_term_string\"}}],\"inLanguage\":\"it-IT\"},{\"@type\":\"Organization\",\"@id\":\"https:\/\/eu.mydrap.com\/it\/#organization\",\"name\":\"MY DRAP\",\"url\":\"https:\/\/eu.mydrap.com\/it\/\",\"logo\":{\"@type\":\"ImageObject\",\"inLanguage\":\"it-IT\",\"@id\":\"https:\/\/eu.mydrap.com\/it\/#\/schema\/logo\/image\/\",\"url\":\"https:\/\/eu.mydrap.com\/wp-content\/uploads\/logo_mydrap.png.webp\",\"contentUrl\":\"https:\/\/eu.mydrap.com\/wp-content\/uploads\/logo_mydrap.png.webp\",\"width\":182,\"height\":60,\"caption\":\"MY DRAP\"},\"image\":{\"@id\":\"https:\/\/eu.mydrap.com\/it\/#\/schema\/logo\/image\/\"}}]}<\/script>\n<!-- \/ Yoast SEO plugin. -->","yoast_head_json":{"title":"Note Legali - MY DRAP","description":"A norma dell\u2019articolo 10 della legge spagnola 34\/2002 dell\u201911 luglio sui servizi della societ\u00e0 dell\u2019informazione e del commercio elettronico, si notifica","robots":{"index":"index","follow":"follow","max-snippet":"max-snippet:-1","max-image-preview":"max-image-preview:large","max-video-preview":"max-video-preview:-1"},"canonical":"https:\/\/eu.mydrap.com\/it\/note-legali\/","og_locale":"it_IT","og_type":"article","og_title":"Note Legali - MY DRAP","og_description":"A norma dell\u2019articolo 10 della legge spagnola 34\/2002 dell\u201911 luglio sui servizi della societ\u00e0 dell\u2019informazione e del commercio elettronico, si notifica","og_url":"https:\/\/eu.mydrap.com\/it\/note-legali\/","og_site_name":"MY DRAP","article_modified_time":"2022-11-21T08:59:54+00:00","twitter_card":"summary_large_image","twitter_misc":{"Tempo di lettura stimato":"7 minuti"},"schema":{"@context":"https:\/\/schema.org","@graph":[{"@type":"WebPage","@id":"https:\/\/eu.mydrap.com\/it\/note-legali\/","url":"https:\/\/eu.mydrap.com\/it\/note-legali\/","name":"Note Legali - MY DRAP","isPartOf":{"@id":"https:\/\/eu.mydrap.com\/it\/#website"},"datePublished":"2022-08-12T10:34:35+00:00","dateModified":"2022-11-21T08:59:54+00:00","description":"A norma dell\u2019articolo 10 della legge spagnola 34\/2002 dell\u201911 luglio sui servizi della societ\u00e0 dell\u2019informazione e del commercio elettronico, si notifica","breadcrumb":{"@id":"https:\/\/eu.mydrap.com\/it\/note-legali\/#breadcrumb"},"inLanguage":"it-IT","potentialAction":[{"@type":"ReadAction","target":["https:\/\/eu.mydrap.com\/it\/note-legali\/"]}]},{"@type":"BreadcrumbList","@id":"https:\/\/eu.mydrap.com\/it\/note-legali\/#breadcrumb","itemListElement":[{"@type":"ListItem","position":1,"name":"Portada","item":"https:\/\/eu.mydrap.com\/it\/"},{"@type":"ListItem","position":2,"name":"Note Legali"}]},{"@type":"WebSite","@id":"https:\/\/eu.mydrap.com\/it\/#website","url":"https:\/\/eu.mydrap.com\/it\/","name":"MY DRAP","description":"El detalle que marca la diferencia","publisher":{"@id":"https:\/\/eu.mydrap.com\/it\/#organization"},"potentialAction":[{"@type":"SearchAction","target":{"@type":"EntryPoint","urlTemplate":"https:\/\/eu.mydrap.com\/it\/?s={search_term_string}"},"query-input":{"@type":"PropertyValueSpecification","valueRequired":true,"valueName":"search_term_string"}}],"inLanguage":"it-IT"},{"@type":"Organization","@id":"https:\/\/eu.mydrap.com\/it\/#organization","name":"MY DRAP","url":"https:\/\/eu.mydrap.com\/it\/","logo":{"@type":"ImageObject","inLanguage":"it-IT","@id":"https:\/\/eu.mydrap.com\/it\/#\/schema\/logo\/image\/","url":"https:\/\/eu.mydrap.com\/wp-content\/uploads\/logo_mydrap.png.webp","contentUrl":"https:\/\/eu.mydrap.com\/wp-content\/uploads\/logo_mydrap.png.webp","width":182,"height":60,"caption":"MY DRAP"},"image":{"@id":"https:\/\/eu.mydrap.com\/it\/#\/schema\/logo\/image\/"}}]}},"_links":{"self":[{"href":"https:\/\/eu.mydrap.com\/it\/wp-json\/wp\/v2\/pages\/9044","targetHints":{"allow":["GET"]}}],"collection":[{"href":"https:\/\/eu.mydrap.com\/it\/wp-json\/wp\/v2\/pages"}],"about":[{"href":"https:\/\/eu.mydrap.com\/it\/wp-json\/wp\/v2\/types\/page"}],"author":[{"embeddable":true,"href":"https:\/\/eu.mydrap.com\/it\/wp-json\/wp\/v2\/users\/1"}],"replies":[{"embeddable":true,"href":"https:\/\/eu.mydrap.com\/it\/wp-json\/wp\/v2\/comments?post=9044"}],"version-history":[{"count":0,"href":"https:\/\/eu.mydrap.com\/it\/wp-json\/wp\/v2\/pages\/9044\/revisions"}],"wp:attachment":[{"href":"https:\/\/eu.mydrap.com\/it\/wp-json\/wp\/v2\/media?parent=9044"}],"curies":[{"name":"wp","href":"https:\/\/api.w.org\/{rel}","templated":true}]}}