
{"id":8937,"date":"2022-03-30T09:27:15","date_gmt":"2022-03-30T09:27:15","guid":{"rendered":"https:\/\/eu.mydrap.com\/politica-privacidad\/"},"modified":"2022-11-21T08:48:37","modified_gmt":"2022-11-21T08:48:37","slug":"politica-della-privacy","status":"publish","type":"page","link":"https:\/\/eu.mydrap.com\/it\/politica-della-privacy\/","title":{"rendered":"Politica della privacy"},"content":{"rendered":"\n<p><strong>TEXIA SEAMLESS, S.L.&nbsp;<\/strong>(di seguito, MY DRAP), si impegna a rispettare la privacy dei suoi Utenti e a proteggere i dati personali eventualmente forniti da questi ultimi attraverso gli appositi moduli o altra forma di contatto prevista dal Sito Web.<\/p>\n\n\n\n<p>L\u2019Utente prende atto e acconsente espressamente e inequivocabilmente che i dati personali forniti in occasione delle comunicazioni con MY DRAP vengano incorporati in archivi di titolarit\u00e0 di MY DRAP e soggetti a trattamento automatizzato, o meno, con le seguenti finalit\u00e0:<\/p>\n\n\n\n<ul class=\"wp-block-list\"><li>Gestione di comunicazioni e contatti<\/li><li>Prestazione dei servizi richiesti<\/li><li>Gestione amministrativa, contabile e fiscale<\/li><li>Invio di comunicazioni commerciali, promozionali o pubblicitarie, newsletter incluse, ai termini e condizioni esposti nell\u2019apposita sezione.<\/li><\/ul>\n\n\n\n<p>&nbsp;<br>Si informano gli Utenti che la prestazione di tale consenso si estende altres\u00ec al trasferimento o alla comunicazione dei dati personali inseriti negli archivi alle societ\u00e0 appartenenti a TEXIA GUASCH GROUP, S.L. in particolare alla societ\u00e0 TEXIA SEAMLESS, S.L., per il trattamento dei loro dati personali per finalit\u00e0 analoghe a quelle di cui sopra.<\/p>\n\n\n\n<p>MY DRAP informa gli Utenti di aver adottato le misure di sicurezza tecniche e organizzative necessarie per garantire la sicurezza e l\u2019integrit\u00e0 dei loro dati personali, nonch\u00e9 per prevenirne la perdita, il trattamento o l\u2019accesso non autorizzati ai sensi della normativa vigente in materia di protezione dei dati personali, in considerazione dello stato della tecnologia e della natura dei dati archiviati.<\/p>\n\n\n\n<p>Tale consenso \u00e8 revocabile in ogni momento, per cui gli Utenti possono esercitare i loro diritti di accesso, rettifica, cancellazione e portabilit\u00e0 dei dati personali, di richiedere la limitazione di, od opporsi a, il loro trattamento a norma del Regolamento generale europeo sulla protezione di dati (RGPD) e della legge organica 15\/1999, del 13 dicembre, sulla protezione dei dati personali, rivolgendosi per iscritto alla sede legale di TEXIA SEAMLESS, S.L. in Pol\u00edgono Industrial El Mas S\/N, Monistrol de Montserrat (08691) Barcellona (Spagna), oppure all\u2019indirizzo email:&nbsp;rolldrap.lopd@rolldrap.com; allegando in entrambi i casi fotocopia della propria C.I. o altro documento di identit\u00e0 simile.<\/p>\n\n\n\n<p>L\u2019Utente ha inoltre diritto di presentare reclami alla competente autorit\u00e0 di controllo (<a href=\"http:\/\/www.agpd.es\/\">Agencia Espa\u00f1ola de Protecci\u00f3n de Datos<\/a>) qualora ritenga che si attenti ai suoi diritti, come esposti nella presente Politica della privacy, o consideri che il trattamento dei suoi dati personali violi il regolamento (UE) 2016\/679 del Parlamento europeo e del Consiglio, del 27 aprile del 2016 (RGPD) oppure la legge organica 15\/1999, del 13 dicembre, sulla protezione dei dati personali e il relativo regolamentazione di attuazione.<\/p>\n\n\n\n<h4 class=\"wp-block-heading\">SOCIAL NETWORK<\/h4>\n\n\n\n<p>MY DRAP \u00e8 attualmente presente su alcuni dei principali social network: Facebook e Instagram. Per questo motivo, assume la qualit\u00e0 di Titolare del trattamento dei dati personali pubblicati sui profili degli Utenti derivati da amici, mi piace, follower o seguitori, commenti, ecc.<\/p>\n\n\n\n<p>L\u2019Utente prende atto e accetta di essere soggetto alle particolari politiche sulla privacy adottate dai differenti social network o piattaforme su cui MY DRAP \u00e8 presente, e autorizza MY DRAP a usare i mezzi messi a disposizioni da tali social network per informare gli Utenti sulle varie attivit\u00e0 e servizi che realizza.<\/p>\n\n\n\n<h4 class=\"wp-block-heading\">NEWSLETTER<\/h4>\n\n\n\n<p>MY DRAP offre gratuitamente agli Utenti il servizio di Newsletter, consistente nell\u2019invio periodico di notizie e comunicazioni commerciali relative a TEXIA SEAMLESS, S.L.<\/p>\n\n\n\n<p>Questo servizio viene fornito da<a href=\"https:\/\/mailchimp.com\/\">&nbsp;mailchimp.com<\/a>, che gestisce l\u2019abbonamento degli Utenti, l\u2019invio della Newsletter e la disdetta degli abbonamenti. L\u2019Utente ha facolt\u00e0 di disdire l\u2019abbonamento al servizio in qualsiasi momento, facendo clic sull\u2019apposito link inserito alla fine del testo del messaggio di aggiornamento ricevuto per email oppure esercitando il diritto di cancellazione dei dati personali o di opposizione al trattamento rivolgendosi a TEXIA SEAMLESS, S.L. come indicato nella Politica della privacy.<\/p>\n\n\n\n<h4 class=\"wp-block-heading\">MODIFICHE<\/h4>\n\n\n\n<p>TEXIA SEAMLESS, S.L. si riserva il diritto di aggiornare la presente Politica della privacy in qualsiasi momento in funzione delle necessit\u00e0 proprie del Sito Web e di eventuali cambi normativi in materia di privacy.<\/p>\n\n\n\n<h4 class=\"wp-block-heading\">DATI DI CONTATTO<\/h4>\n\n\n\n<p><strong>TEXIA SEAMLESS, S.L.<\/strong><br>Pol\u00edgono Industrial El Mas s\/n<br>08691 Monistrol de Montserrat<br>Barcelona<\/p>\n","protected":false},"excerpt":{"rendered":"<p>TEXIA SEAMLESS, S.L.&nbsp;(di seguito, MY DRAP), si impegna a rispettare la privacy dei suoi Utenti e a proteggere i dati personali eventualmente forniti da questi ultimi attraverso gli appositi moduli &hellip;<\/p>\n","protected":false},"author":1,"featured_media":0,"parent":0,"menu_order":15,"comment_status":"closed","ping_status":"open","template":"","meta":{"_acf_changed":false,"footnotes":""},"class_list":["post-8937","page","type-page","status-publish","hentry"],"acf":[],"yoast_head":"<!-- This site is optimized with the Yoast SEO plugin v27.2 - https:\/\/yoast.com\/product\/yoast-seo-wordpress\/ -->\n<title>Politica della privacy - MY DRAP<\/title>\n<meta name=\"description\" content=\"TEXIA SEAMLESS, S.L.&nbsp;(di seguito, MY DRAP), si impegna a rispettare la privacy dei suoi Utenti e a proteggere i dati personali eventualmente forniti\" \/>\n<meta name=\"robots\" content=\"index, follow, max-snippet:-1, max-image-preview:large, max-video-preview:-1\" \/>\n<link rel=\"canonical\" href=\"https:\/\/eu.mydrap.com\/it\/politica-della-privacy\/\" \/>\n<meta property=\"og:locale\" content=\"it_IT\" \/>\n<meta property=\"og:type\" content=\"article\" \/>\n<meta property=\"og:title\" content=\"Politica della privacy - MY DRAP\" \/>\n<meta property=\"og:description\" content=\"TEXIA SEAMLESS, S.L.&nbsp;(di seguito, MY DRAP), si impegna a rispettare la privacy dei suoi Utenti e a proteggere i dati personali eventualmente forniti\" \/>\n<meta property=\"og:url\" content=\"https:\/\/eu.mydrap.com\/it\/politica-della-privacy\/\" \/>\n<meta property=\"og:site_name\" content=\"MY DRAP\" \/>\n<meta property=\"article:modified_time\" content=\"2022-11-21T08:48:37+00:00\" \/>\n<meta name=\"twitter:card\" content=\"summary_large_image\" \/>\n<meta name=\"twitter:label1\" content=\"Tempo di lettura stimato\" \/>\n\t<meta name=\"twitter:data1\" content=\"3 minuti\" \/>\n<script type=\"application\/ld+json\" class=\"yoast-schema-graph\">{\"@context\":\"https:\/\/schema.org\",\"@graph\":[{\"@type\":\"WebPage\",\"@id\":\"https:\/\/eu.mydrap.com\/it\/politica-della-privacy\/\",\"url\":\"https:\/\/eu.mydrap.com\/it\/politica-della-privacy\/\",\"name\":\"Politica della privacy - MY DRAP\",\"isPartOf\":{\"@id\":\"https:\/\/eu.mydrap.com\/it\/#website\"},\"datePublished\":\"2022-03-30T09:27:15+00:00\",\"dateModified\":\"2022-11-21T08:48:37+00:00\",\"description\":\"TEXIA SEAMLESS, S.L.&nbsp;(di seguito, MY DRAP), si impegna a rispettare la privacy dei suoi Utenti e a proteggere i dati personali eventualmente forniti\",\"breadcrumb\":{\"@id\":\"https:\/\/eu.mydrap.com\/it\/politica-della-privacy\/#breadcrumb\"},\"inLanguage\":\"it-IT\",\"potentialAction\":[{\"@type\":\"ReadAction\",\"target\":[\"https:\/\/eu.mydrap.com\/it\/politica-della-privacy\/\"]}]},{\"@type\":\"BreadcrumbList\",\"@id\":\"https:\/\/eu.mydrap.com\/it\/politica-della-privacy\/#breadcrumb\",\"itemListElement\":[{\"@type\":\"ListItem\",\"position\":1,\"name\":\"Portada\",\"item\":\"https:\/\/eu.mydrap.com\/it\/\"},{\"@type\":\"ListItem\",\"position\":2,\"name\":\"Politica della privacy\"}]},{\"@type\":\"WebSite\",\"@id\":\"https:\/\/eu.mydrap.com\/it\/#website\",\"url\":\"https:\/\/eu.mydrap.com\/it\/\",\"name\":\"MY DRAP\",\"description\":\"El detalle que marca la diferencia\",\"publisher\":{\"@id\":\"https:\/\/eu.mydrap.com\/it\/#organization\"},\"potentialAction\":[{\"@type\":\"SearchAction\",\"target\":{\"@type\":\"EntryPoint\",\"urlTemplate\":\"https:\/\/eu.mydrap.com\/it\/?s={search_term_string}\"},\"query-input\":{\"@type\":\"PropertyValueSpecification\",\"valueRequired\":true,\"valueName\":\"search_term_string\"}}],\"inLanguage\":\"it-IT\"},{\"@type\":\"Organization\",\"@id\":\"https:\/\/eu.mydrap.com\/it\/#organization\",\"name\":\"MY DRAP\",\"url\":\"https:\/\/eu.mydrap.com\/it\/\",\"logo\":{\"@type\":\"ImageObject\",\"inLanguage\":\"it-IT\",\"@id\":\"https:\/\/eu.mydrap.com\/it\/#\/schema\/logo\/image\/\",\"url\":\"https:\/\/eu.mydrap.com\/wp-content\/uploads\/logo_mydrap.png.webp\",\"contentUrl\":\"https:\/\/eu.mydrap.com\/wp-content\/uploads\/logo_mydrap.png.webp\",\"width\":182,\"height\":60,\"caption\":\"MY DRAP\"},\"image\":{\"@id\":\"https:\/\/eu.mydrap.com\/it\/#\/schema\/logo\/image\/\"}}]}<\/script>\n<!-- \/ Yoast SEO plugin. -->","yoast_head_json":{"title":"Politica della privacy - MY DRAP","description":"TEXIA SEAMLESS, S.L.&nbsp;(di seguito, MY DRAP), si impegna a rispettare la privacy dei suoi Utenti e a proteggere i dati personali eventualmente forniti","robots":{"index":"index","follow":"follow","max-snippet":"max-snippet:-1","max-image-preview":"max-image-preview:large","max-video-preview":"max-video-preview:-1"},"canonical":"https:\/\/eu.mydrap.com\/it\/politica-della-privacy\/","og_locale":"it_IT","og_type":"article","og_title":"Politica della privacy - MY DRAP","og_description":"TEXIA SEAMLESS, S.L.&nbsp;(di seguito, MY DRAP), si impegna a rispettare la privacy dei suoi Utenti e a proteggere i dati personali eventualmente forniti","og_url":"https:\/\/eu.mydrap.com\/it\/politica-della-privacy\/","og_site_name":"MY DRAP","article_modified_time":"2022-11-21T08:48:37+00:00","twitter_card":"summary_large_image","twitter_misc":{"Tempo di lettura stimato":"3 minuti"},"schema":{"@context":"https:\/\/schema.org","@graph":[{"@type":"WebPage","@id":"https:\/\/eu.mydrap.com\/it\/politica-della-privacy\/","url":"https:\/\/eu.mydrap.com\/it\/politica-della-privacy\/","name":"Politica della privacy - MY DRAP","isPartOf":{"@id":"https:\/\/eu.mydrap.com\/it\/#website"},"datePublished":"2022-03-30T09:27:15+00:00","dateModified":"2022-11-21T08:48:37+00:00","description":"TEXIA SEAMLESS, S.L.&nbsp;(di seguito, MY DRAP), si impegna a rispettare la privacy dei suoi Utenti e a proteggere i dati personali eventualmente forniti","breadcrumb":{"@id":"https:\/\/eu.mydrap.com\/it\/politica-della-privacy\/#breadcrumb"},"inLanguage":"it-IT","potentialAction":[{"@type":"ReadAction","target":["https:\/\/eu.mydrap.com\/it\/politica-della-privacy\/"]}]},{"@type":"BreadcrumbList","@id":"https:\/\/eu.mydrap.com\/it\/politica-della-privacy\/#breadcrumb","itemListElement":[{"@type":"ListItem","position":1,"name":"Portada","item":"https:\/\/eu.mydrap.com\/it\/"},{"@type":"ListItem","position":2,"name":"Politica della privacy"}]},{"@type":"WebSite","@id":"https:\/\/eu.mydrap.com\/it\/#website","url":"https:\/\/eu.mydrap.com\/it\/","name":"MY DRAP","description":"El detalle que marca la diferencia","publisher":{"@id":"https:\/\/eu.mydrap.com\/it\/#organization"},"potentialAction":[{"@type":"SearchAction","target":{"@type":"EntryPoint","urlTemplate":"https:\/\/eu.mydrap.com\/it\/?s={search_term_string}"},"query-input":{"@type":"PropertyValueSpecification","valueRequired":true,"valueName":"search_term_string"}}],"inLanguage":"it-IT"},{"@type":"Organization","@id":"https:\/\/eu.mydrap.com\/it\/#organization","name":"MY DRAP","url":"https:\/\/eu.mydrap.com\/it\/","logo":{"@type":"ImageObject","inLanguage":"it-IT","@id":"https:\/\/eu.mydrap.com\/it\/#\/schema\/logo\/image\/","url":"https:\/\/eu.mydrap.com\/wp-content\/uploads\/logo_mydrap.png.webp","contentUrl":"https:\/\/eu.mydrap.com\/wp-content\/uploads\/logo_mydrap.png.webp","width":182,"height":60,"caption":"MY DRAP"},"image":{"@id":"https:\/\/eu.mydrap.com\/it\/#\/schema\/logo\/image\/"}}]}},"_links":{"self":[{"href":"https:\/\/eu.mydrap.com\/it\/wp-json\/wp\/v2\/pages\/8937","targetHints":{"allow":["GET"]}}],"collection":[{"href":"https:\/\/eu.mydrap.com\/it\/wp-json\/wp\/v2\/pages"}],"about":[{"href":"https:\/\/eu.mydrap.com\/it\/wp-json\/wp\/v2\/types\/page"}],"author":[{"embeddable":true,"href":"https:\/\/eu.mydrap.com\/it\/wp-json\/wp\/v2\/users\/1"}],"replies":[{"embeddable":true,"href":"https:\/\/eu.mydrap.com\/it\/wp-json\/wp\/v2\/comments?post=8937"}],"version-history":[{"count":0,"href":"https:\/\/eu.mydrap.com\/it\/wp-json\/wp\/v2\/pages\/8937\/revisions"}],"wp:attachment":[{"href":"https:\/\/eu.mydrap.com\/it\/wp-json\/wp\/v2\/media?parent=8937"}],"curies":[{"name":"wp","href":"https:\/\/api.w.org\/{rel}","templated":true}]}}