
{"id":9395,"date":"2022-11-24T11:42:48","date_gmt":"2022-11-24T11:42:48","guid":{"rendered":"https:\/\/eu.mydrap.com\/producto\/lot-pour-12-convives-en-tissu-bleu-petrole\/"},"modified":"2022-11-23T15:03:23","modified_gmt":"2022-11-23T15:03:23","slug":"lot-pour-12-convives-en-tissu-bleu-petrole","status":"publish","type":"product","link":"https:\/\/eu.mydrap.com\/fr\/producto\/lot-pour-12-convives-en-tissu-bleu-petrole\/","title":{"rendered":"Lot pour 12 convives en tissu bleu p\u00e9trole"},"content":{"rendered":"<p>Tissu 100\u00a0% naturel et de qualit\u00e9 sup\u00e9rieure qui garantit une absorption et une r\u00e9sistance maximum, avec un toucher doux et agr\u00e9able. Une alternative \u00e9l\u00e9gante aux serviettes et aux sets de table en papier.<\/p>\n","protected":false},"excerpt":{"rendered":"<p>Lot pour 12 convives bleu p\u00e9trole et 100 % coton. Compos\u00e9 de:<br \/>\n    \u00b7 1 rouleau de 12 serviettes de 30&#215;30 cm<br \/>\n    \u00b7 1 rouleau de 12 sets de table de 48&#215;32 cm<\/p>\n<p>La s\u00e9lection id\u00e9ale pour d\u00e9corer votre table aussi bien pour un repas familial, un d\u00e9jeuner que pour un d\u00eener avec des invit\u00e9s. Id\u00e9al pour toutes sortes de c\u00e9l\u00e9brations et pour des r\u00e9unions formelles \u00e0 la maison.<\/p>\n","protected":false},"featured_media":8295,"template":"","meta":{"_acf_changed":false},"product_brand":[],"product_cat":[250],"product_tag":[],"class_list":{"0":"post-9395","1":"product","2":"type-product","3":"status-publish","4":"has-post-thumbnail","6":"product_cat-lots","8":"first","9":"instock","10":"taxable","11":"shipping-taxable","12":"purchasable","13":"product-type-simple"},"acf":[],"yoast_head":"<!-- This site is optimized with the Yoast SEO plugin v27.2 - https:\/\/yoast.com\/product\/yoast-seo-wordpress\/ -->\n<title>Lot pour 12 convives, compos\u00e9 de serviettes et de sets de table. Bleu p\u00e9trole - Acheter en ligne - MYDRAP<\/title>\n<meta name=\"description\" content=\"Lot pour 12 convives compos\u00e9 de serviettes et de sets de table en tissu bleu p\u00e9trole.\" \/>\n<meta name=\"robots\" content=\"index, follow, max-snippet:-1, max-image-preview:large, max-video-preview:-1\" \/>\n<link rel=\"canonical\" href=\"https:\/\/eu.mydrap.com\/fr\/producto\/lot-pour-12-convives-en-tissu-bleu-petrole\/\" \/>\n<meta property=\"og:locale\" content=\"fr_FR\" \/>\n<meta property=\"og:type\" content=\"article\" \/>\n<meta property=\"og:title\" content=\"Lot pour 12 convives, compos\u00e9 de serviettes et de sets de table. Bleu p\u00e9trole - Acheter en ligne - MYDRAP\" \/>\n<meta property=\"og:description\" content=\"Lot pour 12 convives compos\u00e9 de serviettes et de sets de table en tissu bleu p\u00e9trole.\" \/>\n<meta property=\"og:url\" content=\"https:\/\/eu.mydrap.com\/fr\/producto\/lot-pour-12-convives-en-tissu-bleu-petrole\/\" \/>\n<meta property=\"og:site_name\" content=\"MY DRAP\" \/>\n<meta property=\"og:image\" content=\"https:\/\/eu.mydrap.com\/wp-content\/uploads\/409-Petrol-blue_01_Web.jpg\" \/>\n\t<meta property=\"og:image:width\" content=\"1920\" \/>\n\t<meta property=\"og:image:height\" content=\"1920\" \/>\n\t<meta property=\"og:image:type\" content=\"image\/jpeg\" \/>\n<meta name=\"twitter:card\" content=\"summary_large_image\" \/>\n<script type=\"application\/ld+json\" class=\"yoast-schema-graph\">{\"@context\":\"https:\/\/schema.org\",\"@graph\":[{\"@type\":\"WebPage\",\"@id\":\"https:\/\/eu.mydrap.com\/fr\/producto\/lot-pour-12-convives-en-tissu-bleu-petrole\/\",\"url\":\"https:\/\/eu.mydrap.com\/fr\/producto\/lot-pour-12-convives-en-tissu-bleu-petrole\/\",\"name\":\"Lot pour 12 convives, compos\u00e9 de serviettes et de sets de table. Bleu p\u00e9trole - Acheter en ligne - MYDRAP\",\"isPartOf\":{\"@id\":\"https:\/\/eu.mydrap.com\/fr\/#website\"},\"primaryImageOfPage\":{\"@id\":\"https:\/\/eu.mydrap.com\/fr\/producto\/lot-pour-12-convives-en-tissu-bleu-petrole\/#primaryimage\"},\"image\":{\"@id\":\"https:\/\/eu.mydrap.com\/fr\/producto\/lot-pour-12-convives-en-tissu-bleu-petrole\/#primaryimage\"},\"thumbnailUrl\":\"https:\/\/eu.mydrap.com\/wp-content\/uploads\/409-Petrol-blue_01_Web.jpg\",\"datePublished\":\"2022-11-24T11:42:48+00:00\",\"description\":\"Lot pour 12 convives compos\u00e9 de serviettes et de sets de table en tissu bleu p\u00e9trole.\",\"breadcrumb\":{\"@id\":\"https:\/\/eu.mydrap.com\/fr\/producto\/lot-pour-12-convives-en-tissu-bleu-petrole\/#breadcrumb\"},\"inLanguage\":\"fr-FR\",\"potentialAction\":[{\"@type\":\"ReadAction\",\"target\":[\"https:\/\/eu.mydrap.com\/fr\/producto\/lot-pour-12-convives-en-tissu-bleu-petrole\/\"]}]},{\"@type\":\"ImageObject\",\"inLanguage\":\"fr-FR\",\"@id\":\"https:\/\/eu.mydrap.com\/fr\/producto\/lot-pour-12-convives-en-tissu-bleu-petrole\/#primaryimage\",\"url\":\"https:\/\/eu.mydrap.com\/wp-content\/uploads\/409-Petrol-blue_01_Web.jpg\",\"contentUrl\":\"https:\/\/eu.mydrap.com\/wp-content\/uploads\/409-Petrol-blue_01_Web.jpg\",\"width\":1920,\"height\":1920,\"caption\":\"Lot pour 12 convives en tissu bleu p\u00e9trole\"},{\"@type\":\"BreadcrumbList\",\"@id\":\"https:\/\/eu.mydrap.com\/fr\/producto\/lot-pour-12-convives-en-tissu-bleu-petrole\/#breadcrumb\",\"itemListElement\":[{\"@type\":\"ListItem\",\"position\":1,\"name\":\"Portada\",\"item\":\"https:\/\/eu.mydrap.com\/fr\/\"},{\"@type\":\"ListItem\",\"position\":2,\"name\":\"Produits\",\"item\":\"https:\/\/eu.mydrap.com\/fr\/produits\/\"},{\"@type\":\"ListItem\",\"position\":3,\"name\":\"Lot pour 12 convives en tissu bleu p\u00e9trole\"}]},{\"@type\":\"WebSite\",\"@id\":\"https:\/\/eu.mydrap.com\/fr\/#website\",\"url\":\"https:\/\/eu.mydrap.com\/fr\/\",\"name\":\"MY DRAP\",\"description\":\"El detalle que marca la diferencia\",\"publisher\":{\"@id\":\"https:\/\/eu.mydrap.com\/fr\/#organization\"},\"potentialAction\":[{\"@type\":\"SearchAction\",\"target\":{\"@type\":\"EntryPoint\",\"urlTemplate\":\"https:\/\/eu.mydrap.com\/fr\/?s={search_term_string}\"},\"query-input\":{\"@type\":\"PropertyValueSpecification\",\"valueRequired\":true,\"valueName\":\"search_term_string\"}}],\"inLanguage\":\"fr-FR\"},{\"@type\":\"Organization\",\"@id\":\"https:\/\/eu.mydrap.com\/fr\/#organization\",\"name\":\"MY DRAP\",\"url\":\"https:\/\/eu.mydrap.com\/fr\/\",\"logo\":{\"@type\":\"ImageObject\",\"inLanguage\":\"fr-FR\",\"@id\":\"https:\/\/eu.mydrap.com\/fr\/#\/schema\/logo\/image\/\",\"url\":\"https:\/\/eu.mydrap.com\/wp-content\/uploads\/logo_mydrap.png.webp\",\"contentUrl\":\"https:\/\/eu.mydrap.com\/wp-content\/uploads\/logo_mydrap.png.webp\",\"width\":182,\"height\":60,\"caption\":\"MY DRAP\"},\"image\":{\"@id\":\"https:\/\/eu.mydrap.com\/fr\/#\/schema\/logo\/image\/\"}}]}<\/script>\n<!-- \/ Yoast SEO plugin. -->","yoast_head_json":{"title":"Lot pour 12 convives, compos\u00e9 de serviettes et de sets de table. Bleu p\u00e9trole - Acheter en ligne - MYDRAP","description":"Lot pour 12 convives compos\u00e9 de serviettes et de sets de table en tissu bleu p\u00e9trole.","robots":{"index":"index","follow":"follow","max-snippet":"max-snippet:-1","max-image-preview":"max-image-preview:large","max-video-preview":"max-video-preview:-1"},"canonical":"https:\/\/eu.mydrap.com\/fr\/producto\/lot-pour-12-convives-en-tissu-bleu-petrole\/","og_locale":"fr_FR","og_type":"article","og_title":"Lot pour 12 convives, compos\u00e9 de serviettes et de sets de table. Bleu p\u00e9trole - Acheter en ligne - MYDRAP","og_description":"Lot pour 12 convives compos\u00e9 de serviettes et de sets de table en tissu bleu p\u00e9trole.","og_url":"https:\/\/eu.mydrap.com\/fr\/producto\/lot-pour-12-convives-en-tissu-bleu-petrole\/","og_site_name":"MY DRAP","og_image":[{"width":1920,"height":1920,"url":"https:\/\/eu.mydrap.com\/wp-content\/uploads\/409-Petrol-blue_01_Web.jpg","type":"image\/jpeg"}],"twitter_card":"summary_large_image","schema":{"@context":"https:\/\/schema.org","@graph":[{"@type":"WebPage","@id":"https:\/\/eu.mydrap.com\/fr\/producto\/lot-pour-12-convives-en-tissu-bleu-petrole\/","url":"https:\/\/eu.mydrap.com\/fr\/producto\/lot-pour-12-convives-en-tissu-bleu-petrole\/","name":"Lot pour 12 convives, compos\u00e9 de serviettes et de sets de table. Bleu p\u00e9trole - Acheter en ligne - MYDRAP","isPartOf":{"@id":"https:\/\/eu.mydrap.com\/fr\/#website"},"primaryImageOfPage":{"@id":"https:\/\/eu.mydrap.com\/fr\/producto\/lot-pour-12-convives-en-tissu-bleu-petrole\/#primaryimage"},"image":{"@id":"https:\/\/eu.mydrap.com\/fr\/producto\/lot-pour-12-convives-en-tissu-bleu-petrole\/#primaryimage"},"thumbnailUrl":"https:\/\/eu.mydrap.com\/wp-content\/uploads\/409-Petrol-blue_01_Web.jpg","datePublished":"2022-11-24T11:42:48+00:00","description":"Lot pour 12 convives compos\u00e9 de serviettes et de sets de table en tissu bleu p\u00e9trole.","breadcrumb":{"@id":"https:\/\/eu.mydrap.com\/fr\/producto\/lot-pour-12-convives-en-tissu-bleu-petrole\/#breadcrumb"},"inLanguage":"fr-FR","potentialAction":[{"@type":"ReadAction","target":["https:\/\/eu.mydrap.com\/fr\/producto\/lot-pour-12-convives-en-tissu-bleu-petrole\/"]}]},{"@type":"ImageObject","inLanguage":"fr-FR","@id":"https:\/\/eu.mydrap.com\/fr\/producto\/lot-pour-12-convives-en-tissu-bleu-petrole\/#primaryimage","url":"https:\/\/eu.mydrap.com\/wp-content\/uploads\/409-Petrol-blue_01_Web.jpg","contentUrl":"https:\/\/eu.mydrap.com\/wp-content\/uploads\/409-Petrol-blue_01_Web.jpg","width":1920,"height":1920,"caption":"Lot pour 12 convives en tissu bleu p\u00e9trole"},{"@type":"BreadcrumbList","@id":"https:\/\/eu.mydrap.com\/fr\/producto\/lot-pour-12-convives-en-tissu-bleu-petrole\/#breadcrumb","itemListElement":[{"@type":"ListItem","position":1,"name":"Portada","item":"https:\/\/eu.mydrap.com\/fr\/"},{"@type":"ListItem","position":2,"name":"Produits","item":"https:\/\/eu.mydrap.com\/fr\/produits\/"},{"@type":"ListItem","position":3,"name":"Lot pour 12 convives en tissu bleu p\u00e9trole"}]},{"@type":"WebSite","@id":"https:\/\/eu.mydrap.com\/fr\/#website","url":"https:\/\/eu.mydrap.com\/fr\/","name":"MY DRAP","description":"El detalle que marca la diferencia","publisher":{"@id":"https:\/\/eu.mydrap.com\/fr\/#organization"},"potentialAction":[{"@type":"SearchAction","target":{"@type":"EntryPoint","urlTemplate":"https:\/\/eu.mydrap.com\/fr\/?s={search_term_string}"},"query-input":{"@type":"PropertyValueSpecification","valueRequired":true,"valueName":"search_term_string"}}],"inLanguage":"fr-FR"},{"@type":"Organization","@id":"https:\/\/eu.mydrap.com\/fr\/#organization","name":"MY DRAP","url":"https:\/\/eu.mydrap.com\/fr\/","logo":{"@type":"ImageObject","inLanguage":"fr-FR","@id":"https:\/\/eu.mydrap.com\/fr\/#\/schema\/logo\/image\/","url":"https:\/\/eu.mydrap.com\/wp-content\/uploads\/logo_mydrap.png.webp","contentUrl":"https:\/\/eu.mydrap.com\/wp-content\/uploads\/logo_mydrap.png.webp","width":182,"height":60,"caption":"MY DRAP"},"image":{"@id":"https:\/\/eu.mydrap.com\/fr\/#\/schema\/logo\/image\/"}}]}},"_links":{"self":[{"href":"https:\/\/eu.mydrap.com\/fr\/wp-json\/wp\/v2\/product\/9395","targetHints":{"allow":["GET"]}}],"collection":[{"href":"https:\/\/eu.mydrap.com\/fr\/wp-json\/wp\/v2\/product"}],"about":[{"href":"https:\/\/eu.mydrap.com\/fr\/wp-json\/wp\/v2\/types\/product"}],"wp:featuredmedia":[{"embeddable":true,"href":"https:\/\/eu.mydrap.com\/fr\/wp-json\/wp\/v2\/media\/8295"}],"wp:attachment":[{"href":"https:\/\/eu.mydrap.com\/fr\/wp-json\/wp\/v2\/media?parent=9395"}],"wp:term":[{"taxonomy":"product_brand","embeddable":true,"href":"https:\/\/eu.mydrap.com\/fr\/wp-json\/wp\/v2\/product_brand?post=9395"},{"taxonomy":"product_cat","embeddable":true,"href":"https:\/\/eu.mydrap.com\/fr\/wp-json\/wp\/v2\/product_cat?post=9395"},{"taxonomy":"product_tag","embeddable":true,"href":"https:\/\/eu.mydrap.com\/fr\/wp-json\/wp\/v2\/product_tag?post=9395"}],"curies":[{"name":"wp","href":"https:\/\/api.w.org\/{rel}","templated":true}]}}