
{"id":9214,"date":"2022-11-25T07:24:05","date_gmt":"2022-11-25T07:24:05","guid":{"rendered":"https:\/\/eu.mydrap.com\/producto\/serviette-de-table-en-tissu-natural\/"},"modified":"2022-11-25T07:46:26","modified_gmt":"2022-11-25T07:46:26","slug":"serviette-de-table-en-tissu-natural-recycle","status":"publish","type":"product","link":"https:\/\/eu.mydrap.com\/fr\/producto\/serviette-de-table-en-tissu-natural-recycle\/","title":{"rendered":"Serviette de table en tissu natural recycl\u00e9"},"content":{"rendered":"<p>Tissu 100\u00a0% naturel et de qualit\u00e9 sup\u00e9rieure qui garantit une absorption et une r\u00e9sistance maximum, avec un toucher doux et agr\u00e9able. Une alternative \u00e9l\u00e9gante aux serviettes en papier.<\/p>\n","protected":false},"excerpt":{"rendered":"<p>Rouleau de 6 serviettes en tissu de 30&#215;30\u00a0cm natural et coton recycl\u00e9. Taille de serviette universelle. Aussi bien pour un repas familial que pour un d\u00eener avec des invit\u00e9s. Id\u00e9ale pour d\u00e9corer votre table lors de toutes sortes de c\u00e9l\u00e9brations et pour des r\u00e9unions formelles \u00e0 la maison.<\/p>\n","protected":false},"featured_media":3237,"template":"","meta":{"_acf_changed":false},"product_brand":[],"product_cat":[245],"product_tag":[],"class_list":{"0":"post-9214","1":"product","2":"type-product","3":"status-publish","4":"has-post-thumbnail","6":"product_cat-serviettes-en-tissu","8":"first","9":"outofstock","10":"taxable","11":"shipping-taxable","12":"purchasable","13":"product-type-simple"},"acf":[],"yoast_head":"<!-- This site is optimized with the Yoast SEO plugin v27.4 - https:\/\/yoast.com\/product\/yoast-seo-wordpress\/ -->\n<title>Serviette de table. Natural - Acheter en ligne -MY DRAP<\/title>\n<meta name=\"description\" content=\"Serviettes cocktail en tissu natural. Rouleau de 6 unit\u00e9s de 30x30\u00a0cm, coton recycl\u00e9 au toucher doux et agr\u00e9able, id\u00e9ales pour d\u00e9corer votre table lors de toutes sortes de c\u00e9l\u00e9brations et pour des r\u00e9unions formelles \u00e0 la maison. Testez-les\u00a0!\" \/>\n<meta name=\"robots\" content=\"index, follow, max-snippet:-1, max-image-preview:large, max-video-preview:-1\" \/>\n<link rel=\"canonical\" href=\"https:\/\/eu.mydrap.com\/fr\/producto\/serviette-de-table-en-tissu-natural-recycle\/\" \/>\n<meta property=\"og:locale\" content=\"fr_FR\" \/>\n<meta property=\"og:type\" content=\"article\" \/>\n<meta property=\"og:title\" content=\"Serviette de table. Natural - Acheter en ligne -MY DRAP\" \/>\n<meta property=\"og:description\" content=\"Serviettes cocktail en tissu natural. Rouleau de 6 unit\u00e9s de 30x30\u00a0cm, coton recycl\u00e9 au toucher doux et agr\u00e9able, id\u00e9ales pour d\u00e9corer votre table lors de toutes sortes de c\u00e9l\u00e9brations et pour des r\u00e9unions formelles \u00e0 la maison. Testez-les\u00a0!\" \/>\n<meta property=\"og:url\" content=\"https:\/\/eu.mydrap.com\/fr\/producto\/serviette-de-table-en-tissu-natural-recycle\/\" \/>\n<meta property=\"og:site_name\" content=\"MY DRAP\" \/>\n<meta property=\"article:modified_time\" content=\"2022-11-25T07:46:26+00:00\" \/>\n<meta property=\"og:image\" content=\"https:\/\/eu.mydrap.com\/wp-content\/uploads\/SL3030-AR-R03N-105_Cotton-recycled_00.jpg\" \/>\n\t<meta property=\"og:image:width\" content=\"1920\" \/>\n\t<meta property=\"og:image:height\" content=\"1920\" \/>\n\t<meta property=\"og:image:type\" content=\"image\/jpeg\" \/>\n<meta name=\"twitter:card\" content=\"summary_large_image\" \/>\n<script type=\"application\/ld+json\" class=\"yoast-schema-graph\">{\"@context\":\"https:\\\/\\\/schema.org\",\"@graph\":[{\"@type\":\"WebPage\",\"@id\":\"https:\\\/\\\/eu.mydrap.com\\\/fr\\\/producto\\\/serviette-de-table-en-tissu-natural-recycle\\\/\",\"url\":\"https:\\\/\\\/eu.mydrap.com\\\/fr\\\/producto\\\/serviette-de-table-en-tissu-natural-recycle\\\/\",\"name\":\"Serviette de table. Natural - Acheter en ligne -MY DRAP\",\"isPartOf\":{\"@id\":\"https:\\\/\\\/eu.mydrap.com\\\/fr\\\/#website\"},\"primaryImageOfPage\":{\"@id\":\"https:\\\/\\\/eu.mydrap.com\\\/fr\\\/producto\\\/serviette-de-table-en-tissu-natural-recycle\\\/#primaryimage\"},\"image\":{\"@id\":\"https:\\\/\\\/eu.mydrap.com\\\/fr\\\/producto\\\/serviette-de-table-en-tissu-natural-recycle\\\/#primaryimage\"},\"thumbnailUrl\":\"https:\\\/\\\/eu.mydrap.com\\\/wp-content\\\/uploads\\\/SL3030-AR-R03N-105_Cotton-recycled_00.jpg\",\"datePublished\":\"2022-11-25T07:24:05+00:00\",\"dateModified\":\"2022-11-25T07:46:26+00:00\",\"description\":\"Serviettes cocktail en tissu natural. Rouleau de 6 unit\u00e9s de 30x30\u00a0cm, coton recycl\u00e9 au toucher doux et agr\u00e9able, id\u00e9ales pour d\u00e9corer votre table lors de toutes sortes de c\u00e9l\u00e9brations et pour des r\u00e9unions formelles \u00e0 la maison. Testez-les\u00a0!\",\"breadcrumb\":{\"@id\":\"https:\\\/\\\/eu.mydrap.com\\\/fr\\\/producto\\\/serviette-de-table-en-tissu-natural-recycle\\\/#breadcrumb\"},\"inLanguage\":\"fr-FR\",\"potentialAction\":[{\"@type\":\"ReadAction\",\"target\":[\"https:\\\/\\\/eu.mydrap.com\\\/fr\\\/producto\\\/serviette-de-table-en-tissu-natural-recycle\\\/\"]}]},{\"@type\":\"ImageObject\",\"inLanguage\":\"fr-FR\",\"@id\":\"https:\\\/\\\/eu.mydrap.com\\\/fr\\\/producto\\\/serviette-de-table-en-tissu-natural-recycle\\\/#primaryimage\",\"url\":\"https:\\\/\\\/eu.mydrap.com\\\/wp-content\\\/uploads\\\/SL3030-AR-R03N-105_Cotton-recycled_00.jpg\",\"contentUrl\":\"https:\\\/\\\/eu.mydrap.com\\\/wp-content\\\/uploads\\\/SL3030-AR-R03N-105_Cotton-recycled_00.jpg\",\"width\":1920,\"height\":1920,\"caption\":\"Serviette de table en tissu natural recycl\u00e9 30x30\"},{\"@type\":\"BreadcrumbList\",\"@id\":\"https:\\\/\\\/eu.mydrap.com\\\/fr\\\/producto\\\/serviette-de-table-en-tissu-natural-recycle\\\/#breadcrumb\",\"itemListElement\":[{\"@type\":\"ListItem\",\"position\":1,\"name\":\"Portada\",\"item\":\"https:\\\/\\\/eu.mydrap.com\\\/fr\\\/\"},{\"@type\":\"ListItem\",\"position\":2,\"name\":\"Produits\",\"item\":\"https:\\\/\\\/eu.mydrap.com\\\/fr\\\/produits\\\/\"},{\"@type\":\"ListItem\",\"position\":3,\"name\":\"Serviette de table en tissu natural recycl\u00e9\"}]},{\"@type\":\"WebSite\",\"@id\":\"https:\\\/\\\/eu.mydrap.com\\\/fr\\\/#website\",\"url\":\"https:\\\/\\\/eu.mydrap.com\\\/fr\\\/\",\"name\":\"MY DRAP\",\"description\":\"El detalle que marca la diferencia\",\"publisher\":{\"@id\":\"https:\\\/\\\/eu.mydrap.com\\\/fr\\\/#organization\"},\"potentialAction\":[{\"@type\":\"SearchAction\",\"target\":{\"@type\":\"EntryPoint\",\"urlTemplate\":\"https:\\\/\\\/eu.mydrap.com\\\/fr\\\/?s={search_term_string}\"},\"query-input\":{\"@type\":\"PropertyValueSpecification\",\"valueRequired\":true,\"valueName\":\"search_term_string\"}}],\"inLanguage\":\"fr-FR\"},{\"@type\":\"Organization\",\"@id\":\"https:\\\/\\\/eu.mydrap.com\\\/fr\\\/#organization\",\"name\":\"MY DRAP\",\"url\":\"https:\\\/\\\/eu.mydrap.com\\\/fr\\\/\",\"logo\":{\"@type\":\"ImageObject\",\"inLanguage\":\"fr-FR\",\"@id\":\"https:\\\/\\\/eu.mydrap.com\\\/fr\\\/#\\\/schema\\\/logo\\\/image\\\/\",\"url\":\"https:\\\/\\\/eu.mydrap.com\\\/wp-content\\\/uploads\\\/logo_mydrap.png.webp\",\"contentUrl\":\"https:\\\/\\\/eu.mydrap.com\\\/wp-content\\\/uploads\\\/logo_mydrap.png.webp\",\"width\":182,\"height\":60,\"caption\":\"MY DRAP\"},\"image\":{\"@id\":\"https:\\\/\\\/eu.mydrap.com\\\/fr\\\/#\\\/schema\\\/logo\\\/image\\\/\"}}]}<\/script>\n<!-- \/ Yoast SEO plugin. -->","yoast_head_json":{"title":"Serviette de table. Natural - Acheter en ligne -MY DRAP","description":"Serviettes cocktail en tissu natural. Rouleau de 6 unit\u00e9s de 30x30\u00a0cm, coton recycl\u00e9 au toucher doux et agr\u00e9able, id\u00e9ales pour d\u00e9corer votre table lors de toutes sortes de c\u00e9l\u00e9brations et pour des r\u00e9unions formelles \u00e0 la maison. Testez-les\u00a0!","robots":{"index":"index","follow":"follow","max-snippet":"max-snippet:-1","max-image-preview":"max-image-preview:large","max-video-preview":"max-video-preview:-1"},"canonical":"https:\/\/eu.mydrap.com\/fr\/producto\/serviette-de-table-en-tissu-natural-recycle\/","og_locale":"fr_FR","og_type":"article","og_title":"Serviette de table. Natural - Acheter en ligne -MY DRAP","og_description":"Serviettes cocktail en tissu natural. Rouleau de 6 unit\u00e9s de 30x30\u00a0cm, coton recycl\u00e9 au toucher doux et agr\u00e9able, id\u00e9ales pour d\u00e9corer votre table lors de toutes sortes de c\u00e9l\u00e9brations et pour des r\u00e9unions formelles \u00e0 la maison. Testez-les\u00a0!","og_url":"https:\/\/eu.mydrap.com\/fr\/producto\/serviette-de-table-en-tissu-natural-recycle\/","og_site_name":"MY DRAP","article_modified_time":"2022-11-25T07:46:26+00:00","og_image":[{"width":1920,"height":1920,"url":"https:\/\/eu.mydrap.com\/wp-content\/uploads\/SL3030-AR-R03N-105_Cotton-recycled_00.jpg","type":"image\/jpeg"}],"twitter_card":"summary_large_image","schema":{"@context":"https:\/\/schema.org","@graph":[{"@type":"WebPage","@id":"https:\/\/eu.mydrap.com\/fr\/producto\/serviette-de-table-en-tissu-natural-recycle\/","url":"https:\/\/eu.mydrap.com\/fr\/producto\/serviette-de-table-en-tissu-natural-recycle\/","name":"Serviette de table. Natural - Acheter en ligne -MY DRAP","isPartOf":{"@id":"https:\/\/eu.mydrap.com\/fr\/#website"},"primaryImageOfPage":{"@id":"https:\/\/eu.mydrap.com\/fr\/producto\/serviette-de-table-en-tissu-natural-recycle\/#primaryimage"},"image":{"@id":"https:\/\/eu.mydrap.com\/fr\/producto\/serviette-de-table-en-tissu-natural-recycle\/#primaryimage"},"thumbnailUrl":"https:\/\/eu.mydrap.com\/wp-content\/uploads\/SL3030-AR-R03N-105_Cotton-recycled_00.jpg","datePublished":"2022-11-25T07:24:05+00:00","dateModified":"2022-11-25T07:46:26+00:00","description":"Serviettes cocktail en tissu natural. Rouleau de 6 unit\u00e9s de 30x30\u00a0cm, coton recycl\u00e9 au toucher doux et agr\u00e9able, id\u00e9ales pour d\u00e9corer votre table lors de toutes sortes de c\u00e9l\u00e9brations et pour des r\u00e9unions formelles \u00e0 la maison. Testez-les\u00a0!","breadcrumb":{"@id":"https:\/\/eu.mydrap.com\/fr\/producto\/serviette-de-table-en-tissu-natural-recycle\/#breadcrumb"},"inLanguage":"fr-FR","potentialAction":[{"@type":"ReadAction","target":["https:\/\/eu.mydrap.com\/fr\/producto\/serviette-de-table-en-tissu-natural-recycle\/"]}]},{"@type":"ImageObject","inLanguage":"fr-FR","@id":"https:\/\/eu.mydrap.com\/fr\/producto\/serviette-de-table-en-tissu-natural-recycle\/#primaryimage","url":"https:\/\/eu.mydrap.com\/wp-content\/uploads\/SL3030-AR-R03N-105_Cotton-recycled_00.jpg","contentUrl":"https:\/\/eu.mydrap.com\/wp-content\/uploads\/SL3030-AR-R03N-105_Cotton-recycled_00.jpg","width":1920,"height":1920,"caption":"Serviette de table en tissu natural recycl\u00e9 30x30"},{"@type":"BreadcrumbList","@id":"https:\/\/eu.mydrap.com\/fr\/producto\/serviette-de-table-en-tissu-natural-recycle\/#breadcrumb","itemListElement":[{"@type":"ListItem","position":1,"name":"Portada","item":"https:\/\/eu.mydrap.com\/fr\/"},{"@type":"ListItem","position":2,"name":"Produits","item":"https:\/\/eu.mydrap.com\/fr\/produits\/"},{"@type":"ListItem","position":3,"name":"Serviette de table en tissu natural recycl\u00e9"}]},{"@type":"WebSite","@id":"https:\/\/eu.mydrap.com\/fr\/#website","url":"https:\/\/eu.mydrap.com\/fr\/","name":"MY DRAP","description":"El detalle que marca la diferencia","publisher":{"@id":"https:\/\/eu.mydrap.com\/fr\/#organization"},"potentialAction":[{"@type":"SearchAction","target":{"@type":"EntryPoint","urlTemplate":"https:\/\/eu.mydrap.com\/fr\/?s={search_term_string}"},"query-input":{"@type":"PropertyValueSpecification","valueRequired":true,"valueName":"search_term_string"}}],"inLanguage":"fr-FR"},{"@type":"Organization","@id":"https:\/\/eu.mydrap.com\/fr\/#organization","name":"MY DRAP","url":"https:\/\/eu.mydrap.com\/fr\/","logo":{"@type":"ImageObject","inLanguage":"fr-FR","@id":"https:\/\/eu.mydrap.com\/fr\/#\/schema\/logo\/image\/","url":"https:\/\/eu.mydrap.com\/wp-content\/uploads\/logo_mydrap.png.webp","contentUrl":"https:\/\/eu.mydrap.com\/wp-content\/uploads\/logo_mydrap.png.webp","width":182,"height":60,"caption":"MY DRAP"},"image":{"@id":"https:\/\/eu.mydrap.com\/fr\/#\/schema\/logo\/image\/"}}]}},"_links":{"self":[{"href":"https:\/\/eu.mydrap.com\/fr\/wp-json\/wp\/v2\/product\/9214","targetHints":{"allow":["GET"]}}],"collection":[{"href":"https:\/\/eu.mydrap.com\/fr\/wp-json\/wp\/v2\/product"}],"about":[{"href":"https:\/\/eu.mydrap.com\/fr\/wp-json\/wp\/v2\/types\/product"}],"wp:featuredmedia":[{"embeddable":true,"href":"https:\/\/eu.mydrap.com\/fr\/wp-json\/wp\/v2\/media\/3237"}],"wp:attachment":[{"href":"https:\/\/eu.mydrap.com\/fr\/wp-json\/wp\/v2\/media?parent=9214"}],"wp:term":[{"taxonomy":"product_brand","embeddable":true,"href":"https:\/\/eu.mydrap.com\/fr\/wp-json\/wp\/v2\/product_brand?post=9214"},{"taxonomy":"product_cat","embeddable":true,"href":"https:\/\/eu.mydrap.com\/fr\/wp-json\/wp\/v2\/product_cat?post=9214"},{"taxonomy":"product_tag","embeddable":true,"href":"https:\/\/eu.mydrap.com\/fr\/wp-json\/wp\/v2\/product_tag?post=9214"}],"curies":[{"name":"wp","href":"https:\/\/api.w.org\/{rel}","templated":true}]}}