
{"id":9043,"date":"2022-08-12T10:34:35","date_gmt":"2022-08-12T10:34:35","guid":{"rendered":"https:\/\/eu.mydrap.com\/avis-legal\/"},"modified":"2022-11-21T08:44:52","modified_gmt":"2022-11-21T08:44:52","slug":"mentions-legales","status":"publish","type":"page","link":"https:\/\/eu.mydrap.com\/fr\/mentions-legales\/","title":{"rendered":"Mentions l\u00e9gales"},"content":{"rendered":"\n<p>Conform\u00e9ment aux dispositions de l\u2019article 10 de la loi 34\/2002 du 11 juillet relative aux services de la soci\u00e9t\u00e9 de l\u2019information et au commerce \u00e9lectronique (LSSICE), nous vous informons que le domaine&nbsp;<a href=\"https:\/\/mydrap.com\/\">http:\/\/mydrap.com<\/a>&nbsp;appartient \u00e0 l\u2019entreprise TEXIA SEAMLESS, S.L. (ci-apr\u00e8s d\u00e9sign\u00e9e MY DRAP), titulaire du CIF n\u00ba B-62158779, domicili\u00e9e \u00e0 Pol\u00edgono Industrial El Mas, s\/n, E-08691 Monistrol de Montserrat (Espagne), et qui peut \u00eatre contact\u00e9e \u00e0 l\u2019adresse \u00e9lectronique suivante :&nbsp;<a href=\"mailto:info@mydrap.com\">info@mydrap.com<\/a>.<\/p>\n\n\n\n<p>L\u2019entreprise est inscrite au registre du commerce de Barcelone, au tome 38579, folio 82, feuille B 327392, inscription 4.<\/p>\n\n\n\n<h3 class=\"wp-block-heading\">CONDITIONS D\u2019UTILISATION<\/h3>\n\n\n\n<p>L\u2019entreprise TEXIA SEAMLESS, S.L. se consacre au commerce de produits textiles, MY DRAP \u00e9tant l\u2019une de ses marques d\u00e9pos\u00e9es.<\/p>\n\n\n\n<p>L\u2019utilisation du pr\u00e9sent site Web est soumise aux pr\u00e9sentes Conditions d\u2019utilisation, de m\u00eame que les contenus et les services qui y sont mis \u00e0 la disposition des utilisateurs. En cons\u00e9quence, nous vous prions de lire attentivement ces conditions car elles contiennent toutes les informations relatives \u00e0 vos droits et \u00e0 vos obligations.<\/p>\n\n\n\n<p>L\u2019acc\u00e8s au site Web conf\u00e8re \u00e0 l\u2019int\u00e9ress\u00e9 la qualit\u00e9 d\u2019 \u00ab utilisateur \u00bb. \u00c0 ce titre, il accepte de mani\u00e8re expresse, automatique et volontaire de se soumettre \u00e0 toutes les conditions g\u00e9n\u00e9rales en vigueur au moment de l\u2019acc\u00e8s audit site. MY DRAP se r\u00e9serve, en exclusivit\u00e9, le droit de modifier \u00e0 tout moment les pr\u00e9sentes Conditions d\u2019utilisation, que ce soit pour des raisons l\u00e9gales ou de son propre fait, et s\u2019engage \u00e0 publier et \u00e0 notifier les modifications introduites, consid\u00e9rant ainsi que l\u2019utilisateur les accepte s\u2019il poursuit sa navigation sur le site. Dans le cas o\u00f9 l\u2019utilisateur aurait souscrit \u00e0 notre bulletin d\u2019informations \u00e9lectronique (Newsletter), et qu\u2019il n\u2019accepterait pas lesdites modifications, il pourra se d\u00e9sinscrire en suivant la proc\u00e9dure pr\u00e9vue \u00e0 cet effet.<\/p>\n\n\n\n<p>\u00c0 certaines occasions, suite \u00e0 l\u2019inclusion de nouveaux contenus ou de services sp\u00e9cifiques propos\u00e9s sur le site Web, les pr\u00e9sentes conditions pourront \u00eatre compl\u00e9t\u00e9es ou remplac\u00e9es par des Conditions particuli\u00e8res. En cas de contradiction entre les deux, de quelque nature qu\u2019elle soit, les Conditions particuli\u00e8res pr\u00e9vaudront.<\/p>\n\n\n\n<p>De m\u00eame, MY DRAP se r\u00e9serve le droit de modifier unilat\u00e9ralement, \u00e0 tout moment et sans n\u00e9cessit\u00e9 de pr\u00e9avis, la structure et la conception du site Web, ainsi que de modifier ou d\u2019\u00e9liminer des services ou des contenus, et les conditions d\u2019utilisation dudit site.<\/p>\n\n\n\n<h4 class=\"wp-block-heading\">OBLIGATIONS ET RESPONSABILIT\u00c9S DES UTILISATEURS<\/h4>\n\n\n\n<p>Au cours de sa navigation sur le pr\u00e9sent site Web, l\u2019utilisateur s\u2019engage \u00e0 en faire un bon usage sans d\u00e9roger \u00e0 la l\u00e9gislation en vigueur, \u00e0 la bonne foi, aux bonnes m\u0153urs et \u00e0 l\u2019ordre public. En cons\u00e9quence, toute utilisation du pr\u00e9sent site Web \u00e0 des fins illicites, trompeuses, malveillantes ou nuisant d\u2019une quelconque mani\u00e8re \u00e0 MY DRAP ou \u00e0 des tiers est interdite.<\/p>\n\n\n\n<p>Le pr\u00e9sent site Web doit \u00eatre utilis\u00e9 d\u2019une mani\u00e8re correcte et appropri\u00e9e, de sorte que l\u2019utilisateur s\u2019engage \u00e0 ne commettre aucune action susceptible de nuire \u00e0 l\u2019image, aux int\u00e9r\u00eats ou aux droits de MY DRAP ou de tiers, ou qui pourrait endommager le site Web, le rendre inutilisable ou le surcharger, ou qui emp\u00eacherait, d\u2019une quelconque mani\u00e8re, son utilisation normale. De m\u00eame, l\u2019utilisateur du pr\u00e9sent site Web devra s\u2019abstenir d\u2019essayer d\u2019acc\u00e9der, d\u2019utiliser ou de manipuler les donn\u00e9es de MY DRAP.<\/p>\n\n\n\n<p>En ce qui concerne les contenus ou services pour lesquels l\u2019utilisateur aurait \u00e0 saisir des donn\u00e9es \u00e0 caract\u00e8re personnel, celui-ci s\u2019engage \u00e0 fournir des informations sinc\u00e8res lors de la saisie de ses donn\u00e9es. \u00c0 cet \u00e9gard, l\u2019utilisateur sera le seul responsable des d\u00e9clarations inexactes ou fausses qu\u2019il aurait faites et de tout pr\u00e9judice qu\u2019il pourrait causer \u00e0 MY DRAP ou \u00e0 des tiers d\u00e9coulant desdites d\u00e9clarations.<\/p>\n\n\n\n<p>MY DRAP prend des mesures de s\u00e9curit\u00e9 raisonnablement appropri\u00e9es pour d\u00e9tecter la pr\u00e9sence de virus. Toutefois, l\u2019utilisateur doit avoir conscience que les mesures de s\u00e9curit\u00e9 des syst\u00e8mes informatiques sur Internet ne sont pas totalement fiables et, par cons\u00e9quent, que MY DRAP ne peut garantir l\u2019absence de virus ou d\u2019autres \u00e9l\u00e9ments susceptibles d\u2019endommager les syst\u00e8mes informatiques (logiciels et mat\u00e9riel informatique) ou les documents et les fichiers \u00e9lectroniques de l\u2019utilisateur.<\/p>\n\n\n\n<p>De son c\u00f4t\u00e9, l\u2019utilisateur est pri\u00e9 de s\u2019abstenir d\u2019introduire ou de diffuser sur le r\u00e9seau des virus informatiques ou autres syst\u00e8mes physiques ou logiques qui pourraient provoquer des dommages dans les syst\u00e8mes physiques ou logiques de MY DRAP ou de tiers.<\/p>\n\n\n\n<p>Enfin, MY DRAP se r\u00e9serve le droit de bloquer l\u2019acc\u00e8s \u00e0 un utilisateur en cas d\u2019indice d\u2019utilisation frauduleuse des services propos\u00e9s sur le site Web, et d\u2019entreprendre les actions l\u00e9gales n\u00e9cessaires en d\u00e9fense de ses int\u00e9r\u00eats ou de suspendre temporairement, et sans pr\u00e9avis, l\u2019accessibilit\u00e9 \u00e0&nbsp;<a href=\"https:\/\/mydrap.com\/\">www.mydrap.com<\/a>&nbsp;pour r\u00e9aliser des op\u00e9rations de maintenance, de r\u00e9paration, de mise \u00e0 jour ou d\u2019am\u00e9lioration.<\/p>\n\n\n\n<h4 class=\"wp-block-heading\">PROPRI\u00c9T\u00c9 INTELLECTUELLE ET INDUSTRIELLE. ADMISSION DE LIENS RETOURS\/HYPERLIENS<\/h4>\n\n\n\n<p>Les contenus affich\u00e9s sur&nbsp;<a href=\"https:\/\/mydrap.com\/\">www.mydrap.com<\/a>, notamment les designs, les textes, les images ou photographies, les graphiques, les logos, les ic\u00f4nes, les boutons, les logiciels, les noms commerciaux, les marques ou tout autre signe susceptible d\u2019\u00eatre utilis\u00e9 \u00e0 des fins commerciales ou industrielles, sont soumis \u00e0 la l\u00e9gislation en mati\u00e8re de propri\u00e9t\u00e9 intellectuelle et industrielle, et appartiennent \u00e0 MY DRAP ou \u00e0 des tiers qui en seraient titulaires et qui auraient formellement autoris\u00e9 leur inclusion sur le site Web.<\/p>\n\n\n\n<p>Aucune licence ou renoncement, transmission, cession totale ou partielle desdits droits, ni aucune concession de droit ou d\u2019attente de droit ne seront consid\u00e9r\u00e9s \u00e0 aucun titre comme \u00e9tant accord\u00e9s, notamment ceux d\u2019alt\u00e9ration, d\u2019exploitation, de reproduction, de distribution ou de communication publique, sur lesdits contenus sans l\u2019autorisation expresse pr\u00e9alable de MY DRAP ou des titulaires correspondants.<\/p>\n\n\n\n<p>Par ailleurs, aux termes des pr\u00e9sentes conditions, l\u2019utilisateur s\u2019engage \u00e0 ne reproduire en aucune fa\u00e7on le site Web, de m\u00eame qu\u2019aucun de ses contenus, sauf autorisation expresse de MY DRAP, par \u00e9crit.<\/p>\n\n\n\n<p>Toutefois, l\u2019utilisateur se voit accord\u00e9 un droit limit\u00e9, r\u00e9vocable et non exclusif pour cr\u00e9er des liens uniquement vers la page principale du site Web pour un usage priv\u00e9 et non commercial (hyperlien\/lien retour). Ces sites Internet qui incluent un lien vers notre site Web :<\/p>\n\n\n\n<ul class=\"wp-block-list\"><li>Ne devront pas laisser entendre que MY DRAP recommande ledit site Internet ou ses services ou produits, ni falsifier sa relation avec MY DRAP ;<\/li><li>Ne devront pas inclure de contenus consid\u00e9r\u00e9s de mauvais go\u00fbt, obsc\u00e8nes, offensifs, controvers\u00e9s, incitant \u00e0 la violence ou \u00e0 la discrimination pour des raisons de sexe, de race ou de religion, contraires \u00e0 l\u2019ordre public ou illicites ;<\/li><li>Devront renvoyer au site Web proprement dit, sans permettre que ledit site Internet reproduise celui-ci comme faisant partie de son site Internet, ou qu\u2019il l\u2019introduise dans l\u2019un de ses \u00ab cadres \u00bb ou qu\u2019il cr\u00e9e un \u00ab navigateur \u00bb sur l\u2019une des pages du site Web. MY DRAP pourra exiger, \u00e0 tout moment, la suppression d\u2019un quelconque lien vers son site Web, puis devra imm\u00e9diatement l\u2019\u00e9liminer.<\/li><\/ul>\n\n\n\n<p>MY DRAP ne peut pas contr\u00f4ler les informations, les contenus, les produits ou les services fournis par d\u2019autres sites Internet ayant \u00e9tabli des liens vers le pr\u00e9sent site Web. En cons\u00e9quence, nous d\u00e9clinons toute responsabilit\u00e9 concernant tout aspect quelconque li\u00e9 auxdits sites Internet.<\/p>\n\n\n\n<p>MY DRAP autorise l\u2019\u00e9tablissement de liens de tout autre site Internet vers son site Web sans le consentement pr\u00e9alable et express de MY DRAP.<\/p>\n\n\n\n<h4 class=\"wp-block-heading\">RESPONSABILIT\u00c9 DE L\u2019ENTREPRISE<\/h4>\n\n\n\n<p>MY DRAP d\u00e9cline toute responsabilit\u00e9 concernant les d\u00e9ficiences du service de son centre serveur, ainsi que des r\u00e9seaux de communication, des probl\u00e8mes d\u00e9coulant du mauvais fonctionnement ou de l\u2019utilisation de versions non optimis\u00e9es de tout type de navigateur. De m\u00eame, MY DRAP ne sera pas tenue responsable d\u2019une quelconque interruption du service pouvant d\u00e9couler de coupures prolong\u00e9es de courant, des lignes de t\u00e9l\u00e9communication, de conflits sociaux, de gr\u00e8ves, d\u2019explosions, d\u2019inondations, d\u2019actes ou d\u2019omissions du gouvernement et, en g\u00e9n\u00e9ral, de tous les cas de force majeure ou de cas fortuits.<\/p>\n\n\n\n<p>L\u2019acc\u00e8s au site Web ainsi que l\u2019utilisation des informations contenues dans celui-ci rel\u00e8vent de la responsabilit\u00e9 exclusive de quiconque le r\u00e9alise.<\/p>\n\n\n\n<p>MY DRAP ne r\u00e9pondra d\u2019aucune cons\u00e9quence, dommage ou pr\u00e9judice pouvant d\u00e9couler dudit acc\u00e8s ou de l\u2019utilisation des informations, et sera uniquement responsable de supprimer, dans les plus brefs d\u00e9lais, les contenus qui pourraient entra\u00eener un quelconque dommage ou pr\u00e9judice, \u00e0 condition d\u2019en \u00eatre avis\u00e9e ou d\u2019en avoir effectivement connaissance.<\/p>\n\n\n\n<p>MY DRAP d\u00e9cline toute responsabilit\u00e9 concernant les \u00e9ventuelles erreurs de s\u00e9curit\u00e9 qui pourraient \u00eatre commises et les \u00e9ventuels dommages qui pourraient \u00eatre caus\u00e9s au syst\u00e8me informatique de l\u2019utilisateur, ainsi qu\u2019aux fichiers et aux documents qui y sont stock\u00e9s, suite \u00e0 la pr\u00e9sence de virus dans le terminal utilis\u00e9 par l\u2019utilisateur pour se connecter aux services et aux contenus du site Web, ou \u00e0 un mauvais fonctionnement du navigateur ou \u00e0 l\u2019utilisation de versions non actualis\u00e9es de celui-ci, \u00e0 des pannes de t\u00e9l\u00e9phone, \u00e0 des interf\u00e9rences, \u00e0 des omissions ou d\u00e9connexions dans le fonctionnement op\u00e9rationnel du syst\u00e8me \u00e9lectronique, pour des causes \u00e9trang\u00e8res \u00e0 MY DRAP.<\/p>\n\n\n\n<h4 class=\"wp-block-heading\">R\u00c9SOLUTION DE CONFLITS. LOI APPLICABLE. JURIDICTION<\/h4>\n\n\n\n<p>Les pr\u00e9sentes Conditions g\u00e9n\u00e9rales d\u2019utilisation seront r\u00e9gies par la l\u00e9gislation espagnole et, plus particuli\u00e8rement, par la l\u00e9gislation en mati\u00e8re de protection des donn\u00e9es \u00e0 caract\u00e8re personnel (Loi organique 15\/1999 du 13 d\u00e9cembre relative \u00e0 la protection des donn\u00e9es \u00e0 caract\u00e8re personnel et R\u00e8glement g\u00e9n\u00e9ral sur la protection des donn\u00e9es (RGPD) de la CE) et par la l\u00e9gislation en mati\u00e8re de services de la soci\u00e9t\u00e9 de l\u2019information (Loi 34\/2002 du 11 juillet relative aux services de la soci\u00e9t\u00e9 de l\u2019information et au commerce \u00e9lectronique). Tout litige sera r\u00e9solu devant les tribunaux de Barcelone.<\/p>\n","protected":false},"excerpt":{"rendered":"<p>Conform\u00e9ment aux dispositions de l\u2019article 10 de la loi 34\/2002 du 11 juillet relative aux services de la soci\u00e9t\u00e9 de l\u2019information et au commerce \u00e9lectronique (LSSICE), nous vous informons que &hellip;<\/p>\n","protected":false},"author":1,"featured_media":0,"parent":0,"menu_order":3,"comment_status":"closed","ping_status":"closed","template":"","meta":{"_acf_changed":false,"footnotes":""},"class_list":["post-9043","page","type-page","status-publish","hentry"],"acf":[],"yoast_head":"<!-- This site is optimized with the Yoast SEO plugin v27.2 - https:\/\/yoast.com\/product\/yoast-seo-wordpress\/ -->\n<title>Mentions l\u00e9gales - MY DRAP<\/title>\n<meta name=\"description\" content=\"Conform\u00e9ment aux dispositions de l\u2019article 10 de la loi 34\/2002 du 11 juillet relative aux services de la soci\u00e9t\u00e9 de l\u2019information et au commerce\" \/>\n<meta name=\"robots\" content=\"index, follow, max-snippet:-1, max-image-preview:large, max-video-preview:-1\" \/>\n<link rel=\"canonical\" href=\"https:\/\/eu.mydrap.com\/fr\/mentions-legales\/\" \/>\n<meta property=\"og:locale\" content=\"fr_FR\" \/>\n<meta property=\"og:type\" content=\"article\" \/>\n<meta property=\"og:title\" content=\"Mentions l\u00e9gales - MY DRAP\" \/>\n<meta property=\"og:description\" content=\"Conform\u00e9ment aux dispositions de l\u2019article 10 de la loi 34\/2002 du 11 juillet relative aux services de la soci\u00e9t\u00e9 de l\u2019information et au commerce\" \/>\n<meta property=\"og:url\" content=\"https:\/\/eu.mydrap.com\/fr\/mentions-legales\/\" \/>\n<meta property=\"og:site_name\" content=\"MY DRAP\" \/>\n<meta property=\"article:modified_time\" content=\"2022-11-21T08:44:52+00:00\" \/>\n<meta name=\"twitter:card\" content=\"summary_large_image\" \/>\n<meta name=\"twitter:label1\" content=\"Dur\u00e9e de lecture estim\u00e9e\" \/>\n\t<meta name=\"twitter:data1\" content=\"8 minutes\" \/>\n<script type=\"application\/ld+json\" class=\"yoast-schema-graph\">{\"@context\":\"https:\/\/schema.org\",\"@graph\":[{\"@type\":\"WebPage\",\"@id\":\"https:\/\/eu.mydrap.com\/fr\/mentions-legales\/\",\"url\":\"https:\/\/eu.mydrap.com\/fr\/mentions-legales\/\",\"name\":\"Mentions l\u00e9gales - MY DRAP\",\"isPartOf\":{\"@id\":\"https:\/\/eu.mydrap.com\/fr\/#website\"},\"datePublished\":\"2022-08-12T10:34:35+00:00\",\"dateModified\":\"2022-11-21T08:44:52+00:00\",\"description\":\"Conform\u00e9ment aux dispositions de l\u2019article 10 de la loi 34\/2002 du 11 juillet relative aux services de la soci\u00e9t\u00e9 de l\u2019information et au commerce\",\"breadcrumb\":{\"@id\":\"https:\/\/eu.mydrap.com\/fr\/mentions-legales\/#breadcrumb\"},\"inLanguage\":\"fr-FR\",\"potentialAction\":[{\"@type\":\"ReadAction\",\"target\":[\"https:\/\/eu.mydrap.com\/fr\/mentions-legales\/\"]}]},{\"@type\":\"BreadcrumbList\",\"@id\":\"https:\/\/eu.mydrap.com\/fr\/mentions-legales\/#breadcrumb\",\"itemListElement\":[{\"@type\":\"ListItem\",\"position\":1,\"name\":\"Portada\",\"item\":\"https:\/\/eu.mydrap.com\/fr\/\"},{\"@type\":\"ListItem\",\"position\":2,\"name\":\"Mentions l\u00e9gales\"}]},{\"@type\":\"WebSite\",\"@id\":\"https:\/\/eu.mydrap.com\/fr\/#website\",\"url\":\"https:\/\/eu.mydrap.com\/fr\/\",\"name\":\"MY DRAP\",\"description\":\"El detalle que marca la diferencia\",\"publisher\":{\"@id\":\"https:\/\/eu.mydrap.com\/fr\/#organization\"},\"potentialAction\":[{\"@type\":\"SearchAction\",\"target\":{\"@type\":\"EntryPoint\",\"urlTemplate\":\"https:\/\/eu.mydrap.com\/fr\/?s={search_term_string}\"},\"query-input\":{\"@type\":\"PropertyValueSpecification\",\"valueRequired\":true,\"valueName\":\"search_term_string\"}}],\"inLanguage\":\"fr-FR\"},{\"@type\":\"Organization\",\"@id\":\"https:\/\/eu.mydrap.com\/fr\/#organization\",\"name\":\"MY DRAP\",\"url\":\"https:\/\/eu.mydrap.com\/fr\/\",\"logo\":{\"@type\":\"ImageObject\",\"inLanguage\":\"fr-FR\",\"@id\":\"https:\/\/eu.mydrap.com\/fr\/#\/schema\/logo\/image\/\",\"url\":\"https:\/\/eu.mydrap.com\/wp-content\/uploads\/logo_mydrap.png.webp\",\"contentUrl\":\"https:\/\/eu.mydrap.com\/wp-content\/uploads\/logo_mydrap.png.webp\",\"width\":182,\"height\":60,\"caption\":\"MY DRAP\"},\"image\":{\"@id\":\"https:\/\/eu.mydrap.com\/fr\/#\/schema\/logo\/image\/\"}}]}<\/script>\n<!-- \/ Yoast SEO plugin. -->","yoast_head_json":{"title":"Mentions l\u00e9gales - MY DRAP","description":"Conform\u00e9ment aux dispositions de l\u2019article 10 de la loi 34\/2002 du 11 juillet relative aux services de la soci\u00e9t\u00e9 de l\u2019information et au commerce","robots":{"index":"index","follow":"follow","max-snippet":"max-snippet:-1","max-image-preview":"max-image-preview:large","max-video-preview":"max-video-preview:-1"},"canonical":"https:\/\/eu.mydrap.com\/fr\/mentions-legales\/","og_locale":"fr_FR","og_type":"article","og_title":"Mentions l\u00e9gales - MY DRAP","og_description":"Conform\u00e9ment aux dispositions de l\u2019article 10 de la loi 34\/2002 du 11 juillet relative aux services de la soci\u00e9t\u00e9 de l\u2019information et au commerce","og_url":"https:\/\/eu.mydrap.com\/fr\/mentions-legales\/","og_site_name":"MY DRAP","article_modified_time":"2022-11-21T08:44:52+00:00","twitter_card":"summary_large_image","twitter_misc":{"Dur\u00e9e de lecture estim\u00e9e":"8 minutes"},"schema":{"@context":"https:\/\/schema.org","@graph":[{"@type":"WebPage","@id":"https:\/\/eu.mydrap.com\/fr\/mentions-legales\/","url":"https:\/\/eu.mydrap.com\/fr\/mentions-legales\/","name":"Mentions l\u00e9gales - MY DRAP","isPartOf":{"@id":"https:\/\/eu.mydrap.com\/fr\/#website"},"datePublished":"2022-08-12T10:34:35+00:00","dateModified":"2022-11-21T08:44:52+00:00","description":"Conform\u00e9ment aux dispositions de l\u2019article 10 de la loi 34\/2002 du 11 juillet relative aux services de la soci\u00e9t\u00e9 de l\u2019information et au commerce","breadcrumb":{"@id":"https:\/\/eu.mydrap.com\/fr\/mentions-legales\/#breadcrumb"},"inLanguage":"fr-FR","potentialAction":[{"@type":"ReadAction","target":["https:\/\/eu.mydrap.com\/fr\/mentions-legales\/"]}]},{"@type":"BreadcrumbList","@id":"https:\/\/eu.mydrap.com\/fr\/mentions-legales\/#breadcrumb","itemListElement":[{"@type":"ListItem","position":1,"name":"Portada","item":"https:\/\/eu.mydrap.com\/fr\/"},{"@type":"ListItem","position":2,"name":"Mentions l\u00e9gales"}]},{"@type":"WebSite","@id":"https:\/\/eu.mydrap.com\/fr\/#website","url":"https:\/\/eu.mydrap.com\/fr\/","name":"MY DRAP","description":"El detalle que marca la diferencia","publisher":{"@id":"https:\/\/eu.mydrap.com\/fr\/#organization"},"potentialAction":[{"@type":"SearchAction","target":{"@type":"EntryPoint","urlTemplate":"https:\/\/eu.mydrap.com\/fr\/?s={search_term_string}"},"query-input":{"@type":"PropertyValueSpecification","valueRequired":true,"valueName":"search_term_string"}}],"inLanguage":"fr-FR"},{"@type":"Organization","@id":"https:\/\/eu.mydrap.com\/fr\/#organization","name":"MY DRAP","url":"https:\/\/eu.mydrap.com\/fr\/","logo":{"@type":"ImageObject","inLanguage":"fr-FR","@id":"https:\/\/eu.mydrap.com\/fr\/#\/schema\/logo\/image\/","url":"https:\/\/eu.mydrap.com\/wp-content\/uploads\/logo_mydrap.png.webp","contentUrl":"https:\/\/eu.mydrap.com\/wp-content\/uploads\/logo_mydrap.png.webp","width":182,"height":60,"caption":"MY DRAP"},"image":{"@id":"https:\/\/eu.mydrap.com\/fr\/#\/schema\/logo\/image\/"}}]}},"_links":{"self":[{"href":"https:\/\/eu.mydrap.com\/fr\/wp-json\/wp\/v2\/pages\/9043","targetHints":{"allow":["GET"]}}],"collection":[{"href":"https:\/\/eu.mydrap.com\/fr\/wp-json\/wp\/v2\/pages"}],"about":[{"href":"https:\/\/eu.mydrap.com\/fr\/wp-json\/wp\/v2\/types\/page"}],"author":[{"embeddable":true,"href":"https:\/\/eu.mydrap.com\/fr\/wp-json\/wp\/v2\/users\/1"}],"replies":[{"embeddable":true,"href":"https:\/\/eu.mydrap.com\/fr\/wp-json\/wp\/v2\/comments?post=9043"}],"version-history":[{"count":0,"href":"https:\/\/eu.mydrap.com\/fr\/wp-json\/wp\/v2\/pages\/9043\/revisions"}],"wp:attachment":[{"href":"https:\/\/eu.mydrap.com\/fr\/wp-json\/wp\/v2\/media?parent=9043"}],"curies":[{"name":"wp","href":"https:\/\/api.w.org\/{rel}","templated":true}]}}