
{"id":9036,"date":"2022-09-20T09:30:10","date_gmt":"2022-09-20T09:30:10","guid":{"rendered":"https:\/\/eu.mydrap.com\/plazos-de-entrega\/"},"modified":"2022-11-21T08:41:39","modified_gmt":"2022-11-21T08:41:39","slug":"delais-de-livraison","status":"publish","type":"page","link":"https:\/\/eu.mydrap.com\/fr\/delais-de-livraison\/","title":{"rendered":"D\u00e9lais de livraison"},"content":{"rendered":"\n<p>Le d\u00e9lai de livraison habituel pour la p\u00e9ninsule est de 24 \u00e0 48 heures et pour les \u00eeles Canaries, de 48 \u00e0 72 heures.<\/p>\n\n\n\n<p>Heures de livraison&nbsp;: de 9 h \u00e0 21 h, du lundi au vendredi, selon la tourn\u00e9e de livraison. Ces d\u00e9lais peuvent varier pour des raisons de logistique ou de force majeure. En cas de retards dans les livraisons, MY DRAP informera ses clients d\u00e8s qu\u2019elle en aura connaissance.<\/p>\n\n\n\n<p>Dans le cas o\u00f9 le client ou la personne autoris\u00e9e ne seraient pas pr\u00e9sents au moment de la livraison, et que 7 jours ouvrables se seraient \u00e9coul\u00e9s sans que ceux-ci aient pu \u00eatre contact\u00e9s ou que la commande ait pu \u00e9t\u00e9 livr\u00e9e, les frais de renvoi post\u00e9rieur seront \u00e0 la charge du client.<\/p>\n\n\n\n<h4 class=\"wp-block-heading\">Personnalisation<\/h4>\n\n\n\n<p>Les produits personnalis\u00e9s n\u00e9cessitent un d\u00e9lai de livraison approximatif de 10 \u00e0 12 jours ouvrables \u00e0 compter de la confirmation de la commande.<\/p>\n\n\n\n<h4 class=\"wp-block-heading\">Exceptions dans les d\u00e9lais de livraison&nbsp;:<\/h4>\n\n\n\n<p>Pendant les p\u00e9riodes d\u2019offres sp\u00e9ciales lanc\u00e9es par MY DRAP sur son&nbsp;<em>site Web<\/em>, le d\u00e9lai de livraison peut \u00eatre plus long que de coutume.<\/p>\n\n\n\n<p>Les p\u00e9riodes de vacances de MY DRAP seront communiqu\u00e9es sur le&nbsp;<em>site Web<\/em>&nbsp;et au cours de la proc\u00e9dure d\u2019achat.<\/p>\n\n\n\n<p>MY DRAP d\u00e9clinera toute responsabilit\u00e9 en cas de retard dans la livraison des commandes qui serait exclusivement de la faute de l\u2019acheteur ou de la personne autoris\u00e9e.<\/p>\n\n\n\n<p>Le client supporte les risques de d\u00e9t\u00e9rioration, de pr\u00e9judice, de dommages et de perte de produits de la commande \u00e0 partir du moment o\u00f9 ceux-ci ont \u00e9t\u00e9 livr\u00e9s, conform\u00e9ment \u00e0 la proc\u00e9dure pr\u00e9vue dans les pr\u00e9sentes Conditions g\u00e9n\u00e9rales de vente. &nbsp;<\/p>\n","protected":false},"excerpt":{"rendered":"<p>Le d\u00e9lai de livraison habituel pour la p\u00e9ninsule est de 24 \u00e0 48 heures et pour les \u00eeles Canaries, de 48 \u00e0 72 heures. Heures de livraison&nbsp;: de 9 h &hellip;<\/p>\n","protected":false},"author":1,"featured_media":0,"parent":0,"menu_order":0,"comment_status":"closed","ping_status":"closed","template":"","meta":{"_acf_changed":false,"footnotes":""},"class_list":["post-9036","page","type-page","status-publish","hentry"],"acf":[],"yoast_head":"<!-- This site is optimized with the Yoast SEO plugin v27.2 - https:\/\/yoast.com\/product\/yoast-seo-wordpress\/ -->\n<title>D\u00e9lais de livraison - MY DRAP<\/title>\n<meta name=\"description\" content=\"Le d\u00e9lai de livraison habituel pour la p\u00e9ninsule est de 24 \u00e0 48 heures et pour les \u00eeles Canaries, de 48 \u00e0 72 heures. Heures de livraison&nbsp;: de 9 h \u00e0\" \/>\n<meta name=\"robots\" content=\"index, follow, max-snippet:-1, max-image-preview:large, max-video-preview:-1\" \/>\n<link rel=\"canonical\" href=\"https:\/\/eu.mydrap.com\/fr\/delais-de-livraison\/\" \/>\n<meta property=\"og:locale\" content=\"fr_FR\" \/>\n<meta property=\"og:type\" content=\"article\" \/>\n<meta property=\"og:title\" content=\"D\u00e9lais de livraison - MY DRAP\" \/>\n<meta property=\"og:description\" content=\"Le d\u00e9lai de livraison habituel pour la p\u00e9ninsule est de 24 \u00e0 48 heures et pour les \u00eeles Canaries, de 48 \u00e0 72 heures. Heures de livraison&nbsp;: de 9 h \u00e0\" \/>\n<meta property=\"og:url\" content=\"https:\/\/eu.mydrap.com\/fr\/delais-de-livraison\/\" \/>\n<meta property=\"og:site_name\" content=\"MY DRAP\" \/>\n<meta property=\"article:modified_time\" content=\"2022-11-21T08:41:39+00:00\" \/>\n<meta name=\"twitter:card\" content=\"summary_large_image\" \/>\n<meta name=\"twitter:label1\" content=\"Dur\u00e9e de lecture estim\u00e9e\" \/>\n\t<meta name=\"twitter:data1\" content=\"2 minutes\" \/>\n<script type=\"application\/ld+json\" class=\"yoast-schema-graph\">{\"@context\":\"https:\/\/schema.org\",\"@graph\":[{\"@type\":\"WebPage\",\"@id\":\"https:\/\/eu.mydrap.com\/fr\/delais-de-livraison\/\",\"url\":\"https:\/\/eu.mydrap.com\/fr\/delais-de-livraison\/\",\"name\":\"D\u00e9lais de livraison - MY DRAP\",\"isPartOf\":{\"@id\":\"https:\/\/eu.mydrap.com\/fr\/#website\"},\"datePublished\":\"2022-09-20T09:30:10+00:00\",\"dateModified\":\"2022-11-21T08:41:39+00:00\",\"description\":\"Le d\u00e9lai de livraison habituel pour la p\u00e9ninsule est de 24 \u00e0 48 heures et pour les \u00eeles Canaries, de 48 \u00e0 72 heures. Heures de livraison&nbsp;: de 9 h \u00e0\",\"breadcrumb\":{\"@id\":\"https:\/\/eu.mydrap.com\/fr\/delais-de-livraison\/#breadcrumb\"},\"inLanguage\":\"fr-FR\",\"potentialAction\":[{\"@type\":\"ReadAction\",\"target\":[\"https:\/\/eu.mydrap.com\/fr\/delais-de-livraison\/\"]}]},{\"@type\":\"BreadcrumbList\",\"@id\":\"https:\/\/eu.mydrap.com\/fr\/delais-de-livraison\/#breadcrumb\",\"itemListElement\":[{\"@type\":\"ListItem\",\"position\":1,\"name\":\"Portada\",\"item\":\"https:\/\/eu.mydrap.com\/fr\/\"},{\"@type\":\"ListItem\",\"position\":2,\"name\":\"D\u00e9lais de livraison\"}]},{\"@type\":\"WebSite\",\"@id\":\"https:\/\/eu.mydrap.com\/fr\/#website\",\"url\":\"https:\/\/eu.mydrap.com\/fr\/\",\"name\":\"MY DRAP\",\"description\":\"El detalle que marca la diferencia\",\"publisher\":{\"@id\":\"https:\/\/eu.mydrap.com\/fr\/#organization\"},\"potentialAction\":[{\"@type\":\"SearchAction\",\"target\":{\"@type\":\"EntryPoint\",\"urlTemplate\":\"https:\/\/eu.mydrap.com\/fr\/?s={search_term_string}\"},\"query-input\":{\"@type\":\"PropertyValueSpecification\",\"valueRequired\":true,\"valueName\":\"search_term_string\"}}],\"inLanguage\":\"fr-FR\"},{\"@type\":\"Organization\",\"@id\":\"https:\/\/eu.mydrap.com\/fr\/#organization\",\"name\":\"MY DRAP\",\"url\":\"https:\/\/eu.mydrap.com\/fr\/\",\"logo\":{\"@type\":\"ImageObject\",\"inLanguage\":\"fr-FR\",\"@id\":\"https:\/\/eu.mydrap.com\/fr\/#\/schema\/logo\/image\/\",\"url\":\"https:\/\/eu.mydrap.com\/wp-content\/uploads\/logo_mydrap.png.webp\",\"contentUrl\":\"https:\/\/eu.mydrap.com\/wp-content\/uploads\/logo_mydrap.png.webp\",\"width\":182,\"height\":60,\"caption\":\"MY DRAP\"},\"image\":{\"@id\":\"https:\/\/eu.mydrap.com\/fr\/#\/schema\/logo\/image\/\"}}]}<\/script>\n<!-- \/ Yoast SEO plugin. -->","yoast_head_json":{"title":"D\u00e9lais de livraison - MY DRAP","description":"Le d\u00e9lai de livraison habituel pour la p\u00e9ninsule est de 24 \u00e0 48 heures et pour les \u00eeles Canaries, de 48 \u00e0 72 heures. Heures de livraison&nbsp;: de 9 h \u00e0","robots":{"index":"index","follow":"follow","max-snippet":"max-snippet:-1","max-image-preview":"max-image-preview:large","max-video-preview":"max-video-preview:-1"},"canonical":"https:\/\/eu.mydrap.com\/fr\/delais-de-livraison\/","og_locale":"fr_FR","og_type":"article","og_title":"D\u00e9lais de livraison - MY DRAP","og_description":"Le d\u00e9lai de livraison habituel pour la p\u00e9ninsule est de 24 \u00e0 48 heures et pour les \u00eeles Canaries, de 48 \u00e0 72 heures. Heures de livraison&nbsp;: de 9 h \u00e0","og_url":"https:\/\/eu.mydrap.com\/fr\/delais-de-livraison\/","og_site_name":"MY DRAP","article_modified_time":"2022-11-21T08:41:39+00:00","twitter_card":"summary_large_image","twitter_misc":{"Dur\u00e9e de lecture estim\u00e9e":"2 minutes"},"schema":{"@context":"https:\/\/schema.org","@graph":[{"@type":"WebPage","@id":"https:\/\/eu.mydrap.com\/fr\/delais-de-livraison\/","url":"https:\/\/eu.mydrap.com\/fr\/delais-de-livraison\/","name":"D\u00e9lais de livraison - MY DRAP","isPartOf":{"@id":"https:\/\/eu.mydrap.com\/fr\/#website"},"datePublished":"2022-09-20T09:30:10+00:00","dateModified":"2022-11-21T08:41:39+00:00","description":"Le d\u00e9lai de livraison habituel pour la p\u00e9ninsule est de 24 \u00e0 48 heures et pour les \u00eeles Canaries, de 48 \u00e0 72 heures. Heures de livraison&nbsp;: de 9 h \u00e0","breadcrumb":{"@id":"https:\/\/eu.mydrap.com\/fr\/delais-de-livraison\/#breadcrumb"},"inLanguage":"fr-FR","potentialAction":[{"@type":"ReadAction","target":["https:\/\/eu.mydrap.com\/fr\/delais-de-livraison\/"]}]},{"@type":"BreadcrumbList","@id":"https:\/\/eu.mydrap.com\/fr\/delais-de-livraison\/#breadcrumb","itemListElement":[{"@type":"ListItem","position":1,"name":"Portada","item":"https:\/\/eu.mydrap.com\/fr\/"},{"@type":"ListItem","position":2,"name":"D\u00e9lais de livraison"}]},{"@type":"WebSite","@id":"https:\/\/eu.mydrap.com\/fr\/#website","url":"https:\/\/eu.mydrap.com\/fr\/","name":"MY DRAP","description":"El detalle que marca la diferencia","publisher":{"@id":"https:\/\/eu.mydrap.com\/fr\/#organization"},"potentialAction":[{"@type":"SearchAction","target":{"@type":"EntryPoint","urlTemplate":"https:\/\/eu.mydrap.com\/fr\/?s={search_term_string}"},"query-input":{"@type":"PropertyValueSpecification","valueRequired":true,"valueName":"search_term_string"}}],"inLanguage":"fr-FR"},{"@type":"Organization","@id":"https:\/\/eu.mydrap.com\/fr\/#organization","name":"MY DRAP","url":"https:\/\/eu.mydrap.com\/fr\/","logo":{"@type":"ImageObject","inLanguage":"fr-FR","@id":"https:\/\/eu.mydrap.com\/fr\/#\/schema\/logo\/image\/","url":"https:\/\/eu.mydrap.com\/wp-content\/uploads\/logo_mydrap.png.webp","contentUrl":"https:\/\/eu.mydrap.com\/wp-content\/uploads\/logo_mydrap.png.webp","width":182,"height":60,"caption":"MY DRAP"},"image":{"@id":"https:\/\/eu.mydrap.com\/fr\/#\/schema\/logo\/image\/"}}]}},"_links":{"self":[{"href":"https:\/\/eu.mydrap.com\/fr\/wp-json\/wp\/v2\/pages\/9036","targetHints":{"allow":["GET"]}}],"collection":[{"href":"https:\/\/eu.mydrap.com\/fr\/wp-json\/wp\/v2\/pages"}],"about":[{"href":"https:\/\/eu.mydrap.com\/fr\/wp-json\/wp\/v2\/types\/page"}],"author":[{"embeddable":true,"href":"https:\/\/eu.mydrap.com\/fr\/wp-json\/wp\/v2\/users\/1"}],"replies":[{"embeddable":true,"href":"https:\/\/eu.mydrap.com\/fr\/wp-json\/wp\/v2\/comments?post=9036"}],"version-history":[{"count":0,"href":"https:\/\/eu.mydrap.com\/fr\/wp-json\/wp\/v2\/pages\/9036\/revisions"}],"wp:attachment":[{"href":"https:\/\/eu.mydrap.com\/fr\/wp-json\/wp\/v2\/media?parent=9036"}],"curies":[{"name":"wp","href":"https:\/\/api.w.org\/{rel}","templated":true}]}}