
{"id":9029,"date":"2022-08-08T07:15:33","date_gmt":"2022-08-08T07:15:33","guid":{"rendered":"https:\/\/eu.mydrap.com\/devoluciones\/"},"modified":"2022-11-21T08:38:28","modified_gmt":"2022-11-21T08:38:28","slug":"politique-de-retour-de-produits","status":"publish","type":"page","link":"https:\/\/eu.mydrap.com\/fr\/politique-de-retour-de-produits\/","title":{"rendered":"Politique de retour de produits"},"content":{"rendered":"\n<p>Le client disposera d\u2019un d\u00e9lai allant jusqu\u2019\u00e0 quatorze jours naturels \u00e0 compter de la date de r\u00e9ception du produit pour exercer son droit de r\u00e9tractation, sans en indiquer le motif.<\/p>\n\n\n\n<p>Les produits restitu\u00e9s devront \u00eatre en parfait \u00e9tat de conservation (dans leur emballage d\u2019origine,&nbsp;et ne devront pas avoir \u00e9t\u00e9 utilis\u00e9s ni manipul\u00e9s). Les conditions de retour sont les suivantes&nbsp;:<\/p>\n\n\n\n<ul class=\"wp-block-list\"><li>Le produit doit \u00eatre dans le m\u00eame \u00e9tat que celui dans lequel il a \u00e9t\u00e9 livr\u00e9, dans son emballage et avec son \u00e9tiquette d\u2019origine. &nbsp;&nbsp;<\/li><li>L\u2019envoi doit \u00eatre effectu\u00e9 avec le m\u00eame colis d\u2019emballage qu\u2019\u00e0 la r\u00e9ception afin de prot\u00e9ger le produit. Dans le cas o\u00f9 le produit ne pourrait \u00eatre retourn\u00e9 dans le m\u00eame colis que celui dans lequel il a \u00e9t\u00e9 re\u00e7u, le client devra l\u2019emballer dans une bo\u00eete de protection afin de garantir le retour du produit dans les meilleures conditions possibles \u00e0 l\u2019entreprise.<\/li><li>Une copie du bon de livraison doit \u00eatre jointe au colis.<\/li><\/ul>\n\n\n\n<p>Dans un d\u00e9lai maximal de 30 jours \u00e0 compter de la date de r\u00e9ception du colis retourn\u00e9, MY DRAP s\u2019engage \u00e0 effectuer le remboursement correspondant.<\/p>\n\n\n\n<p>Si le produit est retourn\u00e9 parce qu\u2019il est d\u00e9fectueux ou qu\u2019il ne correspond pas \u00e0 celui qui a \u00e9t\u00e9 command\u00e9, MY DRAP prendra en charge les frais du retour et du nouvel envoi du produit. Si la commande ne r\u00e9pond pas aux attentes du client, le montant correspondant sera rembours\u00e9, mais pas les frais d\u2019envoi ni les frais de retour.<\/p>\n\n\n\n<p>Nous proc\u00e9derons au remboursement dudit montant d\u00e8s la r\u00e9ception \u00e0 nos bureaux de la commande retourn\u00e9e, en utilisant le m\u00eame moyen de paiement que celui utilis\u00e9 par le client.<\/p>\n\n\n\n<p>L\u2019exercice du droit de r\u00e9tractation mettra fin aux obligations des parties d\u2019ex\u00e9cuter le contrat.<\/p>\n\n\n\n<h4 class=\"wp-block-heading\">Garantie des produits<\/h4>\n\n\n\n<p>MY DRAP garantit que les produits propos\u00e9s sur son&nbsp;<em>site Web<\/em>, reconnus et approuv\u00e9s par d\u2019importantes firmes commerciales, offrent une qualit\u00e9 optimale aux fins de leur utilisation et consommation.<\/p>\n\n\n\n<p>Dans les cas o\u00f9 le produit serait endommag\u00e9 ou d\u00e9fectueux, le client devra le communiquer dans un d\u00e9lai maximal de 24 heures et joindre une photographie permettant d\u2019appr\u00e9cier les dommages.<\/p>\n\n\n\n<h4 class=\"wp-block-heading\">Accueil client<\/h4>\n\n\n\n<p>En cas de doute, n\u2019h\u00e9sitez pas \u00e0 nous adresser un courrier \u00e9lectronique \u00e0 l\u2019adresse&nbsp;<a href=\"mailto:shop@mydrap.com\">shop@mydrap.com<\/a>&nbsp;ou \u00e0 nous joindre par t\u00e9l\u00e9phone au num\u00e9ro (+34) 682 35 39 22 (du lundi au vendredi, de 9 h \u00e0 17 h, Espagne).<\/p>\n\n\n\n<h4 class=\"wp-block-heading\">Loi applicable et juridiction comp\u00e9tente<\/h4>\n\n\n\n<p>Les pr\u00e9sentes conditions seront r\u00e9gies par la loi espagnole, qui sera applicable dans les cas non pr\u00e9vus dans le pr\u00e9sent contrat en mati\u00e8re d\u2019interpr\u00e9tation, de validit\u00e9 et d\u2019ex\u00e9cution.<\/p>\n\n\n\n<h4 class=\"wp-block-heading\">Politique de retour de produits<\/h4>\n\n\n\n<p>Nous tenons \u00e0 souligner que le droit de r\u00e9traction ne sera pas applicable dans le cas de produits acquis \u00e0 travers ce&nbsp;<em>site Internet<\/em>&nbsp;et personnalis\u00e9s par l\u2019utilisateur lui-m\u00eame.<\/p>\n","protected":false},"excerpt":{"rendered":"<p>Le client disposera d\u2019un d\u00e9lai allant jusqu\u2019\u00e0 quatorze jours naturels \u00e0 compter de la date de r\u00e9ception du produit pour exercer son droit de r\u00e9tractation, sans en indiquer le motif. &hellip;<\/p>\n","protected":false},"author":1,"featured_media":0,"parent":0,"menu_order":5,"comment_status":"closed","ping_status":"closed","template":"","meta":{"_acf_changed":false,"footnotes":""},"class_list":["post-9029","page","type-page","status-publish","hentry"],"acf":[],"yoast_head":"<!-- This site is optimized with the Yoast SEO plugin v27.2 - https:\/\/yoast.com\/product\/yoast-seo-wordpress\/ -->\n<title>Politique de retour de produits - MY DRAP<\/title>\n<meta name=\"description\" content=\"Le client disposera d\u2019un d\u00e9lai allant jusqu\u2019\u00e0 quatorze jours naturels \u00e0 compter de la date de r\u00e9ception du produit pour exercer son droit de r\u00e9tractation,\" \/>\n<meta name=\"robots\" content=\"index, follow, max-snippet:-1, max-image-preview:large, max-video-preview:-1\" \/>\n<link rel=\"canonical\" href=\"https:\/\/eu.mydrap.com\/fr\/politique-de-retour-de-produits\/\" \/>\n<meta property=\"og:locale\" content=\"fr_FR\" \/>\n<meta property=\"og:type\" content=\"article\" \/>\n<meta property=\"og:title\" content=\"Politique de retour de produits - MY DRAP\" \/>\n<meta property=\"og:description\" content=\"Le client disposera d\u2019un d\u00e9lai allant jusqu\u2019\u00e0 quatorze jours naturels \u00e0 compter de la date de r\u00e9ception du produit pour exercer son droit de r\u00e9tractation,\" \/>\n<meta property=\"og:url\" content=\"https:\/\/eu.mydrap.com\/fr\/politique-de-retour-de-produits\/\" \/>\n<meta property=\"og:site_name\" content=\"MY DRAP\" \/>\n<meta property=\"article:modified_time\" content=\"2022-11-21T08:38:28+00:00\" \/>\n<meta name=\"twitter:card\" content=\"summary_large_image\" \/>\n<meta name=\"twitter:label1\" content=\"Dur\u00e9e de lecture estim\u00e9e\" \/>\n\t<meta name=\"twitter:data1\" content=\"3 minutes\" \/>\n<script type=\"application\/ld+json\" class=\"yoast-schema-graph\">{\"@context\":\"https:\/\/schema.org\",\"@graph\":[{\"@type\":\"WebPage\",\"@id\":\"https:\/\/eu.mydrap.com\/fr\/politique-de-retour-de-produits\/\",\"url\":\"https:\/\/eu.mydrap.com\/fr\/politique-de-retour-de-produits\/\",\"name\":\"Politique de retour de produits - MY DRAP\",\"isPartOf\":{\"@id\":\"https:\/\/eu.mydrap.com\/fr\/#website\"},\"datePublished\":\"2022-08-08T07:15:33+00:00\",\"dateModified\":\"2022-11-21T08:38:28+00:00\",\"description\":\"Le client disposera d\u2019un d\u00e9lai allant jusqu\u2019\u00e0 quatorze jours naturels \u00e0 compter de la date de r\u00e9ception du produit pour exercer son droit de r\u00e9tractation,\",\"breadcrumb\":{\"@id\":\"https:\/\/eu.mydrap.com\/fr\/politique-de-retour-de-produits\/#breadcrumb\"},\"inLanguage\":\"fr-FR\",\"potentialAction\":[{\"@type\":\"ReadAction\",\"target\":[\"https:\/\/eu.mydrap.com\/fr\/politique-de-retour-de-produits\/\"]}]},{\"@type\":\"BreadcrumbList\",\"@id\":\"https:\/\/eu.mydrap.com\/fr\/politique-de-retour-de-produits\/#breadcrumb\",\"itemListElement\":[{\"@type\":\"ListItem\",\"position\":1,\"name\":\"Portada\",\"item\":\"https:\/\/eu.mydrap.com\/fr\/\"},{\"@type\":\"ListItem\",\"position\":2,\"name\":\"Politique de retour de produits\"}]},{\"@type\":\"WebSite\",\"@id\":\"https:\/\/eu.mydrap.com\/fr\/#website\",\"url\":\"https:\/\/eu.mydrap.com\/fr\/\",\"name\":\"MY DRAP\",\"description\":\"El detalle que marca la diferencia\",\"publisher\":{\"@id\":\"https:\/\/eu.mydrap.com\/fr\/#organization\"},\"potentialAction\":[{\"@type\":\"SearchAction\",\"target\":{\"@type\":\"EntryPoint\",\"urlTemplate\":\"https:\/\/eu.mydrap.com\/fr\/?s={search_term_string}\"},\"query-input\":{\"@type\":\"PropertyValueSpecification\",\"valueRequired\":true,\"valueName\":\"search_term_string\"}}],\"inLanguage\":\"fr-FR\"},{\"@type\":\"Organization\",\"@id\":\"https:\/\/eu.mydrap.com\/fr\/#organization\",\"name\":\"MY DRAP\",\"url\":\"https:\/\/eu.mydrap.com\/fr\/\",\"logo\":{\"@type\":\"ImageObject\",\"inLanguage\":\"fr-FR\",\"@id\":\"https:\/\/eu.mydrap.com\/fr\/#\/schema\/logo\/image\/\",\"url\":\"https:\/\/eu.mydrap.com\/wp-content\/uploads\/logo_mydrap.png.webp\",\"contentUrl\":\"https:\/\/eu.mydrap.com\/wp-content\/uploads\/logo_mydrap.png.webp\",\"width\":182,\"height\":60,\"caption\":\"MY DRAP\"},\"image\":{\"@id\":\"https:\/\/eu.mydrap.com\/fr\/#\/schema\/logo\/image\/\"}}]}<\/script>\n<!-- \/ Yoast SEO plugin. -->","yoast_head_json":{"title":"Politique de retour de produits - MY DRAP","description":"Le client disposera d\u2019un d\u00e9lai allant jusqu\u2019\u00e0 quatorze jours naturels \u00e0 compter de la date de r\u00e9ception du produit pour exercer son droit de r\u00e9tractation,","robots":{"index":"index","follow":"follow","max-snippet":"max-snippet:-1","max-image-preview":"max-image-preview:large","max-video-preview":"max-video-preview:-1"},"canonical":"https:\/\/eu.mydrap.com\/fr\/politique-de-retour-de-produits\/","og_locale":"fr_FR","og_type":"article","og_title":"Politique de retour de produits - MY DRAP","og_description":"Le client disposera d\u2019un d\u00e9lai allant jusqu\u2019\u00e0 quatorze jours naturels \u00e0 compter de la date de r\u00e9ception du produit pour exercer son droit de r\u00e9tractation,","og_url":"https:\/\/eu.mydrap.com\/fr\/politique-de-retour-de-produits\/","og_site_name":"MY DRAP","article_modified_time":"2022-11-21T08:38:28+00:00","twitter_card":"summary_large_image","twitter_misc":{"Dur\u00e9e de lecture estim\u00e9e":"3 minutes"},"schema":{"@context":"https:\/\/schema.org","@graph":[{"@type":"WebPage","@id":"https:\/\/eu.mydrap.com\/fr\/politique-de-retour-de-produits\/","url":"https:\/\/eu.mydrap.com\/fr\/politique-de-retour-de-produits\/","name":"Politique de retour de produits - MY DRAP","isPartOf":{"@id":"https:\/\/eu.mydrap.com\/fr\/#website"},"datePublished":"2022-08-08T07:15:33+00:00","dateModified":"2022-11-21T08:38:28+00:00","description":"Le client disposera d\u2019un d\u00e9lai allant jusqu\u2019\u00e0 quatorze jours naturels \u00e0 compter de la date de r\u00e9ception du produit pour exercer son droit de r\u00e9tractation,","breadcrumb":{"@id":"https:\/\/eu.mydrap.com\/fr\/politique-de-retour-de-produits\/#breadcrumb"},"inLanguage":"fr-FR","potentialAction":[{"@type":"ReadAction","target":["https:\/\/eu.mydrap.com\/fr\/politique-de-retour-de-produits\/"]}]},{"@type":"BreadcrumbList","@id":"https:\/\/eu.mydrap.com\/fr\/politique-de-retour-de-produits\/#breadcrumb","itemListElement":[{"@type":"ListItem","position":1,"name":"Portada","item":"https:\/\/eu.mydrap.com\/fr\/"},{"@type":"ListItem","position":2,"name":"Politique de retour de produits"}]},{"@type":"WebSite","@id":"https:\/\/eu.mydrap.com\/fr\/#website","url":"https:\/\/eu.mydrap.com\/fr\/","name":"MY DRAP","description":"El detalle que marca la diferencia","publisher":{"@id":"https:\/\/eu.mydrap.com\/fr\/#organization"},"potentialAction":[{"@type":"SearchAction","target":{"@type":"EntryPoint","urlTemplate":"https:\/\/eu.mydrap.com\/fr\/?s={search_term_string}"},"query-input":{"@type":"PropertyValueSpecification","valueRequired":true,"valueName":"search_term_string"}}],"inLanguage":"fr-FR"},{"@type":"Organization","@id":"https:\/\/eu.mydrap.com\/fr\/#organization","name":"MY DRAP","url":"https:\/\/eu.mydrap.com\/fr\/","logo":{"@type":"ImageObject","inLanguage":"fr-FR","@id":"https:\/\/eu.mydrap.com\/fr\/#\/schema\/logo\/image\/","url":"https:\/\/eu.mydrap.com\/wp-content\/uploads\/logo_mydrap.png.webp","contentUrl":"https:\/\/eu.mydrap.com\/wp-content\/uploads\/logo_mydrap.png.webp","width":182,"height":60,"caption":"MY DRAP"},"image":{"@id":"https:\/\/eu.mydrap.com\/fr\/#\/schema\/logo\/image\/"}}]}},"_links":{"self":[{"href":"https:\/\/eu.mydrap.com\/fr\/wp-json\/wp\/v2\/pages\/9029","targetHints":{"allow":["GET"]}}],"collection":[{"href":"https:\/\/eu.mydrap.com\/fr\/wp-json\/wp\/v2\/pages"}],"about":[{"href":"https:\/\/eu.mydrap.com\/fr\/wp-json\/wp\/v2\/types\/page"}],"author":[{"embeddable":true,"href":"https:\/\/eu.mydrap.com\/fr\/wp-json\/wp\/v2\/users\/1"}],"replies":[{"embeddable":true,"href":"https:\/\/eu.mydrap.com\/fr\/wp-json\/wp\/v2\/comments?post=9029"}],"version-history":[{"count":0,"href":"https:\/\/eu.mydrap.com\/fr\/wp-json\/wp\/v2\/pages\/9029\/revisions"}],"wp:attachment":[{"href":"https:\/\/eu.mydrap.com\/fr\/wp-json\/wp\/v2\/media?parent=9029"}],"curies":[{"name":"wp","href":"https:\/\/api.w.org\/{rel}","templated":true}]}}