
{"id":9010,"date":"2022-09-20T09:28:56","date_gmt":"2022-09-20T09:28:56","guid":{"rendered":"https:\/\/eu.mydrap.com\/envios\/"},"modified":"2022-11-21T08:28:06","modified_gmt":"2022-11-21T08:28:06","slug":"envoi-de-commandes","status":"publish","type":"page","link":"https:\/\/eu.mydrap.com\/fr\/envoi-de-commandes\/","title":{"rendered":"Envoi de commandes"},"content":{"rendered":"\n<p>MY DRAP souhaite informer ses clients et utilisateurs qu\u2019elle accepte de distribuer des commandes uniquement&nbsp;en Espagne, au Royaume-Uni et en France, mais qu\u2019elle ne traite aucune commande r\u00e9alis\u00e9e \u00e0 travers le site Web en dehors&nbsp;de ces pays. Si un utilisateur souhaite recevoir un produit quelconque de MY DRAP en dehors&nbsp;de ces pays, il devra contacter l\u2019entreprise \u00e0 travers le formulaire correspondant ou adresser sa demande par courrier \u00e9lectronique \u00e0 l\u2019adresse e-mail&nbsp;<a href=\"mailto:shop@mydrap.com\">shop@mydrap.com<\/a>. D\u00e8s que nous l\u2019aurons \u00e9tudi\u00e9e, nous donnerons suite \u00e0 sa demande.<\/p>\n\n\n\n<p>Les frais d\u2019envoi varieront en fonction du poids, de la destination du colis et du mode d\u2019envoi, et seront \u00e0 la charge de l\u2019acheteur. Le montant total des frais d\u2019envoi sera affich\u00e9 dans le r\u00e9sum\u00e9 de la commande avant d\u2019engager la proc\u00e9dure d\u2019achat.<\/p>\n\n\n\n<h4 class=\"wp-block-heading\">Tarifs et options d\u2019envoi<\/h4>\n\n\n\n<figure class=\"wp-block-table\"><table><tbody><tr><td><strong>OPTIONS<\/strong><\/td><td><strong>D\u00c9LAIS DE LIVRAISON*<\/strong><\/td><td><strong>PRIX<\/strong><\/td><\/tr><tr><td>Espagne et Portugal Gratuit<\/td><td>24 h<\/td><td>\u00e0 partir de 29&nbsp;\u20ac<\/td><\/tr><tr><td>Espagne et Portugal Standard<\/td><td>24 h<\/td><td>6,50&nbsp;\u20ac<\/td><\/tr><tr><td>International Gratuit Zone 1 et 2<\/td><td>1 \u2013 5 jours<\/td><td>\u00e0 partir de 59 \u20ac<\/td><\/tr><tr><td>International Gratuit Zone 3<\/td><td>1 \u2013 5 jours<\/td><td>\u00e0 partir de 89 \u20ac<\/td><\/tr><tr><td>International Standard&nbsp; &nbsp; Zone 1<\/td><td>1 \u2013 3 jours<\/td><td>14,90&nbsp;\u20ac<\/td><\/tr><tr><td>International Standard&nbsp; &nbsp; Zone 2 et 3<\/td><td>3 \u2013 5 jours<\/td><td>19,90 \u20ac<\/td><\/tr><tr><td>International Express<\/td><td>24 h<\/td><td>30,60 \u20ac<\/td><\/tr><\/tbody><\/table><\/figure>\n\n\n\n<p><em>* Le d\u00e9lai de livraison est calcul\u00e9 en jours ouvrables.<\/em><\/p>\n\n\n\n<p><em>* Les commandes r\u00e9alis\u00e9es \u00e0 partir de 14h seront pr\u00e9par\u00e9es le lendemain.<\/em><\/p>\n\n\n\n<p>Ces d\u00e9lais peuvent varier pour des raisons de logistique ou de force majeure. En cas de retards dans les livraisons, MY DRAP informera ses clients d\u00e8s qu\u2019elle en aura connaissance. Le d\u00e9lai de livraison habituel pour la p\u00e9ninsule est de 24 \u00e0 48 heures et, pour les \u00eeles Canaries, il est de 48 \u00e0 72 heures. Heures de livraison: de 9 h \u00e0 20 h, du lundi au vendredi, sauf les jours f\u00e9ri\u00e9s, en fonction de la tourn\u00e9e de livraison.<\/p>\n\n\n\n<h4 class=\"wp-block-heading\">Livraisons nationales<\/h4>\n\n\n\n<p>Les livraisons sont r\u00e9alis\u00e9es du lundi au vendredi, sauf les jours f\u00e9ri\u00e9s. Dans le cas o\u00f9 le client ou la personne autoris\u00e9e ne seraient pas pr\u00e9sents au moment de la livraison pour r\u00e9ceptionner leur commande, le transporteur leur laissera un avis de passage ; ils recevront aussi un sms pour pouvoir retirer le colis dans la succursale la plus proche. Si au bout de deux jours, ils n\u2019ont pas contact\u00e9 la succursale pour r\u00e9cup\u00e9rer leur commande, celle-ci sera retourn\u00e9e \u00e0 MY DRAP.<\/p>\n\n\n\n<h4 class=\"wp-block-heading\">Livraisons internationales<\/h4>\n\n\n\n<p>Les livraisons sont r\u00e9alis\u00e9es du lundi au vendredi, sauf les jours f\u00e9ri\u00e9s. Dans le cas o\u00f9 le client ou la personne autoris\u00e9e ne seraient pas pr\u00e9sents au moment de la livraison pour r\u00e9ceptionner leur commande, le transporteur leur laissera un avis de passage pour leur communiquer le POINT DE RETRAIT le plus proche o\u00f9 ils pourront retirer leur colis. Si au bout de deux jours, ils n\u2019ont pas contact\u00e9 la succursale pour r\u00e9cup\u00e9rer leur commande, celle-ci sera retourn\u00e9e \u00e0 MY DRAP.&nbsp;&nbsp;<\/p>\n\n\n\n<p>MY DRAP met l\u2019accent sur la responsabilit\u00e9 de l\u2019utilisateur concernant la saisie d\u2019une adresse de livraison compl\u00e8te et correcte. D\u00e8s le d\u00e9part de la commande du magasin en vue de sa distribution, le client sera inform\u00e9 et le transporteur veillera \u00e0 activer les m\u00e9canismes de suivi afin de garantir la livraison.<\/p>\n\n\n\n<p>Dans le cas o\u00f9 le client ou la personne autoris\u00e9e ne seraient pas pr\u00e9sents au moment de la livraison, et que 7 jours ouvrables se seraient \u00e9coul\u00e9s sans que ceux-ci aient pu \u00eatre contact\u00e9s ou que la commande ait pu \u00eatre livr\u00e9e, les frais de renvoi post\u00e9rieur seront \u00e0 la charge du client.<\/p>\n\n\n\n<p>ZONE 1<\/p>\n\n\n\n<p>Pays de la zone 1 selon les options tarifaires et d\u2019exp\u00e9dition: France et Italie.<\/p>\n\n\n\n<p>ZONE 2<\/p>\n\n\n\n<p>Pays de la zone 2 selon les options tarifaires et d\u2019exp\u00e9dition: Allemagne, Autriche, Belgique, Bulgarie, Danemark, \u00c9cosse, Slovaquie, Estonie, Finlande, Pays de Galles, Gr\u00e8ce, Pays-Bas, Hongrie, Irlande, Lettonie, Lituanie, Luxembourg, Pologne, R\u00e9publique tch\u00e8que, Roumanie et Su\u00e8de.<\/p>\n\n\n\n<p>ZONE 3<\/p>\n\n\n\n<p>Pays de la zone 2 selon les options tarifaires et d\u2019exp\u00e9dition: Norv\u00e8ge, Royaume-Uni et Suisse.<\/p>\n\n\n\n<p>LIVRAISONS INTERNATIONALES EXPRESS<\/p>\n\n\n\n<p>MY DRAP offre le service de livraisons internationales express 24 h en France et au Royaume-Uni. Si un utilisateur souhaite recevoir un produit quelconque \u00e0 travers le service international express en dehors du territoire indiqu\u00e9, il devra contacter l\u2019entreprise au moyen du formulaire de contact ou adresser sa demande par courrier \u00e9lectronique \u00e0 l\u2019adresse e-mail&nbsp;shop@mydrap.com.&nbsp;D\u00e8s que nous l\u2019aurons&nbsp; tudi\u00e9e, nous donnerons suite \u00e0 sa demande.<\/p>\n\n\n\n<p>MY DRAP met l\u2019accent sur la responsabilit\u00e9 de l\u2019utilisateur concernant la saisie d\u2019une adresse de livraison compl\u00e8te et correcte. D\u00e8s le d\u00e9part de la commande du magasin en vue de sa distribution, le client sera inform\u00e9 et le transporteur veillera \u00e0 activer les m\u00e9canismes de suivi afin de garantir la livraison.<\/p>\n\n\n\n<p>Dans le cas o\u00f9 le client ou la personne autoris\u00e9e ne seraient pas pr\u00e9sents au moment de la livraison, et que 7 jours ouvrables se seraient \u00e9coul\u00e9s sans que ceux-ci aient pu \u00eatre contact\u00e9s ou que la commande ait pu \u00eatre livr\u00e9e, les frais de renvoi post\u00e9rieur seront \u00e0 la charge du client.<\/p>\n\n\n\n<h4 class=\"wp-block-heading\">Personnalisation<\/h4>\n\n\n\n<p>Les produits personnalis\u00e9s n\u00e9cessitent un d\u00e9lai de livraison approximatif de 7 \u00e0 10 jours ouvrables \u00e0 compter de la confirmation de la commande.<\/p>\n\n\n\n<h4 class=\"wp-block-heading\">Exceptions dans les d\u00e9lais de livraison<\/h4>\n\n\n\n<p>Pendant les p\u00e9riodes d\u2019offres sp\u00e9ciales lanc\u00e9es par MY DRAP sur son&nbsp;<em>site Web<\/em>, le d\u00e9lai de livraison peut \u00eatre plus long que de coutume.<\/p>\n\n\n\n<p>Les p\u00e9riodes de vacances de MY DRAP seront communiqu\u00e9es sur le&nbsp;<em>site Web<\/em>&nbsp;et au cours de la proc\u00e9dure d\u2019achat.<\/p>\n\n\n\n<p>MY DRAP d\u00e9clinera toute responsabilit\u00e9 en cas de retard dans la livraison des commandes qui serait exclusivement de la faute de l\u2019acheteur ou de la personne autoris\u00e9e.<\/p>\n\n\n\n<p>Le client supporte les risques de d\u00e9t\u00e9rioration, de pr\u00e9judice, de dommages et de perte de produits de la commande \u00e0 partir du moment o\u00f9 ceux-ci ont \u00e9t\u00e9 livr\u00e9s, conform\u00e9ment \u00e0 la proc\u00e9dure pr\u00e9vue dans les pr\u00e9sentes Conditions g\u00e9n\u00e9rales de vente.<\/p>\n","protected":false},"excerpt":{"rendered":"<p>MY DRAP souhaite informer ses clients et utilisateurs qu\u2019elle accepte de distribuer des commandes uniquement&nbsp;en Espagne, au Royaume-Uni et en France, mais qu\u2019elle ne traite aucune commande r\u00e9alis\u00e9e \u00e0 travers &hellip;<\/p>\n","protected":false},"author":1,"featured_media":0,"parent":0,"menu_order":0,"comment_status":"closed","ping_status":"closed","template":"","meta":{"_acf_changed":false,"footnotes":""},"class_list":["post-9010","page","type-page","status-publish","hentry"],"acf":[],"yoast_head":"<!-- This site is optimized with the Yoast SEO plugin v27.4 - https:\/\/yoast.com\/product\/yoast-seo-wordpress\/ -->\n<title>Envoi de commandes - MY DRAP<\/title>\n<meta name=\"description\" content=\"MY DRAP souhaite informer ses clients et utilisateurs qu\u2019elle accepte de distribuer des commandes uniquement&nbsp;en Espagne, au Royaume-Uni et en France,\" \/>\n<meta name=\"robots\" content=\"index, follow, max-snippet:-1, max-image-preview:large, max-video-preview:-1\" \/>\n<link rel=\"canonical\" href=\"https:\/\/eu.mydrap.com\/fr\/envoi-de-commandes\/\" \/>\n<meta property=\"og:locale\" content=\"fr_FR\" \/>\n<meta property=\"og:type\" content=\"article\" \/>\n<meta property=\"og:title\" content=\"Envoi de commandes - MY DRAP\" \/>\n<meta property=\"og:description\" content=\"MY DRAP souhaite informer ses clients et utilisateurs qu\u2019elle accepte de distribuer des commandes uniquement&nbsp;en Espagne, au Royaume-Uni et en France,\" \/>\n<meta property=\"og:url\" content=\"https:\/\/eu.mydrap.com\/fr\/envoi-de-commandes\/\" \/>\n<meta property=\"og:site_name\" content=\"MY DRAP\" \/>\n<meta property=\"article:modified_time\" content=\"2022-11-21T08:28:06+00:00\" \/>\n<meta name=\"twitter:card\" content=\"summary_large_image\" \/>\n<meta name=\"twitter:label1\" content=\"Dur\u00e9e de lecture estim\u00e9e\" \/>\n\t<meta name=\"twitter:data1\" content=\"5 minutes\" \/>\n<script type=\"application\/ld+json\" class=\"yoast-schema-graph\">{\"@context\":\"https:\\\/\\\/schema.org\",\"@graph\":[{\"@type\":\"WebPage\",\"@id\":\"https:\\\/\\\/eu.mydrap.com\\\/fr\\\/envoi-de-commandes\\\/\",\"url\":\"https:\\\/\\\/eu.mydrap.com\\\/fr\\\/envoi-de-commandes\\\/\",\"name\":\"Envoi de commandes - MY DRAP\",\"isPartOf\":{\"@id\":\"https:\\\/\\\/eu.mydrap.com\\\/fr\\\/#website\"},\"datePublished\":\"2022-09-20T09:28:56+00:00\",\"dateModified\":\"2022-11-21T08:28:06+00:00\",\"description\":\"MY DRAP souhaite informer ses clients et utilisateurs qu\u2019elle accepte de distribuer des commandes uniquement&nbsp;en Espagne, au Royaume-Uni et en France,\",\"breadcrumb\":{\"@id\":\"https:\\\/\\\/eu.mydrap.com\\\/fr\\\/envoi-de-commandes\\\/#breadcrumb\"},\"inLanguage\":\"fr-FR\",\"potentialAction\":[{\"@type\":\"ReadAction\",\"target\":[\"https:\\\/\\\/eu.mydrap.com\\\/fr\\\/envoi-de-commandes\\\/\"]}]},{\"@type\":\"BreadcrumbList\",\"@id\":\"https:\\\/\\\/eu.mydrap.com\\\/fr\\\/envoi-de-commandes\\\/#breadcrumb\",\"itemListElement\":[{\"@type\":\"ListItem\",\"position\":1,\"name\":\"Portada\",\"item\":\"https:\\\/\\\/eu.mydrap.com\\\/fr\\\/\"},{\"@type\":\"ListItem\",\"position\":2,\"name\":\"Envoi de commandes\"}]},{\"@type\":\"WebSite\",\"@id\":\"https:\\\/\\\/eu.mydrap.com\\\/fr\\\/#website\",\"url\":\"https:\\\/\\\/eu.mydrap.com\\\/fr\\\/\",\"name\":\"MY DRAP\",\"description\":\"El detalle que marca la diferencia\",\"publisher\":{\"@id\":\"https:\\\/\\\/eu.mydrap.com\\\/fr\\\/#organization\"},\"potentialAction\":[{\"@type\":\"SearchAction\",\"target\":{\"@type\":\"EntryPoint\",\"urlTemplate\":\"https:\\\/\\\/eu.mydrap.com\\\/fr\\\/?s={search_term_string}\"},\"query-input\":{\"@type\":\"PropertyValueSpecification\",\"valueRequired\":true,\"valueName\":\"search_term_string\"}}],\"inLanguage\":\"fr-FR\"},{\"@type\":\"Organization\",\"@id\":\"https:\\\/\\\/eu.mydrap.com\\\/fr\\\/#organization\",\"name\":\"MY DRAP\",\"url\":\"https:\\\/\\\/eu.mydrap.com\\\/fr\\\/\",\"logo\":{\"@type\":\"ImageObject\",\"inLanguage\":\"fr-FR\",\"@id\":\"https:\\\/\\\/eu.mydrap.com\\\/fr\\\/#\\\/schema\\\/logo\\\/image\\\/\",\"url\":\"https:\\\/\\\/eu.mydrap.com\\\/wp-content\\\/uploads\\\/logo_mydrap.png.webp\",\"contentUrl\":\"https:\\\/\\\/eu.mydrap.com\\\/wp-content\\\/uploads\\\/logo_mydrap.png.webp\",\"width\":182,\"height\":60,\"caption\":\"MY DRAP\"},\"image\":{\"@id\":\"https:\\\/\\\/eu.mydrap.com\\\/fr\\\/#\\\/schema\\\/logo\\\/image\\\/\"}}]}<\/script>\n<!-- \/ Yoast SEO plugin. -->","yoast_head_json":{"title":"Envoi de commandes - MY DRAP","description":"MY DRAP souhaite informer ses clients et utilisateurs qu\u2019elle accepte de distribuer des commandes uniquement&nbsp;en Espagne, au Royaume-Uni et en France,","robots":{"index":"index","follow":"follow","max-snippet":"max-snippet:-1","max-image-preview":"max-image-preview:large","max-video-preview":"max-video-preview:-1"},"canonical":"https:\/\/eu.mydrap.com\/fr\/envoi-de-commandes\/","og_locale":"fr_FR","og_type":"article","og_title":"Envoi de commandes - MY DRAP","og_description":"MY DRAP souhaite informer ses clients et utilisateurs qu\u2019elle accepte de distribuer des commandes uniquement&nbsp;en Espagne, au Royaume-Uni et en France,","og_url":"https:\/\/eu.mydrap.com\/fr\/envoi-de-commandes\/","og_site_name":"MY DRAP","article_modified_time":"2022-11-21T08:28:06+00:00","twitter_card":"summary_large_image","twitter_misc":{"Dur\u00e9e de lecture estim\u00e9e":"5 minutes"},"schema":{"@context":"https:\/\/schema.org","@graph":[{"@type":"WebPage","@id":"https:\/\/eu.mydrap.com\/fr\/envoi-de-commandes\/","url":"https:\/\/eu.mydrap.com\/fr\/envoi-de-commandes\/","name":"Envoi de commandes - MY DRAP","isPartOf":{"@id":"https:\/\/eu.mydrap.com\/fr\/#website"},"datePublished":"2022-09-20T09:28:56+00:00","dateModified":"2022-11-21T08:28:06+00:00","description":"MY DRAP souhaite informer ses clients et utilisateurs qu\u2019elle accepte de distribuer des commandes uniquement&nbsp;en Espagne, au Royaume-Uni et en France,","breadcrumb":{"@id":"https:\/\/eu.mydrap.com\/fr\/envoi-de-commandes\/#breadcrumb"},"inLanguage":"fr-FR","potentialAction":[{"@type":"ReadAction","target":["https:\/\/eu.mydrap.com\/fr\/envoi-de-commandes\/"]}]},{"@type":"BreadcrumbList","@id":"https:\/\/eu.mydrap.com\/fr\/envoi-de-commandes\/#breadcrumb","itemListElement":[{"@type":"ListItem","position":1,"name":"Portada","item":"https:\/\/eu.mydrap.com\/fr\/"},{"@type":"ListItem","position":2,"name":"Envoi de commandes"}]},{"@type":"WebSite","@id":"https:\/\/eu.mydrap.com\/fr\/#website","url":"https:\/\/eu.mydrap.com\/fr\/","name":"MY DRAP","description":"El detalle que marca la diferencia","publisher":{"@id":"https:\/\/eu.mydrap.com\/fr\/#organization"},"potentialAction":[{"@type":"SearchAction","target":{"@type":"EntryPoint","urlTemplate":"https:\/\/eu.mydrap.com\/fr\/?s={search_term_string}"},"query-input":{"@type":"PropertyValueSpecification","valueRequired":true,"valueName":"search_term_string"}}],"inLanguage":"fr-FR"},{"@type":"Organization","@id":"https:\/\/eu.mydrap.com\/fr\/#organization","name":"MY DRAP","url":"https:\/\/eu.mydrap.com\/fr\/","logo":{"@type":"ImageObject","inLanguage":"fr-FR","@id":"https:\/\/eu.mydrap.com\/fr\/#\/schema\/logo\/image\/","url":"https:\/\/eu.mydrap.com\/wp-content\/uploads\/logo_mydrap.png.webp","contentUrl":"https:\/\/eu.mydrap.com\/wp-content\/uploads\/logo_mydrap.png.webp","width":182,"height":60,"caption":"MY DRAP"},"image":{"@id":"https:\/\/eu.mydrap.com\/fr\/#\/schema\/logo\/image\/"}}]}},"_links":{"self":[{"href":"https:\/\/eu.mydrap.com\/fr\/wp-json\/wp\/v2\/pages\/9010","targetHints":{"allow":["GET"]}}],"collection":[{"href":"https:\/\/eu.mydrap.com\/fr\/wp-json\/wp\/v2\/pages"}],"about":[{"href":"https:\/\/eu.mydrap.com\/fr\/wp-json\/wp\/v2\/types\/page"}],"author":[{"embeddable":true,"href":"https:\/\/eu.mydrap.com\/fr\/wp-json\/wp\/v2\/users\/1"}],"replies":[{"embeddable":true,"href":"https:\/\/eu.mydrap.com\/fr\/wp-json\/wp\/v2\/comments?post=9010"}],"version-history":[{"count":0,"href":"https:\/\/eu.mydrap.com\/fr\/wp-json\/wp\/v2\/pages\/9010\/revisions"}],"wp:attachment":[{"href":"https:\/\/eu.mydrap.com\/fr\/wp-json\/wp\/v2\/media?parent=9010"}],"curies":[{"name":"wp","href":"https:\/\/api.w.org\/{rel}","templated":true}]}}