
{"id":7481,"date":"2022-11-25T07:25:55","date_gmt":"2022-11-25T07:25:55","guid":{"rendered":"https:\/\/eu.mydrap.com\/producto\/servilletas-de-tela-de-mesa-verde-ingles\/"},"modified":"2023-11-06T12:43:40","modified_gmt":"2023-11-06T12:43:40","slug":"servilletas-de-tela-de-mesa-verde-ingles","status":"publish","type":"product","link":"https:\/\/eu.mydrap.com\/es\/producto\/servilletas-de-tela-de-mesa-verde-ingles\/","title":{"rendered":"Servilletas de tela de mesa verde ingl\u00e9s"},"content":{"rendered":"<p>Tejido 100 % natural y de primera calidad que aporta m\u00e1xima absorci\u00f3n y resistencia sin renunciar a un tacto suave y agradable. Una alternativa elegante a las servilletas de papel.<\/p>\n","protected":false},"excerpt":{"rendered":"<p>Rollo de 12 servilletas de tela de 30&#215;30 cm en color verde ingl\u00e9s y 100 % algod\u00f3n. El tama\u00f1o de servilleta m\u00e1s universal. Tanto para una comida familiar, como una cena con invitados. Ideales para vestir tu mesa en todo tipo de celebraciones y eventos formales en casa.<\/p>\n","protected":false},"featured_media":3407,"template":"","meta":{"_acf_changed":false},"product_brand":[],"product_cat":[83],"product_tag":[],"class_list":{"0":"post-7481","1":"product","2":"type-product","3":"status-publish","4":"has-post-thumbnail","6":"product_cat-servilletas-de-tela","8":"first","9":"instock","10":"taxable","11":"shipping-taxable","12":"purchasable","13":"product-type-simple"},"acf":[],"yoast_head":"<!-- This site is optimized with the Yoast SEO plugin v27.2 - https:\/\/yoast.com\/product\/yoast-seo-wordpress\/ -->\n<title>Servilletas de tela de mesa. Color verde ingl\u00e9s - Comprar online - MYDRAP<\/title>\n<meta name=\"description\" content=\"Servilletas de tela de mesa color verde ingl\u00e9s. Rollo de 12 uds de 30x30 cm, 100 % algod\u00f3n de tacto suave y agradable, ideales para cenas y eventos formales \u00a1Pru\u00e9balas!\" \/>\n<meta name=\"robots\" content=\"index, follow, max-snippet:-1, max-image-preview:large, max-video-preview:-1\" \/>\n<link rel=\"canonical\" href=\"https:\/\/eu.mydrap.com\/es\/producto\/servilletas-de-tela-de-mesa-verde-ingles\/\" \/>\n<meta property=\"og:locale\" content=\"es_ES\" \/>\n<meta property=\"og:type\" content=\"article\" \/>\n<meta property=\"og:title\" content=\"Servilletas de tela de mesa. Color verde ingl\u00e9s - Comprar online - MYDRAP\" \/>\n<meta property=\"og:description\" content=\"Servilletas de tela de mesa color verde ingl\u00e9s. Rollo de 12 uds de 30x30 cm, 100 % algod\u00f3n de tacto suave y agradable, ideales para cenas y eventos formales \u00a1Pru\u00e9balas!\" \/>\n<meta property=\"og:url\" content=\"https:\/\/eu.mydrap.com\/es\/producto\/servilletas-de-tela-de-mesa-verde-ingles\/\" \/>\n<meta property=\"og:site_name\" content=\"MY DRAP\" \/>\n<meta property=\"article:modified_time\" content=\"2023-11-06T12:43:40+00:00\" \/>\n<meta property=\"og:image\" content=\"https:\/\/eu.mydrap.com\/wp-content\/uploads\/SL3232-A-R05N-501_Cotton_00.jpg\" \/>\n\t<meta property=\"og:image:width\" content=\"1920\" \/>\n\t<meta property=\"og:image:height\" content=\"1920\" \/>\n\t<meta property=\"og:image:type\" content=\"image\/jpeg\" \/>\n<meta name=\"twitter:card\" content=\"summary_large_image\" \/>\n<script type=\"application\/ld+json\" class=\"yoast-schema-graph\">{\"@context\":\"https:\/\/schema.org\",\"@graph\":[{\"@type\":\"WebPage\",\"@id\":\"https:\/\/eu.mydrap.com\/es\/producto\/servilletas-de-tela-de-mesa-verde-ingles\/\",\"url\":\"https:\/\/eu.mydrap.com\/es\/producto\/servilletas-de-tela-de-mesa-verde-ingles\/\",\"name\":\"Servilletas de tela de mesa. Color verde ingl\u00e9s - Comprar online - MYDRAP\",\"isPartOf\":{\"@id\":\"https:\/\/eu.mydrap.com\/es\/#website\"},\"primaryImageOfPage\":{\"@id\":\"https:\/\/eu.mydrap.com\/es\/producto\/servilletas-de-tela-de-mesa-verde-ingles\/#primaryimage\"},\"image\":{\"@id\":\"https:\/\/eu.mydrap.com\/es\/producto\/servilletas-de-tela-de-mesa-verde-ingles\/#primaryimage\"},\"thumbnailUrl\":\"https:\/\/eu.mydrap.com\/wp-content\/uploads\/SL3232-A-R05N-501_Cotton_00.jpg\",\"datePublished\":\"2022-11-25T07:25:55+00:00\",\"dateModified\":\"2023-11-06T12:43:40+00:00\",\"description\":\"Servilletas de tela de mesa color verde ingl\u00e9s. Rollo de 12 uds de 30x30 cm, 100 % algod\u00f3n de tacto suave y agradable, ideales para cenas y eventos formales \u00a1Pru\u00e9balas!\",\"breadcrumb\":{\"@id\":\"https:\/\/eu.mydrap.com\/es\/producto\/servilletas-de-tela-de-mesa-verde-ingles\/#breadcrumb\"},\"inLanguage\":\"es\",\"potentialAction\":[{\"@type\":\"ReadAction\",\"target\":[\"https:\/\/eu.mydrap.com\/es\/producto\/servilletas-de-tela-de-mesa-verde-ingles\/\"]}]},{\"@type\":\"ImageObject\",\"inLanguage\":\"es\",\"@id\":\"https:\/\/eu.mydrap.com\/es\/producto\/servilletas-de-tela-de-mesa-verde-ingles\/#primaryimage\",\"url\":\"https:\/\/eu.mydrap.com\/wp-content\/uploads\/SL3232-A-R05N-501_Cotton_00.jpg\",\"contentUrl\":\"https:\/\/eu.mydrap.com\/wp-content\/uploads\/SL3232-A-R05N-501_Cotton_00.jpg\",\"width\":1920,\"height\":1920,\"caption\":\"Servilletas de tela de mesa verde ingl\u00e9s 30x30\"},{\"@type\":\"BreadcrumbList\",\"@id\":\"https:\/\/eu.mydrap.com\/es\/producto\/servilletas-de-tela-de-mesa-verde-ingles\/#breadcrumb\",\"itemListElement\":[{\"@type\":\"ListItem\",\"position\":1,\"name\":\"Portada\",\"item\":\"https:\/\/eu.mydrap.com\/es\/\"},{\"@type\":\"ListItem\",\"position\":2,\"name\":\"Productos\",\"item\":\"https:\/\/eu.mydrap.com\/es\/productos\/\"},{\"@type\":\"ListItem\",\"position\":3,\"name\":\"Servilletas de tela de mesa verde ingl\u00e9s\"}]},{\"@type\":\"WebSite\",\"@id\":\"https:\/\/eu.mydrap.com\/es\/#website\",\"url\":\"https:\/\/eu.mydrap.com\/es\/\",\"name\":\"MY DRAP\",\"description\":\"El detalle que marca la diferencia\",\"publisher\":{\"@id\":\"https:\/\/eu.mydrap.com\/es\/#organization\"},\"potentialAction\":[{\"@type\":\"SearchAction\",\"target\":{\"@type\":\"EntryPoint\",\"urlTemplate\":\"https:\/\/eu.mydrap.com\/es\/?s={search_term_string}\"},\"query-input\":{\"@type\":\"PropertyValueSpecification\",\"valueRequired\":true,\"valueName\":\"search_term_string\"}}],\"inLanguage\":\"es\"},{\"@type\":\"Organization\",\"@id\":\"https:\/\/eu.mydrap.com\/es\/#organization\",\"name\":\"MY DRAP\",\"url\":\"https:\/\/eu.mydrap.com\/es\/\",\"logo\":{\"@type\":\"ImageObject\",\"inLanguage\":\"es\",\"@id\":\"https:\/\/eu.mydrap.com\/es\/#\/schema\/logo\/image\/\",\"url\":\"https:\/\/eu.mydrap.com\/wp-content\/uploads\/logo_mydrap.png.webp\",\"contentUrl\":\"https:\/\/eu.mydrap.com\/wp-content\/uploads\/logo_mydrap.png.webp\",\"width\":182,\"height\":60,\"caption\":\"MY DRAP\"},\"image\":{\"@id\":\"https:\/\/eu.mydrap.com\/es\/#\/schema\/logo\/image\/\"}}]}<\/script>\n<!-- \/ Yoast SEO plugin. -->","yoast_head_json":{"title":"Servilletas de tela de mesa. Color verde ingl\u00e9s - Comprar online - MYDRAP","description":"Servilletas de tela de mesa color verde ingl\u00e9s. Rollo de 12 uds de 30x30 cm, 100 % algod\u00f3n de tacto suave y agradable, ideales para cenas y eventos formales \u00a1Pru\u00e9balas!","robots":{"index":"index","follow":"follow","max-snippet":"max-snippet:-1","max-image-preview":"max-image-preview:large","max-video-preview":"max-video-preview:-1"},"canonical":"https:\/\/eu.mydrap.com\/es\/producto\/servilletas-de-tela-de-mesa-verde-ingles\/","og_locale":"es_ES","og_type":"article","og_title":"Servilletas de tela de mesa. Color verde ingl\u00e9s - Comprar online - MYDRAP","og_description":"Servilletas de tela de mesa color verde ingl\u00e9s. Rollo de 12 uds de 30x30 cm, 100 % algod\u00f3n de tacto suave y agradable, ideales para cenas y eventos formales \u00a1Pru\u00e9balas!","og_url":"https:\/\/eu.mydrap.com\/es\/producto\/servilletas-de-tela-de-mesa-verde-ingles\/","og_site_name":"MY DRAP","article_modified_time":"2023-11-06T12:43:40+00:00","og_image":[{"width":1920,"height":1920,"url":"https:\/\/eu.mydrap.com\/wp-content\/uploads\/SL3232-A-R05N-501_Cotton_00.jpg","type":"image\/jpeg"}],"twitter_card":"summary_large_image","schema":{"@context":"https:\/\/schema.org","@graph":[{"@type":"WebPage","@id":"https:\/\/eu.mydrap.com\/es\/producto\/servilletas-de-tela-de-mesa-verde-ingles\/","url":"https:\/\/eu.mydrap.com\/es\/producto\/servilletas-de-tela-de-mesa-verde-ingles\/","name":"Servilletas de tela de mesa. Color verde ingl\u00e9s - Comprar online - MYDRAP","isPartOf":{"@id":"https:\/\/eu.mydrap.com\/es\/#website"},"primaryImageOfPage":{"@id":"https:\/\/eu.mydrap.com\/es\/producto\/servilletas-de-tela-de-mesa-verde-ingles\/#primaryimage"},"image":{"@id":"https:\/\/eu.mydrap.com\/es\/producto\/servilletas-de-tela-de-mesa-verde-ingles\/#primaryimage"},"thumbnailUrl":"https:\/\/eu.mydrap.com\/wp-content\/uploads\/SL3232-A-R05N-501_Cotton_00.jpg","datePublished":"2022-11-25T07:25:55+00:00","dateModified":"2023-11-06T12:43:40+00:00","description":"Servilletas de tela de mesa color verde ingl\u00e9s. Rollo de 12 uds de 30x30 cm, 100 % algod\u00f3n de tacto suave y agradable, ideales para cenas y eventos formales \u00a1Pru\u00e9balas!","breadcrumb":{"@id":"https:\/\/eu.mydrap.com\/es\/producto\/servilletas-de-tela-de-mesa-verde-ingles\/#breadcrumb"},"inLanguage":"es","potentialAction":[{"@type":"ReadAction","target":["https:\/\/eu.mydrap.com\/es\/producto\/servilletas-de-tela-de-mesa-verde-ingles\/"]}]},{"@type":"ImageObject","inLanguage":"es","@id":"https:\/\/eu.mydrap.com\/es\/producto\/servilletas-de-tela-de-mesa-verde-ingles\/#primaryimage","url":"https:\/\/eu.mydrap.com\/wp-content\/uploads\/SL3232-A-R05N-501_Cotton_00.jpg","contentUrl":"https:\/\/eu.mydrap.com\/wp-content\/uploads\/SL3232-A-R05N-501_Cotton_00.jpg","width":1920,"height":1920,"caption":"Servilletas de tela de mesa verde ingl\u00e9s 30x30"},{"@type":"BreadcrumbList","@id":"https:\/\/eu.mydrap.com\/es\/producto\/servilletas-de-tela-de-mesa-verde-ingles\/#breadcrumb","itemListElement":[{"@type":"ListItem","position":1,"name":"Portada","item":"https:\/\/eu.mydrap.com\/es\/"},{"@type":"ListItem","position":2,"name":"Productos","item":"https:\/\/eu.mydrap.com\/es\/productos\/"},{"@type":"ListItem","position":3,"name":"Servilletas de tela de mesa verde ingl\u00e9s"}]},{"@type":"WebSite","@id":"https:\/\/eu.mydrap.com\/es\/#website","url":"https:\/\/eu.mydrap.com\/es\/","name":"MY DRAP","description":"El detalle que marca la diferencia","publisher":{"@id":"https:\/\/eu.mydrap.com\/es\/#organization"},"potentialAction":[{"@type":"SearchAction","target":{"@type":"EntryPoint","urlTemplate":"https:\/\/eu.mydrap.com\/es\/?s={search_term_string}"},"query-input":{"@type":"PropertyValueSpecification","valueRequired":true,"valueName":"search_term_string"}}],"inLanguage":"es"},{"@type":"Organization","@id":"https:\/\/eu.mydrap.com\/es\/#organization","name":"MY DRAP","url":"https:\/\/eu.mydrap.com\/es\/","logo":{"@type":"ImageObject","inLanguage":"es","@id":"https:\/\/eu.mydrap.com\/es\/#\/schema\/logo\/image\/","url":"https:\/\/eu.mydrap.com\/wp-content\/uploads\/logo_mydrap.png.webp","contentUrl":"https:\/\/eu.mydrap.com\/wp-content\/uploads\/logo_mydrap.png.webp","width":182,"height":60,"caption":"MY DRAP"},"image":{"@id":"https:\/\/eu.mydrap.com\/es\/#\/schema\/logo\/image\/"}}]}},"_links":{"self":[{"href":"https:\/\/eu.mydrap.com\/es\/wp-json\/wp\/v2\/product\/7481","targetHints":{"allow":["GET"]}}],"collection":[{"href":"https:\/\/eu.mydrap.com\/es\/wp-json\/wp\/v2\/product"}],"about":[{"href":"https:\/\/eu.mydrap.com\/es\/wp-json\/wp\/v2\/types\/product"}],"wp:featuredmedia":[{"embeddable":true,"href":"https:\/\/eu.mydrap.com\/es\/wp-json\/wp\/v2\/media\/3407"}],"wp:attachment":[{"href":"https:\/\/eu.mydrap.com\/es\/wp-json\/wp\/v2\/media?parent=7481"}],"wp:term":[{"taxonomy":"product_brand","embeddable":true,"href":"https:\/\/eu.mydrap.com\/es\/wp-json\/wp\/v2\/product_brand?post=7481"},{"taxonomy":"product_cat","embeddable":true,"href":"https:\/\/eu.mydrap.com\/es\/wp-json\/wp\/v2\/product_cat?post=7481"},{"taxonomy":"product_tag","embeddable":true,"href":"https:\/\/eu.mydrap.com\/es\/wp-json\/wp\/v2\/product_tag?post=7481"}],"curies":[{"name":"wp","href":"https:\/\/api.w.org\/{rel}","templated":true}]}}