
{"id":946,"date":"2022-09-20T09:30:10","date_gmt":"2022-09-20T09:30:10","guid":{"rendered":"https:\/\/eu.mydrap.com\/?page_id=946"},"modified":"2022-10-03T09:39:50","modified_gmt":"2022-10-03T09:39:50","slug":"plazos-de-entrega","status":"publish","type":"page","link":"https:\/\/eu.mydrap.com\/es\/plazos-de-entrega\/","title":{"rendered":"Plazos de entrega"},"content":{"rendered":"\n<p>El plazo de entrega habitual para pen\u00ednsula es entre 24 y 48 horas y Canarias 48-72 horas.&nbsp; Horario de entrega: de 9:00 h. a 21:00 h. de lunes a viernes, en funci\u00f3n de la ruta de reparto. Estos plazos pueden variar por razones de log\u00edstica o fuerza mayor. En caso de retrasos en las entregas, MY DRAP informar\u00e1 a sus cliente en cuento tenga conocimiento de ello.<\/p>\n\n\n\n<p>En el caso de que el cliente o la persona autorizada no est\u00e9n presentes en el momento de la entrega, y hubiesen transcurrido 7 d\u00edas h\u00e1biles sin haber podido contactar ni hacer la entrega, los gastos del reenv\u00edo posterior correr\u00e1n a cargo del cliente.<\/p>\n\n\n\n<h4 class=\"wp-block-heading\">Personalizaci\u00f3n<\/h4>\n\n\n\n<p>Los productos personalizados requieren un plazo de entrega aproximado de 10-12 d\u00edas laborables desde la confirmaci\u00f3n del pedido.<\/p>\n\n\n\n<h4 class=\"wp-block-heading\">Excepciones en los plazos de entrega:<\/h4>\n\n\n\n<p>Durante las ofertas especiales de la web MY DRAP, el tiempo de entrega puede ser superior al habitual.<\/p>\n\n\n\n<p>Los periodos vacacionales de MY DRAP se notificar\u00e1n en la web y durante el proceso de compra.<\/p>\n\n\n\n<p>MY DRAP&nbsp; no asumir\u00e1 ninguna responsabilidad por retraso en la entrega de los pedidos cuando este retraso sea culpa exclusiva del comprador o de la persona autorizada.<\/p>\n\n\n\n<p>El cliente asume los riesgos de deterioro, menoscabo, da\u00f1os y p\u00e9rdida de los productos del pedido a partir del momento de la entrega de los mismos de acuerdo al procedimiento regulado en los presentes T\u00e9rminos y Condiciones.<\/p>\n","protected":false},"excerpt":{"rendered":"<p>El plazo de entrega habitual para pen\u00ednsula es entre 24 y 48 horas y Canarias 48-72 horas.&nbsp; Horario de entrega: de 9:00 h. a 21:00 h. de lunes a viernes, &hellip;<\/p>\n","protected":false},"author":1,"featured_media":0,"parent":0,"menu_order":0,"comment_status":"closed","ping_status":"closed","template":"","meta":{"_acf_changed":false,"footnotes":""},"class_list":["post-946","page","type-page","status-publish","hentry"],"acf":[],"yoast_head":"<!-- This site is optimized with the Yoast SEO plugin v27.2 - https:\/\/yoast.com\/product\/yoast-seo-wordpress\/ -->\n<title>Plazos de entrega - MY DRAP<\/title>\n<meta name=\"description\" content=\"El plazo de entrega habitual para pen\u00ednsula es entre 24 y 48 horas y Canarias 48-72 horas.&nbsp; Horario de entrega: de 9:00 h. a 21:00 h. de lunes a\" \/>\n<meta name=\"robots\" content=\"index, follow, max-snippet:-1, max-image-preview:large, max-video-preview:-1\" \/>\n<link rel=\"canonical\" href=\"https:\/\/eu.mydrap.com\/es\/plazos-de-entrega\/\" \/>\n<meta property=\"og:locale\" content=\"es_ES\" \/>\n<meta property=\"og:type\" content=\"article\" \/>\n<meta property=\"og:title\" content=\"Plazos de entrega - MY DRAP\" \/>\n<meta property=\"og:description\" content=\"El plazo de entrega habitual para pen\u00ednsula es entre 24 y 48 horas y Canarias 48-72 horas.&nbsp; Horario de entrega: de 9:00 h. a 21:00 h. de lunes a\" \/>\n<meta property=\"og:url\" content=\"https:\/\/eu.mydrap.com\/es\/plazos-de-entrega\/\" \/>\n<meta property=\"og:site_name\" content=\"MY DRAP\" \/>\n<meta property=\"article:modified_time\" content=\"2022-10-03T09:39:50+00:00\" \/>\n<meta name=\"twitter:card\" content=\"summary_large_image\" \/>\n<meta name=\"twitter:label1\" content=\"Tiempo de lectura\" \/>\n\t<meta name=\"twitter:data1\" content=\"2 minutos\" \/>\n<script type=\"application\/ld+json\" class=\"yoast-schema-graph\">{\"@context\":\"https:\/\/schema.org\",\"@graph\":[{\"@type\":\"WebPage\",\"@id\":\"https:\/\/eu.mydrap.com\/es\/plazos-de-entrega\/\",\"url\":\"https:\/\/eu.mydrap.com\/es\/plazos-de-entrega\/\",\"name\":\"Plazos de entrega - MY DRAP\",\"isPartOf\":{\"@id\":\"https:\/\/eu.mydrap.com\/es\/#website\"},\"datePublished\":\"2022-09-20T09:30:10+00:00\",\"dateModified\":\"2022-10-03T09:39:50+00:00\",\"description\":\"El plazo de entrega habitual para pen\u00ednsula es entre 24 y 48 horas y Canarias 48-72 horas.&nbsp; Horario de entrega: de 9:00 h. a 21:00 h. de lunes a\",\"breadcrumb\":{\"@id\":\"https:\/\/eu.mydrap.com\/es\/plazos-de-entrega\/#breadcrumb\"},\"inLanguage\":\"es\",\"potentialAction\":[{\"@type\":\"ReadAction\",\"target\":[\"https:\/\/eu.mydrap.com\/es\/plazos-de-entrega\/\"]}]},{\"@type\":\"BreadcrumbList\",\"@id\":\"https:\/\/eu.mydrap.com\/es\/plazos-de-entrega\/#breadcrumb\",\"itemListElement\":[{\"@type\":\"ListItem\",\"position\":1,\"name\":\"Portada\",\"item\":\"https:\/\/eu.mydrap.com\/es\/\"},{\"@type\":\"ListItem\",\"position\":2,\"name\":\"Plazos de entrega\"}]},{\"@type\":\"WebSite\",\"@id\":\"https:\/\/eu.mydrap.com\/es\/#website\",\"url\":\"https:\/\/eu.mydrap.com\/es\/\",\"name\":\"MY DRAP\",\"description\":\"El detalle que marca la diferencia\",\"publisher\":{\"@id\":\"https:\/\/eu.mydrap.com\/es\/#organization\"},\"potentialAction\":[{\"@type\":\"SearchAction\",\"target\":{\"@type\":\"EntryPoint\",\"urlTemplate\":\"https:\/\/eu.mydrap.com\/es\/?s={search_term_string}\"},\"query-input\":{\"@type\":\"PropertyValueSpecification\",\"valueRequired\":true,\"valueName\":\"search_term_string\"}}],\"inLanguage\":\"es\"},{\"@type\":\"Organization\",\"@id\":\"https:\/\/eu.mydrap.com\/es\/#organization\",\"name\":\"MY DRAP\",\"url\":\"https:\/\/eu.mydrap.com\/es\/\",\"logo\":{\"@type\":\"ImageObject\",\"inLanguage\":\"es\",\"@id\":\"https:\/\/eu.mydrap.com\/es\/#\/schema\/logo\/image\/\",\"url\":\"https:\/\/eu.mydrap.com\/wp-content\/uploads\/logo_mydrap.png.webp\",\"contentUrl\":\"https:\/\/eu.mydrap.com\/wp-content\/uploads\/logo_mydrap.png.webp\",\"width\":182,\"height\":60,\"caption\":\"MY DRAP\"},\"image\":{\"@id\":\"https:\/\/eu.mydrap.com\/es\/#\/schema\/logo\/image\/\"}}]}<\/script>\n<!-- \/ Yoast SEO plugin. -->","yoast_head_json":{"title":"Plazos de entrega - MY DRAP","description":"El plazo de entrega habitual para pen\u00ednsula es entre 24 y 48 horas y Canarias 48-72 horas.&nbsp; Horario de entrega: de 9:00 h. a 21:00 h. de lunes a","robots":{"index":"index","follow":"follow","max-snippet":"max-snippet:-1","max-image-preview":"max-image-preview:large","max-video-preview":"max-video-preview:-1"},"canonical":"https:\/\/eu.mydrap.com\/es\/plazos-de-entrega\/","og_locale":"es_ES","og_type":"article","og_title":"Plazos de entrega - MY DRAP","og_description":"El plazo de entrega habitual para pen\u00ednsula es entre 24 y 48 horas y Canarias 48-72 horas.&nbsp; Horario de entrega: de 9:00 h. a 21:00 h. de lunes a","og_url":"https:\/\/eu.mydrap.com\/es\/plazos-de-entrega\/","og_site_name":"MY DRAP","article_modified_time":"2022-10-03T09:39:50+00:00","twitter_card":"summary_large_image","twitter_misc":{"Tiempo de lectura":"2 minutos"},"schema":{"@context":"https:\/\/schema.org","@graph":[{"@type":"WebPage","@id":"https:\/\/eu.mydrap.com\/es\/plazos-de-entrega\/","url":"https:\/\/eu.mydrap.com\/es\/plazos-de-entrega\/","name":"Plazos de entrega - MY DRAP","isPartOf":{"@id":"https:\/\/eu.mydrap.com\/es\/#website"},"datePublished":"2022-09-20T09:30:10+00:00","dateModified":"2022-10-03T09:39:50+00:00","description":"El plazo de entrega habitual para pen\u00ednsula es entre 24 y 48 horas y Canarias 48-72 horas.&nbsp; Horario de entrega: de 9:00 h. a 21:00 h. de lunes a","breadcrumb":{"@id":"https:\/\/eu.mydrap.com\/es\/plazos-de-entrega\/#breadcrumb"},"inLanguage":"es","potentialAction":[{"@type":"ReadAction","target":["https:\/\/eu.mydrap.com\/es\/plazos-de-entrega\/"]}]},{"@type":"BreadcrumbList","@id":"https:\/\/eu.mydrap.com\/es\/plazos-de-entrega\/#breadcrumb","itemListElement":[{"@type":"ListItem","position":1,"name":"Portada","item":"https:\/\/eu.mydrap.com\/es\/"},{"@type":"ListItem","position":2,"name":"Plazos de entrega"}]},{"@type":"WebSite","@id":"https:\/\/eu.mydrap.com\/es\/#website","url":"https:\/\/eu.mydrap.com\/es\/","name":"MY DRAP","description":"El detalle que marca la diferencia","publisher":{"@id":"https:\/\/eu.mydrap.com\/es\/#organization"},"potentialAction":[{"@type":"SearchAction","target":{"@type":"EntryPoint","urlTemplate":"https:\/\/eu.mydrap.com\/es\/?s={search_term_string}"},"query-input":{"@type":"PropertyValueSpecification","valueRequired":true,"valueName":"search_term_string"}}],"inLanguage":"es"},{"@type":"Organization","@id":"https:\/\/eu.mydrap.com\/es\/#organization","name":"MY DRAP","url":"https:\/\/eu.mydrap.com\/es\/","logo":{"@type":"ImageObject","inLanguage":"es","@id":"https:\/\/eu.mydrap.com\/es\/#\/schema\/logo\/image\/","url":"https:\/\/eu.mydrap.com\/wp-content\/uploads\/logo_mydrap.png.webp","contentUrl":"https:\/\/eu.mydrap.com\/wp-content\/uploads\/logo_mydrap.png.webp","width":182,"height":60,"caption":"MY DRAP"},"image":{"@id":"https:\/\/eu.mydrap.com\/es\/#\/schema\/logo\/image\/"}}]}},"_links":{"self":[{"href":"https:\/\/eu.mydrap.com\/es\/wp-json\/wp\/v2\/pages\/946","targetHints":{"allow":["GET"]}}],"collection":[{"href":"https:\/\/eu.mydrap.com\/es\/wp-json\/wp\/v2\/pages"}],"about":[{"href":"https:\/\/eu.mydrap.com\/es\/wp-json\/wp\/v2\/types\/page"}],"author":[{"embeddable":true,"href":"https:\/\/eu.mydrap.com\/es\/wp-json\/wp\/v2\/users\/1"}],"replies":[{"embeddable":true,"href":"https:\/\/eu.mydrap.com\/es\/wp-json\/wp\/v2\/comments?post=946"}],"version-history":[{"count":0,"href":"https:\/\/eu.mydrap.com\/es\/wp-json\/wp\/v2\/pages\/946\/revisions"}],"wp:attachment":[{"href":"https:\/\/eu.mydrap.com\/es\/wp-json\/wp\/v2\/media?parent=946"}],"curies":[{"name":"wp","href":"https:\/\/api.w.org\/{rel}","templated":true}]}}