
{"id":937,"date":"2022-09-20T09:28:56","date_gmt":"2022-09-20T09:28:56","guid":{"rendered":"https:\/\/eu.mydrap.com\/?page_id=937"},"modified":"2022-11-21T08:27:42","modified_gmt":"2022-11-21T08:27:42","slug":"envios","status":"publish","type":"page","link":"https:\/\/eu.mydrap.com\/es\/envios\/","title":{"rendered":"Env\u00edos"},"content":{"rendered":"\n<p>MY DRAP quiere hacer saber a sus clientes y usuarios que el territorio en el que acepta y distribuye pedidos es el comprendido en Espa\u00f1a y resto de Europa. MY DRAP no realiza pedidos a trav\u00e9s de la web fuera de este territorio. Si un usuario estuviera interesado en recibir alg\u00fan art\u00edculo fuera del territorio deber\u00e1 contactar con la empresa a trav\u00e9s del formulario o a trav\u00e9s del correo&nbsp;<a href=\"mailto:shop@mydrap.com\">shop@mydrap.com<\/a>&nbsp;y estudiar\u00edamos su solicitud e informar\u00edamos al respecto.<\/p>\n\n\n\n<p>Los gastos de env\u00edo variar\u00e1n seg\u00fan el peso, el destino del paquete y la modalidad de env\u00edo. A\u00f1adir que dichos gastos correr\u00e1n a cargo del comprador. El precio total correspondientes a los gastos de env\u00edo se visualizar\u00e1n en el resumen del pedido antes de proceder a la compra.<\/p>\n\n\n\n<h4 class=\"wp-block-heading\">Tarifas y opciones de env\u00edo<\/h4>\n\n\n\n<figure class=\"wp-block-table\"><table><tbody><tr><td><strong>OPCIONES<\/strong><\/td><td><strong>PLAZOS DE ENTREGA*<\/strong><\/td><td><strong>PRECIO<\/strong><\/td><\/tr><tr><td>Espa\u00f1a\/Portugal Gratis<\/td><td>24 h<\/td><td>a partir de 29 \u20ac<\/td><\/tr><tr><td>Espa\u00f1a\/Portugal Est\u00e1ndar<\/td><td>24 h<\/td><td>6,50 \u20ac<\/td><\/tr><tr><td>Internacional Gratis Zona 1 y 2<\/td><td>1 \u2013 5 d\u00edas<\/td><td>a partir de 59 \u20ac<\/td><\/tr><tr><td>Internacional Gratis Zona 3<\/td><td>1 \u2013 5 d\u00edas<\/td><td>a partir de 89 \u20ac<\/td><\/tr><tr><td>Internacional Est\u00e1ndar Zona 1<\/td><td>1 \u2013 3 d\u00edas<\/td><td>14,90 \u20ac<\/td><\/tr><tr><td>Internacional Est\u00e1ndar Zona 2 y 3<\/td><td>3 \u2013 5 d\u00edas<\/td><td>19,90 \u20ac<\/td><\/tr><tr><td>Internacional Express<\/td><td>24 h<\/td><td>30,60 \u20ac<\/td><\/tr><\/tbody><\/table><\/figure>\n\n\n\n<p><em>&nbsp;* El plazo de entrega se calcula en d\u00edas laborables.<\/em><\/p>\n\n\n\n<p><em>* Los pedidos que se realicen a partir de las 14h ser\u00e1n preparados al d\u00eda siguiente.<\/em><\/p>\n\n\n\n<p>Estos plazos pueden variar por razones de log\u00edstica o fuerza mayor. En caso de retrasos en las entregas, MY DRAP informar\u00e1 a sus cliente en cuento tenga conocimiento de ello. El plazo de entrega habitual para Canarias es de 48-72 horas. Horario de entrega de 9:00 h. a 20:00 h. de lunes a viernes, salvo d\u00edas festivos, en funci\u00f3n de la ruta de reparto.<\/p>\n\n\n\n<h4 class=\"wp-block-heading\">Entregas nacionales<\/h4>\n\n\n\n<p>Las entregas se realizan de lunes a viernes, salvo d\u00edas festivos. En el caso de que el cliente o la persona autorizada no est\u00e9n presentes en el momento de la entrega, se le dejar\u00e1 una notificaci\u00f3n y se le enviara un sms para que pueda recoger el paquete en la sucursal m\u00e1s cercana, si pasados dos d\u00edas no contacta con la sucursal pera recoger el pedido, \u00e9ste ser\u00e1 devuelto a MY DRAP.<\/p>\n\n\n\n<h4 class=\"wp-block-heading\">Entregas internacionales<\/h4>\n\n\n\n<p>Las entregas se realizan de lunes a viernes, salvo d\u00edas festivos. En el caso de que el cliente o la persona autorizada no est\u00e9n presentes en el momento de la entrega, se le dejar\u00e1 una notificaci\u00f3n comunic\u00e1ndole el ACCES POINT m\u00e1s cercano para que pueda recoger el paquete, si pasados dos d\u00edas no contacta con la sucursal pera recoger el pedido, \u00e9ste ser\u00e1 devuelto a MY DRAP.<\/p>\n\n\n\n<p>ZONA 1<\/p>\n\n\n\n<p>Pa\u00edses en Zona 1 seg\u00fan tarifa y opciones de env\u00edo: Francia e Italia.<\/p>\n\n\n\n<p>ZONA 2<\/p>\n\n\n\n<p>Pa\u00edses en Zona 2 seg\u00fan tarifa y opciones de env\u00edo: Alemania, Austria, B\u00e9lgica, Bulgaria, Dinamarca, Escocia, Eslovaquia, Estonia, Finlandia, Gales, Grecia, Holanda, Hungr\u00eda, Irlanda, Letonia, Lituania, Luxemburgo, Polonia, Rep\u00fablica Checa, Ruman\u00eda y Suecia.<\/p>\n\n\n\n<p>ZONA 3<\/p>\n\n\n\n<p>Pa\u00edses en Zona 3 seg\u00fan tarifa y opciones de env\u00edo: Noruega, Reino Unido y Suiza.<\/p>\n\n\n\n<p>ENTREGAS INTERNACIONALES EXPRESS<\/p>\n\n\n\n<p>MY DRAP ofrece el servicio de entregas internacionales express en 24 h en Francia y Reino Unido. Si un usuario estuviera interesado en recibir alg\u00fan art\u00edculo con el servicio Internacional Express fuera del territorio mencionado, deber\u00e1 contactar con la empresa a trav\u00e9s del formulario de contacto o a trav\u00e9s del correo&nbsp;shop@mydrap.com&nbsp;y estudiaremos su solicitud e informar\u00edamos al respecto.<\/p>\n\n\n\n<p>MY DRAP hace hincapi\u00e9 en la responsabilidad del usuario de introducir una direcci\u00f3n de entrega completa y correcta. En el momento de la salida del pedido de distribuci\u00f3n se informar\u00e1 al cliente de este hecho y el transportista activar\u00e1 las funciones de seguimiento para garantizar la entrega.<\/p>\n\n\n\n<p>En el caso de que el cliente o la persona autorizada no est\u00e9n presentes en el momento de la entrega, y hubiesen transcurrido 7 d\u00edas h\u00e1biles sin haber podido contactar ni hacer la entrega, los gastos del reenv\u00edo posterior correr\u00e1n a cargo del cliente.<\/p>\n\n\n\n<h4 class=\"wp-block-heading\">Personalizaci\u00f3n<\/h4>\n\n\n\n<p>Los productos personalizados requieren un plazo de entrega aproximado de 7-10 d\u00edas laborables desde la confirmaci\u00f3n del pedido.<\/p>\n\n\n\n<h4 class=\"wp-block-heading\">Excepciones en los plazos de entrega:<\/h4>\n\n\n\n<p>Durante las ofertas especiales de la web MY DRAP, el tiempo de entrega puede ser superior al habitual.<\/p>\n\n\n\n<p>Los periodos vacacionales de MY DRAP se notificar\u00e1n en la web y durante el proceso de compra.<\/p>\n\n\n\n<p>MY DRAP&nbsp; no asumir\u00e1 ninguna responsabilidad por retraso en la entrega de los pedidos cuando este retraso sea culpa exclusiva del comprador o de la persona autorizada.<\/p>\n\n\n\n<p>El cliente asume los riesgos de deterioro, menoscabo, da\u00f1os y p\u00e9rdida de los productos del pedido a partir del momento de la entrega de los mismos de acuerdo al procedimiento regulado en los presentes T\u00e9rminos y Condiciones.<\/p>\n","protected":false},"excerpt":{"rendered":"<p>MY DRAP quiere hacer saber a sus clientes y usuarios que el territorio en el que acepta y distribuye pedidos es el comprendido en Espa\u00f1a y resto de Europa. MY &hellip;<\/p>\n","protected":false},"author":1,"featured_media":0,"parent":0,"menu_order":0,"comment_status":"closed","ping_status":"closed","template":"","meta":{"_acf_changed":false,"footnotes":""},"class_list":["post-937","page","type-page","status-publish","hentry"],"acf":[],"yoast_head":"<!-- This site is optimized with the Yoast SEO plugin v27.2 - https:\/\/yoast.com\/product\/yoast-seo-wordpress\/ -->\n<title>Env\u00edos - MY DRAP<\/title>\n<meta name=\"description\" content=\"MY DRAP quiere hacer saber a sus clientes y usuarios que el territorio en el que acepta y distribuye pedidos es el comprendido en Espa\u00f1a y resto de\" \/>\n<meta name=\"robots\" content=\"index, follow, max-snippet:-1, max-image-preview:large, max-video-preview:-1\" \/>\n<link rel=\"canonical\" href=\"https:\/\/eu.mydrap.com\/es\/envios\/\" \/>\n<meta property=\"og:locale\" content=\"es_ES\" \/>\n<meta property=\"og:type\" content=\"article\" \/>\n<meta property=\"og:title\" content=\"Env\u00edos - MY DRAP\" \/>\n<meta property=\"og:description\" content=\"MY DRAP quiere hacer saber a sus clientes y usuarios que el territorio en el que acepta y distribuye pedidos es el comprendido en Espa\u00f1a y resto de\" \/>\n<meta property=\"og:url\" content=\"https:\/\/eu.mydrap.com\/es\/envios\/\" \/>\n<meta property=\"og:site_name\" content=\"MY DRAP\" \/>\n<meta property=\"article:modified_time\" content=\"2022-11-21T08:27:42+00:00\" \/>\n<meta name=\"twitter:card\" content=\"summary_large_image\" \/>\n<meta name=\"twitter:label1\" content=\"Tiempo de lectura\" \/>\n\t<meta name=\"twitter:data1\" content=\"4 minutos\" \/>\n<script type=\"application\/ld+json\" class=\"yoast-schema-graph\">{\"@context\":\"https:\/\/schema.org\",\"@graph\":[{\"@type\":\"WebPage\",\"@id\":\"https:\/\/eu.mydrap.com\/es\/envios\/\",\"url\":\"https:\/\/eu.mydrap.com\/es\/envios\/\",\"name\":\"Env\u00edos - MY DRAP\",\"isPartOf\":{\"@id\":\"https:\/\/eu.mydrap.com\/es\/#website\"},\"datePublished\":\"2022-09-20T09:28:56+00:00\",\"dateModified\":\"2022-11-21T08:27:42+00:00\",\"description\":\"MY DRAP quiere hacer saber a sus clientes y usuarios que el territorio en el que acepta y distribuye pedidos es el comprendido en Espa\u00f1a y resto de\",\"breadcrumb\":{\"@id\":\"https:\/\/eu.mydrap.com\/es\/envios\/#breadcrumb\"},\"inLanguage\":\"es\",\"potentialAction\":[{\"@type\":\"ReadAction\",\"target\":[\"https:\/\/eu.mydrap.com\/es\/envios\/\"]}]},{\"@type\":\"BreadcrumbList\",\"@id\":\"https:\/\/eu.mydrap.com\/es\/envios\/#breadcrumb\",\"itemListElement\":[{\"@type\":\"ListItem\",\"position\":1,\"name\":\"Portada\",\"item\":\"https:\/\/eu.mydrap.com\/es\/\"},{\"@type\":\"ListItem\",\"position\":2,\"name\":\"Env\u00edos\"}]},{\"@type\":\"WebSite\",\"@id\":\"https:\/\/eu.mydrap.com\/es\/#website\",\"url\":\"https:\/\/eu.mydrap.com\/es\/\",\"name\":\"MY DRAP\",\"description\":\"El detalle que marca la diferencia\",\"publisher\":{\"@id\":\"https:\/\/eu.mydrap.com\/es\/#organization\"},\"potentialAction\":[{\"@type\":\"SearchAction\",\"target\":{\"@type\":\"EntryPoint\",\"urlTemplate\":\"https:\/\/eu.mydrap.com\/es\/?s={search_term_string}\"},\"query-input\":{\"@type\":\"PropertyValueSpecification\",\"valueRequired\":true,\"valueName\":\"search_term_string\"}}],\"inLanguage\":\"es\"},{\"@type\":\"Organization\",\"@id\":\"https:\/\/eu.mydrap.com\/es\/#organization\",\"name\":\"MY DRAP\",\"url\":\"https:\/\/eu.mydrap.com\/es\/\",\"logo\":{\"@type\":\"ImageObject\",\"inLanguage\":\"es\",\"@id\":\"https:\/\/eu.mydrap.com\/es\/#\/schema\/logo\/image\/\",\"url\":\"https:\/\/eu.mydrap.com\/wp-content\/uploads\/logo_mydrap.png.webp\",\"contentUrl\":\"https:\/\/eu.mydrap.com\/wp-content\/uploads\/logo_mydrap.png.webp\",\"width\":182,\"height\":60,\"caption\":\"MY DRAP\"},\"image\":{\"@id\":\"https:\/\/eu.mydrap.com\/es\/#\/schema\/logo\/image\/\"}}]}<\/script>\n<!-- \/ Yoast SEO plugin. -->","yoast_head_json":{"title":"Env\u00edos - MY DRAP","description":"MY DRAP quiere hacer saber a sus clientes y usuarios que el territorio en el que acepta y distribuye pedidos es el comprendido en Espa\u00f1a y resto de","robots":{"index":"index","follow":"follow","max-snippet":"max-snippet:-1","max-image-preview":"max-image-preview:large","max-video-preview":"max-video-preview:-1"},"canonical":"https:\/\/eu.mydrap.com\/es\/envios\/","og_locale":"es_ES","og_type":"article","og_title":"Env\u00edos - MY DRAP","og_description":"MY DRAP quiere hacer saber a sus clientes y usuarios que el territorio en el que acepta y distribuye pedidos es el comprendido en Espa\u00f1a y resto de","og_url":"https:\/\/eu.mydrap.com\/es\/envios\/","og_site_name":"MY DRAP","article_modified_time":"2022-11-21T08:27:42+00:00","twitter_card":"summary_large_image","twitter_misc":{"Tiempo de lectura":"4 minutos"},"schema":{"@context":"https:\/\/schema.org","@graph":[{"@type":"WebPage","@id":"https:\/\/eu.mydrap.com\/es\/envios\/","url":"https:\/\/eu.mydrap.com\/es\/envios\/","name":"Env\u00edos - MY DRAP","isPartOf":{"@id":"https:\/\/eu.mydrap.com\/es\/#website"},"datePublished":"2022-09-20T09:28:56+00:00","dateModified":"2022-11-21T08:27:42+00:00","description":"MY DRAP quiere hacer saber a sus clientes y usuarios que el territorio en el que acepta y distribuye pedidos es el comprendido en Espa\u00f1a y resto de","breadcrumb":{"@id":"https:\/\/eu.mydrap.com\/es\/envios\/#breadcrumb"},"inLanguage":"es","potentialAction":[{"@type":"ReadAction","target":["https:\/\/eu.mydrap.com\/es\/envios\/"]}]},{"@type":"BreadcrumbList","@id":"https:\/\/eu.mydrap.com\/es\/envios\/#breadcrumb","itemListElement":[{"@type":"ListItem","position":1,"name":"Portada","item":"https:\/\/eu.mydrap.com\/es\/"},{"@type":"ListItem","position":2,"name":"Env\u00edos"}]},{"@type":"WebSite","@id":"https:\/\/eu.mydrap.com\/es\/#website","url":"https:\/\/eu.mydrap.com\/es\/","name":"MY DRAP","description":"El detalle que marca la diferencia","publisher":{"@id":"https:\/\/eu.mydrap.com\/es\/#organization"},"potentialAction":[{"@type":"SearchAction","target":{"@type":"EntryPoint","urlTemplate":"https:\/\/eu.mydrap.com\/es\/?s={search_term_string}"},"query-input":{"@type":"PropertyValueSpecification","valueRequired":true,"valueName":"search_term_string"}}],"inLanguage":"es"},{"@type":"Organization","@id":"https:\/\/eu.mydrap.com\/es\/#organization","name":"MY DRAP","url":"https:\/\/eu.mydrap.com\/es\/","logo":{"@type":"ImageObject","inLanguage":"es","@id":"https:\/\/eu.mydrap.com\/es\/#\/schema\/logo\/image\/","url":"https:\/\/eu.mydrap.com\/wp-content\/uploads\/logo_mydrap.png.webp","contentUrl":"https:\/\/eu.mydrap.com\/wp-content\/uploads\/logo_mydrap.png.webp","width":182,"height":60,"caption":"MY DRAP"},"image":{"@id":"https:\/\/eu.mydrap.com\/es\/#\/schema\/logo\/image\/"}}]}},"_links":{"self":[{"href":"https:\/\/eu.mydrap.com\/es\/wp-json\/wp\/v2\/pages\/937","targetHints":{"allow":["GET"]}}],"collection":[{"href":"https:\/\/eu.mydrap.com\/es\/wp-json\/wp\/v2\/pages"}],"about":[{"href":"https:\/\/eu.mydrap.com\/es\/wp-json\/wp\/v2\/types\/page"}],"author":[{"embeddable":true,"href":"https:\/\/eu.mydrap.com\/es\/wp-json\/wp\/v2\/users\/1"}],"replies":[{"embeddable":true,"href":"https:\/\/eu.mydrap.com\/es\/wp-json\/wp\/v2\/comments?post=937"}],"version-history":[{"count":0,"href":"https:\/\/eu.mydrap.com\/es\/wp-json\/wp\/v2\/pages\/937\/revisions"}],"wp:attachment":[{"href":"https:\/\/eu.mydrap.com\/es\/wp-json\/wp\/v2\/media?parent=937"}],"curies":[{"name":"wp","href":"https:\/\/api.w.org\/{rel}","templated":true}]}}