
{"id":3904,"date":"2022-09-30T06:35:14","date_gmt":"2022-09-30T06:35:14","guid":{"rendered":"https:\/\/eu.mydrap.com\/?page_id=3904"},"modified":"2022-12-01T08:46:39","modified_gmt":"2022-12-01T08:46:39","slug":"suscribete-a-nuestra-newsletter","status":"publish","type":"page","link":"https:\/\/eu.mydrap.com\/es\/suscribete-a-nuestra-newsletter\/","title":{"rendered":"Suscr\u00edbete a nuestra newsletter"},"content":{"rendered":"\n<h2>Consigue un -5% de descuento en tu primera compra<\/h2>\n<p>Suscr\u00edbete a nuestra newsletter y recibir\u00e1s un cup\u00f3n de descuento del 5% en tu primera compra en MY DRAP.<br \/>Rellena el siguiente formulario y recibir\u00e1s en tu bandeja de e-mail el cup\u00f3n con el descuento:<\/p>\n\n\n\n<div class=\"wp-block-columns is-layout-flex wp-container-core-columns-is-layout-9d6595d7 wp-block-columns-is-layout-flex\">\n<div class=\"wp-block-column is-layout-flow wp-block-column-is-layout-flow\">\n<div class=\"wp-block-contact-form-7-contact-form-selector\">\n<div class=\"wpcf7 no-js\" id=\"wpcf7-f3907-o1\" lang=\"es-ES\" dir=\"ltr\" data-wpcf7-id=\"3907\">\n<div class=\"screen-reader-response\"><p role=\"status\" aria-live=\"polite\" aria-atomic=\"true\"><\/p> <ul><\/ul><\/div>\n<form action=\"\/es\/wp-json\/wp\/v2\/pages\/3904#wpcf7-f3907-o1\" method=\"post\" class=\"wpcf7-form init wpcf7-acceptance-as-validation\" aria-label=\"Formulario de contacto\" novalidate=\"novalidate\" data-status=\"init\">\n<fieldset class=\"hidden-fields-container\"><input type=\"hidden\" name=\"_wpcf7\" value=\"3907\" \/><input type=\"hidden\" name=\"_wpcf7_version\" value=\"6.1.5\" \/><input type=\"hidden\" name=\"_wpcf7_locale\" value=\"es_ES\" \/><input type=\"hidden\" name=\"_wpcf7_unit_tag\" value=\"wpcf7-f3907-o1\" \/><input type=\"hidden\" name=\"_wpcf7_container_post\" value=\"0\" \/><input type=\"hidden\" name=\"_wpcf7_posted_data_hash\" value=\"\" \/>\n<\/fieldset>\n<div class=\"columns-two\">\n\t<p><label for=\"nombre\" class=\"cont--input nombre\"><span class=\"label\">Nombre<\/span><span class=\"wpcf7-form-control-wrap\" data-name=\"your-subject\"><input size=\"40\" maxlength=\"400\" class=\"wpcf7-form-control wpcf7-text\" id=\"nombre\" aria-invalid=\"false\" placeholder=\"Escribe tu nombre\" value=\"\" type=\"text\" name=\"your-subject\" \/><\/span><\/label><br \/>\n<label for=\"pais\" class=\"cont--input pais\"><span class=\"label\">Pa\u00eds*<\/span><span class=\"wpcf7-form-control-wrap\" data-name=\"mc4wp-MMERGE4\"><input size=\"40\" maxlength=\"400\" class=\"wpcf7-form-control wpcf7-text wpcf7-validates-as-required\" id=\"pais\" aria-required=\"true\" aria-invalid=\"false\" placeholder=\"Selecciona tu pa\u00eds\" value=\"\" type=\"text\" name=\"mc4wp-MMERGE4\" \/><\/span><\/label>\n\t<\/p>\n<\/div>\n<div class=\"columns-one\">\n\t<p><label for=\"email\" class=\"cont--input email\"><span class=\"label\">Correo electr\u00f3nico*<\/span><span class=\"wpcf7-form-control-wrap\" data-name=\"your-email\"><input size=\"40\" maxlength=\"400\" class=\"wpcf7-form-control wpcf7-email wpcf7-validates-as-required wpcf7-text wpcf7-validates-as-email\" id=\"email\" aria-required=\"true\" aria-invalid=\"false\" placeholder=\"Escribe tu email\" value=\"\" type=\"email\" name=\"your-email\" \/><\/span><\/label>\n\t<\/p>\n<\/div>\n<div>\n<input class=\"wpcf7-form-control wpcf7-hidden\" value=\"Espa\u00f1ol\" type=\"hidden\" name=\"mc4wp-MMERGE3\" \/>\n<\/div>\n<p><input type=\"hidden\" name=\"mc4wp-subscribe\" value=\"1\" \/>\n<\/p>\n<div class=\"cont--input-checkbox\">\n\t<p><span class=\"wpcf7-form-control-wrap\" data-name=\"acceptance-policy\"><span class=\"wpcf7-form-control wpcf7-acceptance\"><span class=\"wpcf7-list-item\"><label><input type=\"checkbox\" name=\"acceptance-policy\" value=\"1\" aria-invalid=\"false\" \/><span class=\"wpcf7-list-item-label\">He le\u00eddo y acepto la <a href=\"\/politica-privacidad\/\">pol\u00edtica de privacidad<\/a><\/span><\/label><\/span><\/span><\/span>\n\t<\/p>\n<\/div>\n<p><small>Este sitio est\u00e1 protegido por reCAPTCHA y Google <a href=\"https:\/\/policies.google.com\/privacy\">Pol\u00edtica de privacidad<\/a> y se aplican<a href=\"https:\/\/policies.google.com\/terms\"> Condiciones del servicio<\/a>.<br \/>\n<\/small>\n<\/p>\n<p><input class=\"wpcf7-form-control wpcf7-submit has-spinner\" type=\"submit\" value=\"Enviar mensaje\" \/>\n<\/p><input type='hidden' class='wpcf7-pum' value='{\"closepopup\":false,\"closedelay\":0,\"openpopup\":false,\"openpopup_id\":0}' \/><div class=\"wpcf7-response-output\" aria-hidden=\"true\"><\/div>\n<\/form>\n<\/div>\n<\/div>\n<\/div>\n\n\n\n<div class=\"wp-block-column is-layout-flow wp-block-column-is-layout-flow\"><\/div>\n<\/div>\n","protected":false},"excerpt":{"rendered":"<p>Consigue un -5% de descuento en tu primera compra Suscr\u00edbete a nuestra newsletter y recibir\u00e1s un cup\u00f3n de descuento del 5% en tu primera compra en MY DRAP.Rellena el siguiente &hellip;<\/p>\n","protected":false},"author":1,"featured_media":0,"parent":0,"menu_order":0,"comment_status":"closed","ping_status":"closed","template":"","meta":{"_acf_changed":false,"footnotes":""},"class_list":["post-3904","page","type-page","status-publish","hentry"],"acf":[],"yoast_head":"<!-- This site is optimized with the Yoast SEO plugin v27.2 - https:\/\/yoast.com\/product\/yoast-seo-wordpress\/ -->\n<title>Suscr\u00edbete a nuestra newsletter - MY DRAP<\/title>\n<meta name=\"description\" content=\"Consigue un -5% de descuento en tu primera compra Suscr\u00edbete a nuestra newsletter y recibir\u00e1s un cup\u00f3n de descuento del 5% en tu primera compra en MY\" \/>\n<meta name=\"robots\" content=\"index, follow, max-snippet:-1, max-image-preview:large, max-video-preview:-1\" \/>\n<link rel=\"canonical\" href=\"https:\/\/eu.mydrap.com\/es\/suscribete-a-nuestra-newsletter\/\" \/>\n<meta property=\"og:locale\" content=\"es_ES\" \/>\n<meta property=\"og:type\" content=\"article\" \/>\n<meta property=\"og:title\" content=\"Suscr\u00edbete a nuestra newsletter - MY DRAP\" \/>\n<meta property=\"og:description\" content=\"Consigue un -5% de descuento en tu primera compra Suscr\u00edbete a nuestra newsletter y recibir\u00e1s un cup\u00f3n de descuento del 5% en tu primera compra en MY\" \/>\n<meta property=\"og:url\" content=\"https:\/\/eu.mydrap.com\/es\/suscribete-a-nuestra-newsletter\/\" \/>\n<meta property=\"og:site_name\" content=\"MY DRAP\" \/>\n<meta property=\"article:modified_time\" content=\"2022-12-01T08:46:39+00:00\" \/>\n<meta name=\"twitter:card\" content=\"summary_large_image\" \/>\n<meta name=\"twitter:label1\" content=\"Tiempo de lectura\" \/>\n\t<meta name=\"twitter:data1\" content=\"1 minuto\" \/>\n<script type=\"application\/ld+json\" class=\"yoast-schema-graph\">{\"@context\":\"https:\/\/schema.org\",\"@graph\":[{\"@type\":\"WebPage\",\"@id\":\"https:\/\/eu.mydrap.com\/es\/suscribete-a-nuestra-newsletter\/\",\"url\":\"https:\/\/eu.mydrap.com\/es\/suscribete-a-nuestra-newsletter\/\",\"name\":\"Suscr\u00edbete a nuestra newsletter - MY DRAP\",\"isPartOf\":{\"@id\":\"https:\/\/eu.mydrap.com\/es\/#website\"},\"datePublished\":\"2022-09-30T06:35:14+00:00\",\"dateModified\":\"2022-12-01T08:46:39+00:00\",\"description\":\"Consigue un -5% de descuento en tu primera compra Suscr\u00edbete a nuestra newsletter y recibir\u00e1s un cup\u00f3n de descuento del 5% en tu primera compra en MY\",\"breadcrumb\":{\"@id\":\"https:\/\/eu.mydrap.com\/es\/suscribete-a-nuestra-newsletter\/#breadcrumb\"},\"inLanguage\":\"es\",\"potentialAction\":[{\"@type\":\"ReadAction\",\"target\":[\"https:\/\/eu.mydrap.com\/es\/suscribete-a-nuestra-newsletter\/\"]}]},{\"@type\":\"BreadcrumbList\",\"@id\":\"https:\/\/eu.mydrap.com\/es\/suscribete-a-nuestra-newsletter\/#breadcrumb\",\"itemListElement\":[{\"@type\":\"ListItem\",\"position\":1,\"name\":\"Portada\",\"item\":\"https:\/\/eu.mydrap.com\/es\/\"},{\"@type\":\"ListItem\",\"position\":2,\"name\":\"Suscr\u00edbete a nuestra newsletter\"}]},{\"@type\":\"WebSite\",\"@id\":\"https:\/\/eu.mydrap.com\/es\/#website\",\"url\":\"https:\/\/eu.mydrap.com\/es\/\",\"name\":\"MY DRAP\",\"description\":\"El detalle que marca la diferencia\",\"publisher\":{\"@id\":\"https:\/\/eu.mydrap.com\/es\/#organization\"},\"potentialAction\":[{\"@type\":\"SearchAction\",\"target\":{\"@type\":\"EntryPoint\",\"urlTemplate\":\"https:\/\/eu.mydrap.com\/es\/?s={search_term_string}\"},\"query-input\":{\"@type\":\"PropertyValueSpecification\",\"valueRequired\":true,\"valueName\":\"search_term_string\"}}],\"inLanguage\":\"es\"},{\"@type\":\"Organization\",\"@id\":\"https:\/\/eu.mydrap.com\/es\/#organization\",\"name\":\"MY DRAP\",\"url\":\"https:\/\/eu.mydrap.com\/es\/\",\"logo\":{\"@type\":\"ImageObject\",\"inLanguage\":\"es\",\"@id\":\"https:\/\/eu.mydrap.com\/es\/#\/schema\/logo\/image\/\",\"url\":\"https:\/\/eu.mydrap.com\/wp-content\/uploads\/logo_mydrap.png.webp\",\"contentUrl\":\"https:\/\/eu.mydrap.com\/wp-content\/uploads\/logo_mydrap.png.webp\",\"width\":182,\"height\":60,\"caption\":\"MY DRAP\"},\"image\":{\"@id\":\"https:\/\/eu.mydrap.com\/es\/#\/schema\/logo\/image\/\"}}]}<\/script>\n<!-- \/ Yoast SEO plugin. -->","yoast_head_json":{"title":"Suscr\u00edbete a nuestra newsletter - MY DRAP","description":"Consigue un -5% de descuento en tu primera compra Suscr\u00edbete a nuestra newsletter y recibir\u00e1s un cup\u00f3n de descuento del 5% en tu primera compra en MY","robots":{"index":"index","follow":"follow","max-snippet":"max-snippet:-1","max-image-preview":"max-image-preview:large","max-video-preview":"max-video-preview:-1"},"canonical":"https:\/\/eu.mydrap.com\/es\/suscribete-a-nuestra-newsletter\/","og_locale":"es_ES","og_type":"article","og_title":"Suscr\u00edbete a nuestra newsletter - MY DRAP","og_description":"Consigue un -5% de descuento en tu primera compra Suscr\u00edbete a nuestra newsletter y recibir\u00e1s un cup\u00f3n de descuento del 5% en tu primera compra en MY","og_url":"https:\/\/eu.mydrap.com\/es\/suscribete-a-nuestra-newsletter\/","og_site_name":"MY DRAP","article_modified_time":"2022-12-01T08:46:39+00:00","twitter_card":"summary_large_image","twitter_misc":{"Tiempo de lectura":"1 minuto"},"schema":{"@context":"https:\/\/schema.org","@graph":[{"@type":"WebPage","@id":"https:\/\/eu.mydrap.com\/es\/suscribete-a-nuestra-newsletter\/","url":"https:\/\/eu.mydrap.com\/es\/suscribete-a-nuestra-newsletter\/","name":"Suscr\u00edbete a nuestra newsletter - MY DRAP","isPartOf":{"@id":"https:\/\/eu.mydrap.com\/es\/#website"},"datePublished":"2022-09-30T06:35:14+00:00","dateModified":"2022-12-01T08:46:39+00:00","description":"Consigue un -5% de descuento en tu primera compra Suscr\u00edbete a nuestra newsletter y recibir\u00e1s un cup\u00f3n de descuento del 5% en tu primera compra en MY","breadcrumb":{"@id":"https:\/\/eu.mydrap.com\/es\/suscribete-a-nuestra-newsletter\/#breadcrumb"},"inLanguage":"es","potentialAction":[{"@type":"ReadAction","target":["https:\/\/eu.mydrap.com\/es\/suscribete-a-nuestra-newsletter\/"]}]},{"@type":"BreadcrumbList","@id":"https:\/\/eu.mydrap.com\/es\/suscribete-a-nuestra-newsletter\/#breadcrumb","itemListElement":[{"@type":"ListItem","position":1,"name":"Portada","item":"https:\/\/eu.mydrap.com\/es\/"},{"@type":"ListItem","position":2,"name":"Suscr\u00edbete a nuestra newsletter"}]},{"@type":"WebSite","@id":"https:\/\/eu.mydrap.com\/es\/#website","url":"https:\/\/eu.mydrap.com\/es\/","name":"MY DRAP","description":"El detalle que marca la diferencia","publisher":{"@id":"https:\/\/eu.mydrap.com\/es\/#organization"},"potentialAction":[{"@type":"SearchAction","target":{"@type":"EntryPoint","urlTemplate":"https:\/\/eu.mydrap.com\/es\/?s={search_term_string}"},"query-input":{"@type":"PropertyValueSpecification","valueRequired":true,"valueName":"search_term_string"}}],"inLanguage":"es"},{"@type":"Organization","@id":"https:\/\/eu.mydrap.com\/es\/#organization","name":"MY DRAP","url":"https:\/\/eu.mydrap.com\/es\/","logo":{"@type":"ImageObject","inLanguage":"es","@id":"https:\/\/eu.mydrap.com\/es\/#\/schema\/logo\/image\/","url":"https:\/\/eu.mydrap.com\/wp-content\/uploads\/logo_mydrap.png.webp","contentUrl":"https:\/\/eu.mydrap.com\/wp-content\/uploads\/logo_mydrap.png.webp","width":182,"height":60,"caption":"MY DRAP"},"image":{"@id":"https:\/\/eu.mydrap.com\/es\/#\/schema\/logo\/image\/"}}]}},"_links":{"self":[{"href":"https:\/\/eu.mydrap.com\/es\/wp-json\/wp\/v2\/pages\/3904","targetHints":{"allow":["GET"]}}],"collection":[{"href":"https:\/\/eu.mydrap.com\/es\/wp-json\/wp\/v2\/pages"}],"about":[{"href":"https:\/\/eu.mydrap.com\/es\/wp-json\/wp\/v2\/types\/page"}],"author":[{"embeddable":true,"href":"https:\/\/eu.mydrap.com\/es\/wp-json\/wp\/v2\/users\/1"}],"replies":[{"embeddable":true,"href":"https:\/\/eu.mydrap.com\/es\/wp-json\/wp\/v2\/comments?post=3904"}],"version-history":[{"count":0,"href":"https:\/\/eu.mydrap.com\/es\/wp-json\/wp\/v2\/pages\/3904\/revisions"}],"wp:attachment":[{"href":"https:\/\/eu.mydrap.com\/es\/wp-json\/wp\/v2\/media?parent=3904"}],"curies":[{"name":"wp","href":"https:\/\/api.w.org\/{rel}","templated":true}]}}