
{"id":352,"date":"2022-08-12T10:34:35","date_gmt":"2022-08-12T10:34:35","guid":{"rendered":"https:\/\/eu.mydrap.com\/?page_id=352"},"modified":"2022-10-06T10:10:51","modified_gmt":"2022-10-06T10:10:51","slug":"avis-legal","status":"publish","type":"page","link":"https:\/\/eu.mydrap.com\/es\/avis-legal\/","title":{"rendered":"Aviso legal"},"content":{"rendered":"\n<p>En virtud de lo estipulado por el art\u00edculo 10 de la Ley 34\/2002, de 11 de Julio, de Servicios de la Sociedad de la Informaci\u00f3n y del Comercio Electr\u00f3nico, se informa al usuario que el dominio&nbsp;<strong>www.mydrap.com<\/strong>&nbsp;pertenece, como titular a:<\/p>\n\n\n\n<p>TEXIA SEAMLESS, S.L. (en adelante, MY DRAP)<\/p>\n\n\n\n<p>CIF: B-62.158.779<\/p>\n\n\n\n<p>Pol\u00edgono Industrial El Mas, s\/n<\/p>\n\n\n\n<p>Barcelona (08691 \u2013 Barcelona)<\/p>\n\n\n\n<p>www.mydrap.com<\/p>\n\n\n\n<p>Inscrita en el Registro Mercantil de Barcelona con n\u00famero de Tomo&nbsp; 32.298&nbsp; Folio 173,&nbsp; hoja n\u00ba 205.895, Inscripci\u00f3n 1.<\/p>\n\n\n\n<p><strong><u>CONDICIONES DE USO<\/u><\/strong><\/p>\n\n\n\n<p>El uso de esta&nbsp;<em>website<\/em>&nbsp;se regir\u00e1 por las presentes condiciones, incluy\u00e9ndose los contenidos y servicios puestos a disposici\u00f3n de los usuarios. Es por ello que desde MY DRAP le rogamos que lea atentamente estas condiciones ya que contienen toda la informaci\u00f3n relativa a sus derechos y obligaciones.<\/p>\n\n\n\n<p>Debe saber que con el mero acceso a la&nbsp;<em>website<\/em>&nbsp;ya se le considerar\u00e1 como \u201cusuario\u201d de la misma y con ello acepta expresamente, de forma autom\u00e1tica y voluntaria, las condiciones vigentes en cada momento. En caso de que no desee aceptarlas se le recomienda no seguir haciendo uso de la&nbsp;<em>website<\/em>. Destacar que el acceso a www.mydrap.com es gratuito y no exige previa suscripci\u00f3n o registro.<\/p>\n\n\n\n<p>MY DRAP se reserva el derecho, en exclusiva y en cualquier momento, a revisar las presentes condiciones para introducir modificaciones derivadas de cambios legislativos o por decisiones corporativas, comprometi\u00e9ndose a publicar y con ello informar de las variaciones que pudieran afectar a los usuarios. Estas modificaciones se entender\u00e1n aceptadas cuando el usuario siga haciendo uso de la&nbsp;<em>website<\/em>.<\/p>\n\n\n\n<p>As\u00ed mismo, MY DRAP se reserva el derecho a modificar unilateralmente, en cualquier momento y sin previo aviso, la estructura y dise\u00f1o de la&nbsp;<em>website<\/em>, as\u00ed como los servicios o contenidos. Con estos mismos t\u00e9rminos, durante las tareas de modificaci\u00f3n, reparaci\u00f3n, actualizaci\u00f3n o mejoras se podr\u00e1 suspender el acceso a la website.<\/p>\n\n\n\n<p>Podr\u00eda ocurrir que derivado de las modificaciones en la&nbsp;<em>website<\/em>&nbsp;descritas en el p\u00e1rrafo anterior se incluyeran nuevos contenidos o servicios que adem\u00e1s de estar sujetos a estas Condiciones de Uso tambi\u00e9n lo estuvieran a Condiciones Particulares o Especiales que ampliaran o sustituyeran las presentes. En caso de que hubiera alguna discordancia entre las generales y las particulares, prevalecer\u00e1 lo estipulado en estas \u00faltimas.<\/p>\n\n\n\n<p><strong><u>Obligaciones y responsabilidades de los usuarios<\/u><\/strong><\/p>\n\n\n\n<p>Durante el uso de la presente&nbsp;<em>website<\/em>, el usuario se compromete a no contravenir la legislaci\u00f3n vigente, la buena fe, la costumbre y el orden p\u00fablico durante el uso de la presente&nbsp;<em>website<\/em>, quedando prohibido el uso con fines il\u00edcitos, enga\u00f1osos, malintencionados o lesivos para MY DRAP o terceros. Por tanto, el uso debe ser adecuado y correcto, absteni\u00e9ndose el usuario a realizar conductas da\u00f1inas a la imagen, intereses y\/o derechos de MY DRAP y\/o terceros o da\u00f1e, inutilice o sobrecargue la&nbsp;<em>website<\/em>. As\u00ed mismo, deber\u00e1 abstenerse de acceder, utilizar y\/o manipular los datos de MY DRAP.<\/p>\n\n\n\n<p>El usuario se compromete a facilitar informaci\u00f3n veraz a trav\u00e9s de las comunicaciones con MY DRAP, constituy\u00e9ndose como \u00fanico responsable de los da\u00f1os o perjuicios que pudiera causar dicha informaci\u00f3n, por ser inexacta o falsa, tanto a MY DRAP como a terceros.<\/p>\n\n\n\n<p>La USUARIA es la \u00fanica responsable de asegurarse de cumplir con los requisitos t\u00e9cnicos m\u00ednimos y de conexi\u00f3n a internet necesarios para el correcto uso de la&nbsp;<em>website<\/em>. En consecuencia, MY DRAP no asumir\u00e1 responsabilidad alguna por la inadecuaci\u00f3n de los requisitos t\u00e9cnicos de los equipos del USUARIO que impidan el correcto funcionamiento operativo.<\/p>\n\n\n\n<p>MY DRAP adopta las medidas de seguridad razonablemente adecuadas para detectar la existencia de virus, incluso en los archivos que se puedan descargar derivados del uso de la website. No obstante, se debe tener en cuenta que las medidas de seguridad de los sistemas inform\u00e1ticos no son enteramente fiables por lo MY DRAP no puede garantizar la inexistencia de virus u otros elementos que pudieran incidir en los sistemas inform\u00e1ticos, documentos y\/o ficheros del usuario. Rogamos a los usuarios que se abstengan de introducir o difundir en la red virus inform\u00e1ticos o sistemas f\u00edsicos o l\u00f3gicos que puedan provocar da\u00f1os a MY DRAP o terceros.<\/p>\n\n\n\n<p>MY DRAP se reserva el derecho a emprender las acciones legales necesarias en defensa de sus intereses o suspender temporalmente, y sin previo aviso, la accesibilidad a la&nbsp;<em>website<\/em>&nbsp;con motivo de operaciones de mantenimiento, reparaci\u00f3n, actualizaci\u00f3n o mejora.<\/p>\n\n\n\n<p>La USUARIA se compromete a utilizar la website respetando los siguientes puntos:<\/p>\n\n\n\n<p>La USUARIA se compromete a no realizar ning\u00fan intento de violaci\u00f3n de niveles de acceso, manipulaci\u00f3n incorrecta de datos, duplicaciones y exportaciones de datos o informaciones protegidas por propiedad intelectual u otros derechos legales, intentar el acceso a \u00e1reas restringidas de los sistemas inform\u00e1ticos de MY DRAP, introducci\u00f3n de programas, virus o cualquier otro dispositivo que produzca o pueda producir modificaciones en el sistema inform\u00e1tico de MY DRAP o de terceros.<\/p>\n\n\n\n<p>La USUARIA no podr\u00e1 ceder ni transmitir a un tercero el nombre de usuario y contrase\u00f1a de acceso a la intranet, quedando, en definitiva, prohibida la utilizaci\u00f3n de la WEBSITE para cualquier otro fin que no sea la exclusiva satisfacci\u00f3n de sus propias necesidades de uso, o que no sea el uso descrito en la propia WEBSITE.<\/p>\n\n\n\n<p>La USUARIA proveer\u00e1 los medios necesarios para asegurar que las contrase\u00f1as y claves de acceso a la aplicaci\u00f3n permanecer\u00e1n bajo su control y no ser\u00e1n divulgadas, copiadas, reproducidas por parte de terceras personas no autorizadas, debiendo custodiar las mismas por medios f\u00edsicos y l\u00f3gicos. Debes notificarnos de inmediato cualquier uso no autorizado o falla de seguridad de tu cuenta o nuestros Servicios.<\/p>\n\n\n\n<p>Queda absolutamente prohibido a la USUARIA, de forma enunciativa pero no limitativa, realizar ingenier\u00eda inversa, descompilar, desensamblar, reproducir, traducir, modificar, versionar, comercializar, duplicar, transformar ni transmitir a terceros, en todo o en parte la WEBSITE, as\u00ed como eliminar, manipular o alterar de cualquier modo cualquier aviso o etiqueta f\u00edsica o l\u00f3gica que incluya los derechos de propiedad de MY DRAP sobre la aplicaci\u00f3n.<\/p>\n\n\n\n<p>La utilizaci\u00f3n de la WEBSITE no implica la aceptaci\u00f3n, aprobaci\u00f3n y\/o conocimiento por parte del MY DRAP del uso indebido que se haga de la website, puesto que la LICENCIANTE s\u00f3lo proporciona a la USUARIA permisos para hacer un correcto uso de la misma, conforme al presente contrato. La USUARIA es la \u00fanica responsable del correcto uso de la WEBSITE.<\/p>\n\n\n\n<p>Asimismo, en el caso da que LA USUARIA no cumpliera las obligaciones aqu\u00ed recogidas, MY DRAP podr\u00e1 cesar la prestaci\u00f3n de servicios, mediando notificaci\u00f3n por escrito de los motivos de dicho cese, y sin perjuicio de la penalizaci\u00f3n que pudiera corresponder.<\/p>\n\n\n\n<p>Todos los derechos que no se hayan incluido expresamente en las presentes condiciones de uso, quedan reservados a MY DRAP.<\/p>\n\n\n\n<p><strong><u>Propiedad Intelectual e Industrial. Admisi\u00f3n de backlinks \/ hiperlinks<\/u><\/strong><\/p>\n\n\n\n<p><strong>Permiso para reproducir fotograf\u00edas<\/strong><\/p>\n\n\n\n<p>Los contenidos, las fotograf\u00edas, videos, los dise\u00f1os, textos, gr\u00e1ficos, logos, iconos, botones, software, nombres comerciales, marcas o cualquier otro signo que pueda ser susceptible de comercializaci\u00f3n o uso industrial mostrados en la&nbsp;<em>website&nbsp;<\/em>son propiedad de MY DRAP, o de terceros titulares que hayan autorizado debidamente su inclusi\u00f3n en la&nbsp;<em>website<\/em>&nbsp;o en cualquier red social donde MY DRAP est\u00e9 presente, salvo en aquellos casos en que exista una indicaci\u00f3n expresa en contrario, y est\u00e1n protegidos, entre otras, por las normas nacionales e internacionales de propiedad intelectual e industrial.<\/p>\n\n\n\n<p>Queda prohibida la reproducci\u00f3n de la presente&nbsp;<em>website<\/em>, as\u00ed como ninguno de sus contenidos, salvo autorizaci\u00f3n expresa y por escrito de MY DRAP. Sin perjuicio, el usuario tendr\u00e1 el derecho a crear enlaces a la p\u00e1gina de la&nbsp;<em>website<\/em>&nbsp;para el uso privado y no comercial sujeto a diferentes condiciones, reserv\u00e1ndose MY DRAP el derecho a solicitar, en cualquier momento, la eliminaci\u00f3n inmediata de cualquier enlace a la&nbsp;<em>website<\/em>. Las condiciones son:<\/p>\n\n\n\n<ul class=\"wp-block-list\"><li>Ser\u00e1 un derecho revocable y no exclusivo.<\/li><li>No podr\u00e1 dar a entender que MY DRAP recomienda dicho sitio web, servicios o productos ni falsear su relaci\u00f3n.<\/li><li>No debe incluir contenidos considerados de mal gusto, obscenos, ofensivos controvertidos, incitadores a la violencia o discriminaci\u00f3n por sexo, raza o religi\u00f3n, contrarios al orden p\u00fablico o il\u00edcito.<\/li><li>El enlace debe dirigir a la&nbsp;<em>website<\/em>, sin que se permita la reproducci\u00f3n como parte de su web o dentro de uno de sus frames o crear un browser sobre cualquiera de las p\u00e1ginas de la&nbsp;<em>website<\/em>.<\/li><\/ul>\n\n\n\n<p>MY DRAP no puede controlar la informaci\u00f3n, contenidos, productos o servicios facilitados por otros sitios web que tengan establecidos enlaces con destino a la&nbsp;<em>website<\/em>. Por este motivo, no se hace responsable de cualquier aspecto relativo a tales sitios web.<\/p>\n\n\n\n<p>MY DRAP es una marca registrada, y est\u00e1 prohibida su reproducci\u00f3n, imitaci\u00f3n, utilizaci\u00f3n o inserci\u00f3n de estas marcas sin nuestra debida autorizaci\u00f3n.<\/p>\n\n\n\n<p><strong><u>Responsabilidad de la empresa<\/u><\/strong><\/p>\n\n\n\n<p>MY DRAP no se hace responsable de las deficiencias del servicio de su proveedor de servicios, ni de las redes de comunicaci\u00f3n, ni de los problemas resultantes del mal funcionamiento o uso de versiones no optimizadas de cualquier tipo de navegador, as\u00ed como de aquellas derivadas de interrupciones prolongadas del suministro el\u00e9ctrico, l\u00edneas de telecomunicaciones, conflictos sociales, huelgas, explosiones, inundaciones, actos y omisiones del Gobierno, y en general todos los supuestos de fuerza mayor o de caso fortuito.<\/p>\n\n\n\n<p>Tanto el acceso a la&nbsp;<em>website<\/em>&nbsp;como el uso que pueda hacerse de la informaci\u00f3n contenida en la misma es de exclusiva responsabilidad de quien lo realiza. Por tanto, MY DRAP no se responsabiliza de las consecuencias que pudiera ocasionar dicho uso o acceso a la informaci\u00f3n y \u00fanicamente proceder\u00e1 a la eliminaci\u00f3n, lo antes posible, de los contenidos que pudieran generar alg\u00fan tipo de da\u00f1o o perjuicio, siempre que as\u00ed se notifique o tenga conocimiento efectivo.<\/p>\n\n\n\n<p>MY DRAP no responder\u00e1 de los posibles errores de seguridad que se puedan producir ni de los posibles da\u00f1os que se ocasionaren al sistema inform\u00e1tico del usuario, ficheros o documentos almacenados en el mismo, cuando tengan origen en un virus proveniente del ordenador del usuario, mal funcionamiento del navegador o del uso de versiones no actualizadas del mismo, de aver\u00edas telef\u00f3nicas, interferencias, omisiones o desconexiones en el funcionamiento operativo del sistema electr\u00f3nico motivados por causas ajenas a MY DRAP.<\/p>\n\n\n\n<p>MY DRAP podr\u00e1 interrumpir el acceso de forma temporal por la realizaci\u00f3n de mejoras, introducci\u00f3n de medidas de seguridad, actualizaci\u00f3n o reestructuraci\u00f3n de los recursos inform\u00e1ticos o instalaci\u00f3n de nuevas usabilidades en la&nbsp;<em>website<\/em>. Las interrupciones se notificar\u00e1n previamente siempre que fuera posible y se mantendr\u00e1n el menor tiempo posible, aprovechando, preferiblemente, el horario nocturno.<\/p>\n\n\n\n<p><strong><u>Integridad y salvaguarda de las condiciones de uso<\/u><\/strong><\/p>\n\n\n\n<p>Cada una de las estipulaciones de las presentes condiciones de uso se interpretar\u00e1n separada e independientemente de las dem\u00e1s. En el caso de que cualquiera de las cl\u00e1usulas resultare inv\u00e1lida o no ejecutable en virtud de cualquier norma jur\u00eddica o fuera declarada nula en virtud de alg\u00fan Juzgado, norma jur\u00eddica o autoridad administrativa, la nulidad s\u00f3lo afectar\u00e1 a dicha cl\u00e1usula y no a la integridad y existencia del contrato, conservando plena validez el resto de los acuerdos.<\/p>\n\n\n\n<p><strong><u>Resoluci\u00f3n de conflictos. Ley aplicable y jurisdicci\u00f3n<\/u><\/strong><\/p>\n\n\n\n<p>Las presentes Condiciones Generales de Uso se regir\u00e1n por la legislaci\u00f3n espa\u00f1ola y, en especial, a la legislaci\u00f3n en materia de protecci\u00f3n de datos de car\u00e1cter personal (Ley Org\u00e1nica de Protecci\u00f3n de Datos de Car\u00e1cter Personal y su Reglamento de desarrollo, adem\u00e1s del Reglamento General de Protecci\u00f3n de Datos 2016\/679 de la Uni\u00f3n Europea) y a la legislaci\u00f3n en materia de servicios de la sociedad de la informaci\u00f3n (Ley 34\/2002, de 11 de julio, de servicios de la sociedad de la informaci\u00f3n y de comercio electr\u00f3nico). Cualquier controversia ser\u00e1 resuelta ante los Tribunales de Barcelona.<\/p>\n\n\n\n<p>\u00daltima modificaci\u00f3n: 19 de octubre de 2018<\/p>\n","protected":false},"excerpt":{"rendered":"<p>En virtud de lo estipulado por el art\u00edculo 10 de la Ley 34\/2002, de 11 de Julio, de Servicios de la Sociedad de la Informaci\u00f3n y del Comercio Electr\u00f3nico, se &hellip;<\/p>\n","protected":false},"author":1,"featured_media":0,"parent":0,"menu_order":3,"comment_status":"closed","ping_status":"closed","template":"","meta":{"_acf_changed":false,"footnotes":""},"class_list":["post-352","page","type-page","status-publish","hentry"],"acf":[],"yoast_head":"<!-- This site is optimized with the Yoast SEO plugin v27.2 - https:\/\/yoast.com\/product\/yoast-seo-wordpress\/ -->\n<title>Aviso legal - MY DRAP<\/title>\n<meta name=\"description\" content=\"En virtud de lo estipulado por el art\u00edculo 10 de la Ley 34\/2002, de 11 de Julio, de Servicios de la Sociedad de la Informaci\u00f3n y del Comercio Electr\u00f3nico,\" \/>\n<meta name=\"robots\" content=\"index, follow, max-snippet:-1, max-image-preview:large, max-video-preview:-1\" \/>\n<link rel=\"canonical\" href=\"https:\/\/eu.mydrap.com\/es\/avis-legal\/\" \/>\n<meta property=\"og:locale\" content=\"es_ES\" \/>\n<meta property=\"og:type\" content=\"article\" \/>\n<meta property=\"og:title\" content=\"Aviso legal - MY DRAP\" \/>\n<meta property=\"og:description\" content=\"En virtud de lo estipulado por el art\u00edculo 10 de la Ley 34\/2002, de 11 de Julio, de Servicios de la Sociedad de la Informaci\u00f3n y del Comercio Electr\u00f3nico,\" \/>\n<meta property=\"og:url\" content=\"https:\/\/eu.mydrap.com\/es\/avis-legal\/\" \/>\n<meta property=\"og:site_name\" content=\"MY DRAP\" \/>\n<meta property=\"article:modified_time\" content=\"2022-10-06T10:10:51+00:00\" \/>\n<meta name=\"twitter:card\" content=\"summary_large_image\" \/>\n<meta name=\"twitter:label1\" content=\"Tiempo de lectura\" \/>\n\t<meta name=\"twitter:data1\" content=\"9 minutos\" \/>\n<script type=\"application\/ld+json\" class=\"yoast-schema-graph\">{\"@context\":\"https:\/\/schema.org\",\"@graph\":[{\"@type\":\"WebPage\",\"@id\":\"https:\/\/eu.mydrap.com\/es\/avis-legal\/\",\"url\":\"https:\/\/eu.mydrap.com\/es\/avis-legal\/\",\"name\":\"Aviso legal - MY DRAP\",\"isPartOf\":{\"@id\":\"https:\/\/eu.mydrap.com\/es\/#website\"},\"datePublished\":\"2022-08-12T10:34:35+00:00\",\"dateModified\":\"2022-10-06T10:10:51+00:00\",\"description\":\"En virtud de lo estipulado por el art\u00edculo 10 de la Ley 34\/2002, de 11 de Julio, de Servicios de la Sociedad de la Informaci\u00f3n y del Comercio Electr\u00f3nico,\",\"breadcrumb\":{\"@id\":\"https:\/\/eu.mydrap.com\/es\/avis-legal\/#breadcrumb\"},\"inLanguage\":\"es\",\"potentialAction\":[{\"@type\":\"ReadAction\",\"target\":[\"https:\/\/eu.mydrap.com\/es\/avis-legal\/\"]}]},{\"@type\":\"BreadcrumbList\",\"@id\":\"https:\/\/eu.mydrap.com\/es\/avis-legal\/#breadcrumb\",\"itemListElement\":[{\"@type\":\"ListItem\",\"position\":1,\"name\":\"Portada\",\"item\":\"https:\/\/eu.mydrap.com\/es\/\"},{\"@type\":\"ListItem\",\"position\":2,\"name\":\"Aviso legal\"}]},{\"@type\":\"WebSite\",\"@id\":\"https:\/\/eu.mydrap.com\/es\/#website\",\"url\":\"https:\/\/eu.mydrap.com\/es\/\",\"name\":\"MY DRAP\",\"description\":\"El detalle que marca la diferencia\",\"publisher\":{\"@id\":\"https:\/\/eu.mydrap.com\/es\/#organization\"},\"potentialAction\":[{\"@type\":\"SearchAction\",\"target\":{\"@type\":\"EntryPoint\",\"urlTemplate\":\"https:\/\/eu.mydrap.com\/es\/?s={search_term_string}\"},\"query-input\":{\"@type\":\"PropertyValueSpecification\",\"valueRequired\":true,\"valueName\":\"search_term_string\"}}],\"inLanguage\":\"es\"},{\"@type\":\"Organization\",\"@id\":\"https:\/\/eu.mydrap.com\/es\/#organization\",\"name\":\"MY DRAP\",\"url\":\"https:\/\/eu.mydrap.com\/es\/\",\"logo\":{\"@type\":\"ImageObject\",\"inLanguage\":\"es\",\"@id\":\"https:\/\/eu.mydrap.com\/es\/#\/schema\/logo\/image\/\",\"url\":\"https:\/\/eu.mydrap.com\/wp-content\/uploads\/logo_mydrap.png.webp\",\"contentUrl\":\"https:\/\/eu.mydrap.com\/wp-content\/uploads\/logo_mydrap.png.webp\",\"width\":182,\"height\":60,\"caption\":\"MY DRAP\"},\"image\":{\"@id\":\"https:\/\/eu.mydrap.com\/es\/#\/schema\/logo\/image\/\"}}]}<\/script>\n<!-- \/ Yoast SEO plugin. -->","yoast_head_json":{"title":"Aviso legal - MY DRAP","description":"En virtud de lo estipulado por el art\u00edculo 10 de la Ley 34\/2002, de 11 de Julio, de Servicios de la Sociedad de la Informaci\u00f3n y del Comercio Electr\u00f3nico,","robots":{"index":"index","follow":"follow","max-snippet":"max-snippet:-1","max-image-preview":"max-image-preview:large","max-video-preview":"max-video-preview:-1"},"canonical":"https:\/\/eu.mydrap.com\/es\/avis-legal\/","og_locale":"es_ES","og_type":"article","og_title":"Aviso legal - MY DRAP","og_description":"En virtud de lo estipulado por el art\u00edculo 10 de la Ley 34\/2002, de 11 de Julio, de Servicios de la Sociedad de la Informaci\u00f3n y del Comercio Electr\u00f3nico,","og_url":"https:\/\/eu.mydrap.com\/es\/avis-legal\/","og_site_name":"MY DRAP","article_modified_time":"2022-10-06T10:10:51+00:00","twitter_card":"summary_large_image","twitter_misc":{"Tiempo de lectura":"9 minutos"},"schema":{"@context":"https:\/\/schema.org","@graph":[{"@type":"WebPage","@id":"https:\/\/eu.mydrap.com\/es\/avis-legal\/","url":"https:\/\/eu.mydrap.com\/es\/avis-legal\/","name":"Aviso legal - MY DRAP","isPartOf":{"@id":"https:\/\/eu.mydrap.com\/es\/#website"},"datePublished":"2022-08-12T10:34:35+00:00","dateModified":"2022-10-06T10:10:51+00:00","description":"En virtud de lo estipulado por el art\u00edculo 10 de la Ley 34\/2002, de 11 de Julio, de Servicios de la Sociedad de la Informaci\u00f3n y del Comercio Electr\u00f3nico,","breadcrumb":{"@id":"https:\/\/eu.mydrap.com\/es\/avis-legal\/#breadcrumb"},"inLanguage":"es","potentialAction":[{"@type":"ReadAction","target":["https:\/\/eu.mydrap.com\/es\/avis-legal\/"]}]},{"@type":"BreadcrumbList","@id":"https:\/\/eu.mydrap.com\/es\/avis-legal\/#breadcrumb","itemListElement":[{"@type":"ListItem","position":1,"name":"Portada","item":"https:\/\/eu.mydrap.com\/es\/"},{"@type":"ListItem","position":2,"name":"Aviso legal"}]},{"@type":"WebSite","@id":"https:\/\/eu.mydrap.com\/es\/#website","url":"https:\/\/eu.mydrap.com\/es\/","name":"MY DRAP","description":"El detalle que marca la diferencia","publisher":{"@id":"https:\/\/eu.mydrap.com\/es\/#organization"},"potentialAction":[{"@type":"SearchAction","target":{"@type":"EntryPoint","urlTemplate":"https:\/\/eu.mydrap.com\/es\/?s={search_term_string}"},"query-input":{"@type":"PropertyValueSpecification","valueRequired":true,"valueName":"search_term_string"}}],"inLanguage":"es"},{"@type":"Organization","@id":"https:\/\/eu.mydrap.com\/es\/#organization","name":"MY DRAP","url":"https:\/\/eu.mydrap.com\/es\/","logo":{"@type":"ImageObject","inLanguage":"es","@id":"https:\/\/eu.mydrap.com\/es\/#\/schema\/logo\/image\/","url":"https:\/\/eu.mydrap.com\/wp-content\/uploads\/logo_mydrap.png.webp","contentUrl":"https:\/\/eu.mydrap.com\/wp-content\/uploads\/logo_mydrap.png.webp","width":182,"height":60,"caption":"MY DRAP"},"image":{"@id":"https:\/\/eu.mydrap.com\/es\/#\/schema\/logo\/image\/"}}]}},"_links":{"self":[{"href":"https:\/\/eu.mydrap.com\/es\/wp-json\/wp\/v2\/pages\/352","targetHints":{"allow":["GET"]}}],"collection":[{"href":"https:\/\/eu.mydrap.com\/es\/wp-json\/wp\/v2\/pages"}],"about":[{"href":"https:\/\/eu.mydrap.com\/es\/wp-json\/wp\/v2\/types\/page"}],"author":[{"embeddable":true,"href":"https:\/\/eu.mydrap.com\/es\/wp-json\/wp\/v2\/users\/1"}],"replies":[{"embeddable":true,"href":"https:\/\/eu.mydrap.com\/es\/wp-json\/wp\/v2\/comments?post=352"}],"version-history":[{"count":0,"href":"https:\/\/eu.mydrap.com\/es\/wp-json\/wp\/v2\/pages\/352\/revisions"}],"wp:attachment":[{"href":"https:\/\/eu.mydrap.com\/es\/wp-json\/wp\/v2\/media?parent=352"}],"curies":[{"name":"wp","href":"https:\/\/api.w.org\/{rel}","templated":true}]}}